{"id":207,"date":"2020-03-14T17:34:46","date_gmt":"2020-03-14T16:34:46","guid":{"rendered":"https:\/\/ilpixelmatto.it\/blog\/?page_id=207"},"modified":"2020-04-11T12:04:42","modified_gmt":"2020-04-11T10:04:42","slug":"le-novita-di-harry-potter-hogwarts-mystery","status":"publish","type":"page","link":"https:\/\/ilpixelmatto.it\/blog\/giochi-ilpixelmatto\/harry-potter-hogwarts-mystery\/le-novita-di-harry-potter-hogwarts-mystery\/","title":{"rendered":"Le novit\u00e0 di Harry Potter Hogwarts Mystery"},"content":{"rendered":"\n<p>In questa pagina troverai tutte le novit\u00e0 di Harry Potter Hogwarts Mystery! Eventi, missioni, soluzioni ai G.U.F.O. e molto altro di pi\u00f9! Cosa aspetti? Scopri subito come ottenere un Patronus! Perch\u00e9 grazie alla guida qui sotto, non solo potrai averne uno, ma potrai essere in grado di SCEGLIERE quale Patronus avere! Oppure, sei preoccupato per i tuoi esami? Non ti crucciare pi\u00f9! Trovi qui sotto la soluzione a tutte le domande dei G.U.F.O. Non sai come vincere a Quidditch? Ma non preoccuparti! Ho una soluzione anche a questo!  La&nbsp;<em>Jam City<\/em>&nbsp;studia sempre novit\u00e0 per non far annoiare gli utenti che giocano ad&nbsp;<strong>Hogwarts Myestery<\/strong>. L\u2019app ha sempre nuove evoluzioni e anche se gli utenti continuano ad apprezzare poco le&nbsp;<em>\u2018tempistiche\u2019<\/em>&nbsp;per poter ultimare le missioni o gli eventi stessi, ci sono sempre pi\u00f9 consensi legati soprattutto al fatto che il fenomeno Harry Potter \u00e8 in continua crescita. Fatta questa breve premessa,<strong>&nbsp;tenetevi forte<\/strong>. Il&nbsp;<em>\u2018nostro\u2019<\/em>&nbsp;gioco sta per rivelarci sempre nuove <strong>novit\u00e0<\/strong>&nbsp;davvero interessanti. <\/p>\n\n\n\n<figure class=\"wp-block-image\"><a href=\"https:\/\/ilpixelmatto.it\/blog\/harry-potter-hogwarts-mystery\/come-ottenere-un-patronus-su-hogwarts-mystery\/\"><img loading=\"lazy\" decoding=\"async\" width=\"700\" height=\"566\" src=\"https:\/\/ilpixelmatto.it\/blog\/wp-content\/uploads\/2020\/03\/cavalloAlato.jpg\" alt=\"cavallo alato patronus\" class=\"wp-image-188\" srcset=\"https:\/\/ilpixelmatto.it\/blog\/wp-content\/uploads\/2020\/03\/cavalloAlato.jpg 700w, https:\/\/ilpixelmatto.it\/blog\/wp-content\/uploads\/2020\/03\/cavalloAlato-300x243.png 300w, https:\/\/ilpixelmatto.it\/blog\/wp-content\/uploads\/2020\/03\/cavalloAlato-334x270.png 334w\" sizes=\"auto, (max-width: 700px) 100vw, 700px\" \/><\/a><figcaption> <a href=\"https:\/\/ilpixelmatto.it\/blog\/harry-potter-hogwarts-mystery\/come-ottenere-un-patronus-su-hogwarts-mystery\/\">Patronus<\/a>!<br> Ragazzi! E&#8217; uscito il nuovo evento del 4o anno++ per ottenere un Patronus! Ecco la guida per scegliere il vostro personale Patronus e non lasciare tutto al caso!! <\/figcaption><\/figure>\n\n\n\n<figure class=\"wp-block-image\"><a href=\"https:\/\/ilpixelmatto.it\/blog\/harry-potter-hogwarts-mystery\/soluzioni-g-u-f-o-hogwarts-mystery\/\"><img loading=\"lazy\" decoding=\"async\" width=\"1024\" height=\"576\" src=\"https:\/\/ilpixelmatto.it\/blog\/wp-content\/uploads\/2020\/03\/gufo-1024x576.jpg\" alt=\"gufo hogwarts mystery\" class=\"wp-image-135\" srcset=\"https:\/\/ilpixelmatto.it\/blog\/wp-content\/uploads\/2020\/03\/gufo-1024x576.jpg 1024w, https:\/\/ilpixelmatto.it\/blog\/wp-content\/uploads\/2020\/03\/gufo-300x169.jpg 300w, https:\/\/ilpixelmatto.it\/blog\/wp-content\/uploads\/2020\/03\/gufo-768x432.jpg 768w, https:\/\/ilpixelmatto.it\/blog\/wp-content\/uploads\/2020\/03\/gufo-480x270.jpg 480w, https:\/\/ilpixelmatto.it\/blog\/wp-content\/uploads\/2020\/03\/gufo.jpg 1280w\" sizes=\"auto, (max-width: 1024px) 100vw, 1024px\" \/><\/a><figcaption> <a href=\"https:\/\/ilpixelmatto.it\/blog\/harry-potter-hogwarts-mystery\/soluzioni-g-u-f-o-hogwarts-mystery\/\">G.U.F.O.<\/a><br> In questa pagina troverete le risposte agli esami di Hogwarts! Spargete la conoscenza!<br> <\/figcaption><\/figure>\n\n\n\n<figure class=\"wp-block-image\"><a href=\"https:\/\/ilpixelmatto.it\/blog\/harry-potter-hogwarts-mystery\/hogwarts-mystery-guida-completa-al-quidditch\/\"><img loading=\"lazy\" decoding=\"async\" width=\"800\" height=\"450\" src=\"https:\/\/ilpixelmatto.it\/blog\/wp-content\/uploads\/2020\/03\/StadioQuidditch.jpg\" alt=\"stadio quidditch\" class=\"wp-image-133\" srcset=\"https:\/\/ilpixelmatto.it\/blog\/wp-content\/uploads\/2020\/03\/StadioQuidditch.jpg 800w, https:\/\/ilpixelmatto.it\/blog\/wp-content\/uploads\/2020\/03\/StadioQuidditch-300x169.jpg 300w, https:\/\/ilpixelmatto.it\/blog\/wp-content\/uploads\/2020\/03\/StadioQuidditch-768x432.jpg 768w, https:\/\/ilpixelmatto.it\/blog\/wp-content\/uploads\/2020\/03\/StadioQuidditch-480x270.jpg 480w\" sizes=\"auto, (max-width: 800px) 100vw, 800px\" \/><\/a><figcaption> <a href=\"https:\/\/ilpixelmatto.it\/blog\/harry-potter-hogwarts-mystery\/hogwarts-mystery-guida-completa-al-quidditch\/\">Quidditch<\/a><br> Finalmente \u00e8 arrivato il Quidditch su Hogwarts Mystery! Accessibile a tutti a partire dalla fine del secondo anno! Vediamo come giocare insieme! <\/figcaption><\/figure>\n\n\n\n<p>Man mano che gli eventi aumenteranno, li troverete in queste pagine! Quindi ricordati di tornare ogni tanto per scoprire le novit\u00e0 di Hogwarts Mystery ma anche di molti altri giochi o notizie dal mondo magico e tecnologico!<\/p>\n","protected":false},"excerpt":{"rendered":"<p>In questa pagina troverai tutte le novit\u00e0 di Harry Potter Hogwarts Mystery! Eventi, missioni, soluzioni ai G.U.F.O. e molto altro&hellip; <a class=\"read-more\" href=\"https:\/\/ilpixelmatto.it\/blog\/giochi-ilpixelmatto\/harry-potter-hogwarts-mystery\/le-novita-di-harry-potter-hogwarts-mystery\/\">Continua a leggere<\/a><\/p>\n","protected":false},"author":1,"featured_media":0,"parent":131,"menu_order":0,"comment_status":"open","ping_status":"closed","template":"","meta":{"wprm-recipe-roundup-name":"","wprm-recipe-roundup-description":"","footnotes":""},"class_list":["post-207","page","type-page","status-publish","hentry"],"yoast_head":"<!-- This site is optimized with the Yoast SEO plugin v27.6 - https:\/\/yoast.com\/product\/yoast-seo-wordpress\/ -->\n<title>Le novit\u00e0 di Harry Potter Hogwarts Mystery - IlPixelMatto<\/title>\n<meta name=\"description\" content=\"Tutte le novit\u00e0 di Hogwarts Mystery! Eventi, esami, missioni secondarie! Tutto sulle novit\u00e0 di Hogwarts Mystery a portata di click!\" \/>\n<meta name=\"robots\" content=\"index, follow, max-snippet:-1, max-image-preview:large, max-video-preview:-1\" \/>\n<link rel=\"canonical\" href=\"https:\/\/ilpixelmatto.it\/blog\/giochi-ilpixelmatto\/harry-potter-hogwarts-mystery\/le-novita-di-harry-potter-hogwarts-mystery\/\" \/>\n<meta property=\"og:locale\" content=\"it_IT\" \/>\n<meta property=\"og:type\" content=\"article\" \/>\n<meta property=\"og:title\" content=\"Le novit\u00e0 di Harry Potter Hogwarts Mystery - IlPixelMatto\" \/>\n<meta property=\"og:description\" content=\"Tutte le novit\u00e0 di Hogwarts Mystery! Eventi, esami, missioni secondarie! Tutto sulle novit\u00e0 di Hogwarts Mystery a portata di click!\" \/>\n<meta property=\"og:url\" content=\"https:\/\/ilpixelmatto.it\/blog\/giochi-ilpixelmatto\/harry-potter-hogwarts-mystery\/le-novita-di-harry-potter-hogwarts-mystery\/\" \/>\n<meta property=\"og:site_name\" content=\"IlPixelMatto\" \/>\n<meta property=\"article:publisher\" content=\"https:\/\/facebook.com\/ilpixelmatto\" \/>\n<meta property=\"article:modified_time\" content=\"2020-04-11T10:04:42+00:00\" \/>\n<meta property=\"og:image\" content=\"https:\/\/ilpixelmatto.it\/blog\/wp-content\/uploads\/2020\/03\/cavalloAlato.jpg\" \/>\n<meta name=\"twitter:card\" content=\"summary_large_image\" \/>\n<meta name=\"twitter:site\" content=\"@ilpixelmatto\" \/>\n<meta name=\"twitter:label1\" content=\"Tempo di lettura stimato\" \/>\n\t<meta name=\"twitter:data1\" content=\"1 minuto\" \/>\n<script type=\"application\/ld+json\" class=\"yoast-schema-graph\">{\"@context\":\"https:\\\/\\\/schema.org\",\"@graph\":[{\"@type\":\"WebPage\",\"@id\":\"https:\\\/\\\/ilpixelmatto.it\\\/blog\\\/giochi-ilpixelmatto\\\/harry-potter-hogwarts-mystery\\\/le-novita-di-harry-potter-hogwarts-mystery\\\/\",\"url\":\"https:\\\/\\\/ilpixelmatto.it\\\/blog\\\/giochi-ilpixelmatto\\\/harry-potter-hogwarts-mystery\\\/le-novita-di-harry-potter-hogwarts-mystery\\\/\",\"name\":\"Le novit\u00e0 di Harry Potter Hogwarts Mystery - IlPixelMatto\",\"isPartOf\":{\"@id\":\"https:\\\/\\\/ilpixelmatto.it\\\/blog\\\/#website\"},\"primaryImageOfPage\":{\"@id\":\"https:\\\/\\\/ilpixelmatto.it\\\/blog\\\/giochi-ilpixelmatto\\\/harry-potter-hogwarts-mystery\\\/le-novita-di-harry-potter-hogwarts-mystery\\\/#primaryimage\"},\"image\":{\"@id\":\"https:\\\/\\\/ilpixelmatto.it\\\/blog\\\/giochi-ilpixelmatto\\\/harry-potter-hogwarts-mystery\\\/le-novita-di-harry-potter-hogwarts-mystery\\\/#primaryimage\"},\"thumbnailUrl\":\"https:\\\/\\\/ilpixelmatto.it\\\/blog\\\/wp-content\\\/uploads\\\/2020\\\/03\\\/cavalloAlato.jpg\",\"datePublished\":\"2020-03-14T16:34:46+00:00\",\"dateModified\":\"2020-04-11T10:04:42+00:00\",\"description\":\"Tutte le novit\u00e0 di Hogwarts Mystery! Eventi, esami, missioni secondarie! Tutto sulle novit\u00e0 di Hogwarts Mystery a portata di click!\",\"breadcrumb\":{\"@id\":\"https:\\\/\\\/ilpixelmatto.it\\\/blog\\\/giochi-ilpixelmatto\\\/harry-potter-hogwarts-mystery\\\/le-novita-di-harry-potter-hogwarts-mystery\\\/#breadcrumb\"},\"inLanguage\":\"it-IT\",\"potentialAction\":[{\"@type\":\"ReadAction\",\"target\":[\"https:\\\/\\\/ilpixelmatto.it\\\/blog\\\/giochi-ilpixelmatto\\\/harry-potter-hogwarts-mystery\\\/le-novita-di-harry-potter-hogwarts-mystery\\\/\"]}]},{\"@type\":\"ImageObject\",\"inLanguage\":\"it-IT\",\"@id\":\"https:\\\/\\\/ilpixelmatto.it\\\/blog\\\/giochi-ilpixelmatto\\\/harry-potter-hogwarts-mystery\\\/le-novita-di-harry-potter-hogwarts-mystery\\\/#primaryimage\",\"url\":\"https:\\\/\\\/ilpixelmatto.it\\\/blog\\\/wp-content\\\/uploads\\\/2020\\\/03\\\/cavalloAlato.jpg\",\"contentUrl\":\"https:\\\/\\\/ilpixelmatto.it\\\/blog\\\/wp-content\\\/uploads\\\/2020\\\/03\\\/cavalloAlato.jpg\",\"width\":700,\"height\":566,\"caption\":\"cavallo alato patronus\"},{\"@type\":\"BreadcrumbList\",\"@id\":\"https:\\\/\\\/ilpixelmatto.it\\\/blog\\\/giochi-ilpixelmatto\\\/harry-potter-hogwarts-mystery\\\/le-novita-di-harry-potter-hogwarts-mystery\\\/#breadcrumb\",\"itemListElement\":[{\"@type\":\"ListItem\",\"position\":1,\"name\":\"Home\",\"item\":\"https:\\\/\\\/ilpixelmatto.it\\\/blog\\\/\"},{\"@type\":\"ListItem\",\"position\":2,\"name\":\"Giochi che IlPixelMatto porta\",\"item\":\"https:\\\/\\\/ilpixelmatto.it\\\/blog\\\/giochi-ilpixelmatto\\\/\"},{\"@type\":\"ListItem\",\"position\":3,\"name\":\"Harry Potter Hogwarts Mystery il gioco\",\"item\":\"https:\\\/\\\/ilpixelmatto.it\\\/blog\\\/giochi-ilpixelmatto\\\/harry-potter-hogwarts-mystery\\\/\"},{\"@type\":\"ListItem\",\"position\":4,\"name\":\"Le novit\u00e0 di Harry Potter Hogwarts Mystery\"}]},{\"@type\":\"WebSite\",\"@id\":\"https:\\\/\\\/ilpixelmatto.it\\\/blog\\\/#website\",\"url\":\"https:\\\/\\\/ilpixelmatto.it\\\/blog\\\/\",\"name\":\"IlPixelMatto\",\"description\":\"Harry Potter Hogwarts Mystery, fantascienza e tecnologia!\",\"publisher\":{\"@id\":\"https:\\\/\\\/ilpixelmatto.it\\\/blog\\\/#organization\"},\"potentialAction\":[{\"@type\":\"SearchAction\",\"target\":{\"@type\":\"EntryPoint\",\"urlTemplate\":\"https:\\\/\\\/ilpixelmatto.it\\\/blog\\\/?s={search_term_string}\"},\"query-input\":{\"@type\":\"PropertyValueSpecification\",\"valueRequired\":true,\"valueName\":\"search_term_string\"}}],\"inLanguage\":\"it-IT\"},{\"@type\":\"Organization\",\"@id\":\"https:\\\/\\\/ilpixelmatto.it\\\/blog\\\/#organization\",\"name\":\"IlPixelMatto\",\"url\":\"https:\\\/\\\/ilpixelmatto.it\\\/blog\\\/\",\"logo\":{\"@type\":\"ImageObject\",\"inLanguage\":\"it-IT\",\"@id\":\"https:\\\/\\\/ilpixelmatto.it\\\/blog\\\/#\\\/schema\\\/logo\\\/image\\\/\",\"url\":\"https:\\\/\\\/ilpixelmatto.it\\\/blog\\\/wp-content\\\/uploads\\\/2020\\\/03\\\/final_icon_Tondo-e1584128588290.png\",\"contentUrl\":\"https:\\\/\\\/ilpixelmatto.it\\\/blog\\\/wp-content\\\/uploads\\\/2020\\\/03\\\/final_icon_Tondo-e1584128588290.png\",\"width\":250,\"height\":250,\"caption\":\"IlPixelMatto\"},\"image\":{\"@id\":\"https:\\\/\\\/ilpixelmatto.it\\\/blog\\\/#\\\/schema\\\/logo\\\/image\\\/\"},\"sameAs\":[\"https:\\\/\\\/facebook.com\\\/ilpixelmatto\",\"https:\\\/\\\/x.com\\\/ilpixelmatto\",\"https:\\\/\\\/instagram.com\\\/ilpixelmatto2.0\",\"https:\\\/\\\/www.youtube.com\\\/channel\\\/UCbpntaj_TeZpHu8d-aVr99w\\\/join\"]}]}<\/script>\n<!-- \/ Yoast SEO plugin. -->","yoast_head_json":{"title":"Le novit\u00e0 di Harry Potter Hogwarts Mystery - IlPixelMatto","description":"Tutte le novit\u00e0 di Hogwarts Mystery! Eventi, esami, missioni secondarie! Tutto sulle novit\u00e0 di Hogwarts Mystery a portata di click!","robots":{"index":"index","follow":"follow","max-snippet":"max-snippet:-1","max-image-preview":"max-image-preview:large","max-video-preview":"max-video-preview:-1"},"canonical":"https:\/\/ilpixelmatto.it\/blog\/giochi-ilpixelmatto\/harry-potter-hogwarts-mystery\/le-novita-di-harry-potter-hogwarts-mystery\/","og_locale":"it_IT","og_type":"article","og_title":"Le novit\u00e0 di Harry Potter Hogwarts Mystery - IlPixelMatto","og_description":"Tutte le novit\u00e0 di Hogwarts Mystery! Eventi, esami, missioni secondarie! Tutto sulle novit\u00e0 di Hogwarts Mystery a portata di click!","og_url":"https:\/\/ilpixelmatto.it\/blog\/giochi-ilpixelmatto\/harry-potter-hogwarts-mystery\/le-novita-di-harry-potter-hogwarts-mystery\/","og_site_name":"IlPixelMatto","article_publisher":"https:\/\/facebook.com\/ilpixelmatto","article_modified_time":"2020-04-11T10:04:42+00:00","og_image":[{"url":"https:\/\/ilpixelmatto.it\/blog\/wp-content\/uploads\/2020\/03\/cavalloAlato.jpg","type":"","width":"","height":""}],"twitter_card":"summary_large_image","twitter_site":"@ilpixelmatto","twitter_misc":{"Tempo di lettura stimato":"1 minuto"},"schema":{"@context":"https:\/\/schema.org","@graph":[{"@type":"WebPage","@id":"https:\/\/ilpixelmatto.it\/blog\/giochi-ilpixelmatto\/harry-potter-hogwarts-mystery\/le-novita-di-harry-potter-hogwarts-mystery\/","url":"https:\/\/ilpixelmatto.it\/blog\/giochi-ilpixelmatto\/harry-potter-hogwarts-mystery\/le-novita-di-harry-potter-hogwarts-mystery\/","name":"Le novit\u00e0 di Harry Potter Hogwarts Mystery - IlPixelMatto","isPartOf":{"@id":"https:\/\/ilpixelmatto.it\/blog\/#website"},"primaryImageOfPage":{"@id":"https:\/\/ilpixelmatto.it\/blog\/giochi-ilpixelmatto\/harry-potter-hogwarts-mystery\/le-novita-di-harry-potter-hogwarts-mystery\/#primaryimage"},"image":{"@id":"https:\/\/ilpixelmatto.it\/blog\/giochi-ilpixelmatto\/harry-potter-hogwarts-mystery\/le-novita-di-harry-potter-hogwarts-mystery\/#primaryimage"},"thumbnailUrl":"https:\/\/ilpixelmatto.it\/blog\/wp-content\/uploads\/2020\/03\/cavalloAlato.jpg","datePublished":"2020-03-14T16:34:46+00:00","dateModified":"2020-04-11T10:04:42+00:00","description":"Tutte le novit\u00e0 di Hogwarts Mystery! Eventi, esami, missioni secondarie! Tutto sulle novit\u00e0 di Hogwarts Mystery a portata di click!","breadcrumb":{"@id":"https:\/\/ilpixelmatto.it\/blog\/giochi-ilpixelmatto\/harry-potter-hogwarts-mystery\/le-novita-di-harry-potter-hogwarts-mystery\/#breadcrumb"},"inLanguage":"it-IT","potentialAction":[{"@type":"ReadAction","target":["https:\/\/ilpixelmatto.it\/blog\/giochi-ilpixelmatto\/harry-potter-hogwarts-mystery\/le-novita-di-harry-potter-hogwarts-mystery\/"]}]},{"@type":"ImageObject","inLanguage":"it-IT","@id":"https:\/\/ilpixelmatto.it\/blog\/giochi-ilpixelmatto\/harry-potter-hogwarts-mystery\/le-novita-di-harry-potter-hogwarts-mystery\/#primaryimage","url":"https:\/\/ilpixelmatto.it\/blog\/wp-content\/uploads\/2020\/03\/cavalloAlato.jpg","contentUrl":"https:\/\/ilpixelmatto.it\/blog\/wp-content\/uploads\/2020\/03\/cavalloAlato.jpg","width":700,"height":566,"caption":"cavallo alato patronus"},{"@type":"BreadcrumbList","@id":"https:\/\/ilpixelmatto.it\/blog\/giochi-ilpixelmatto\/harry-potter-hogwarts-mystery\/le-novita-di-harry-potter-hogwarts-mystery\/#breadcrumb","itemListElement":[{"@type":"ListItem","position":1,"name":"Home","item":"https:\/\/ilpixelmatto.it\/blog\/"},{"@type":"ListItem","position":2,"name":"Giochi che IlPixelMatto porta","item":"https:\/\/ilpixelmatto.it\/blog\/giochi-ilpixelmatto\/"},{"@type":"ListItem","position":3,"name":"Harry Potter Hogwarts Mystery il gioco","item":"https:\/\/ilpixelmatto.it\/blog\/giochi-ilpixelmatto\/harry-potter-hogwarts-mystery\/"},{"@type":"ListItem","position":4,"name":"Le novit\u00e0 di Harry Potter Hogwarts Mystery"}]},{"@type":"WebSite","@id":"https:\/\/ilpixelmatto.it\/blog\/#website","url":"https:\/\/ilpixelmatto.it\/blog\/","name":"IlPixelMatto","description":"Harry Potter Hogwarts Mystery, fantascienza e tecnologia!","publisher":{"@id":"https:\/\/ilpixelmatto.it\/blog\/#organization"},"potentialAction":[{"@type":"SearchAction","target":{"@type":"EntryPoint","urlTemplate":"https:\/\/ilpixelmatto.it\/blog\/?s={search_term_string}"},"query-input":{"@type":"PropertyValueSpecification","valueRequired":true,"valueName":"search_term_string"}}],"inLanguage":"it-IT"},{"@type":"Organization","@id":"https:\/\/ilpixelmatto.it\/blog\/#organization","name":"IlPixelMatto","url":"https:\/\/ilpixelmatto.it\/blog\/","logo":{"@type":"ImageObject","inLanguage":"it-IT","@id":"https:\/\/ilpixelmatto.it\/blog\/#\/schema\/logo\/image\/","url":"https:\/\/ilpixelmatto.it\/blog\/wp-content\/uploads\/2020\/03\/final_icon_Tondo-e1584128588290.png","contentUrl":"https:\/\/ilpixelmatto.it\/blog\/wp-content\/uploads\/2020\/03\/final_icon_Tondo-e1584128588290.png","width":250,"height":250,"caption":"IlPixelMatto"},"image":{"@id":"https:\/\/ilpixelmatto.it\/blog\/#\/schema\/logo\/image\/"},"sameAs":["https:\/\/facebook.com\/ilpixelmatto","https:\/\/x.com\/ilpixelmatto","https:\/\/instagram.com\/ilpixelmatto2.0","https:\/\/www.youtube.com\/channel\/UCbpntaj_TeZpHu8d-aVr99w\/join"]}]}},"_links":{"self":[{"href":"https:\/\/ilpixelmatto.it\/blog\/wp-json\/wp\/v2\/pages\/207","targetHints":{"allow":["GET"]}}],"collection":[{"href":"https:\/\/ilpixelmatto.it\/blog\/wp-json\/wp\/v2\/pages"}],"about":[{"href":"https:\/\/ilpixelmatto.it\/blog\/wp-json\/wp\/v2\/types\/page"}],"author":[{"embeddable":true,"href":"https:\/\/ilpixelmatto.it\/blog\/wp-json\/wp\/v2\/users\/1"}],"replies":[{"embeddable":true,"href":"https:\/\/ilpixelmatto.it\/blog\/wp-json\/wp\/v2\/comments?post=207"}],"version-history":[{"count":4,"href":"https:\/\/ilpixelmatto.it\/blog\/wp-json\/wp\/v2\/pages\/207\/revisions"}],"predecessor-version":[{"id":483,"href":"https:\/\/ilpixelmatto.it\/blog\/wp-json\/wp\/v2\/pages\/207\/revisions\/483"}],"up":[{"embeddable":true,"href":"https:\/\/ilpixelmatto.it\/blog\/wp-json\/wp\/v2\/pages\/131"}],"wp:attachment":[{"href":"https:\/\/ilpixelmatto.it\/blog\/wp-json\/wp\/v2\/media?parent=207"}],"curies":[{"name":"wp","href":"https:\/\/api.w.org\/{rel}","templated":true}]}}