{"id":268,"date":"2020-03-14T23:49:50","date_gmt":"2020-03-14T22:49:50","guid":{"rendered":"https:\/\/ilpixelmatto.it\/blog\/?page_id=268"},"modified":"2020-04-09T23:49:27","modified_gmt":"2020-04-09T22:49:27","slug":"broomstick-league","status":"publish","type":"page","link":"https:\/\/ilpixelmatto.it\/blog\/giochi-ilpixelmatto\/broomstick-league\/","title":{"rendered":"Broomstick League non pi\u00f9 disponibile &#8211; AGGIORNAMENTO"},"content":{"rendered":"\n<h2 class=\"wp-block-heading\" id=\"lhp\">Di cosa stiamo parlando?<\/h2>\n\n\n\n<p>BroomStick League \u00e8 un nuovo gioco di cui potete trovare il sito ufficiale\u00a0<s>QUI<\/s>, con cui <s>\u00e8 possibile giocare niente pop\u00f2 di meno che a Quidditch<\/s>! Esatto, con Broomstick League si pu\u00f2 entrare nel magico mondo di Harry Potter ed immergersi all&#8217;interno di una squadra di Quidditch! Le regole sono un po&#8217; diverse, un po&#8217; pi\u00f9 semplificato per via del gameplay, ma l&#8217;esperienza \u00e8 molto realistica! Per esempio, si deve fare Goal con la pluffa in un unico anello, non ci sono bolidi o boccini d&#8217;oro (per ora, chiss\u00e0 se pi\u00f9 avanti le cose cambieranno), ma garantisco che il gameplay \u00e8 veramente ben fatto!<br>Vi lascio qui sotto alcune foto (tutti i diritti vanno al sito di BroomStickLeague) con cui potete farvi un&#8217;idea del gioco che <s>potete comunque trovarlo su steam a\u00a0<a rel=\"noreferrer noopener\" href=\"https:\/\/store.steampowered.com\/app\/972780\/\" target=\"_blank\">questo indirizzo<\/a>.<\/s><br>Infine ecco qui un mio gameplay di Broomstick League!<\/p>\n\n\n\n<figure class=\"wp-block-embed-youtube wp-block-embed is-type-video is-provider-youtube wp-embed-aspect-16-9 wp-has-aspect-ratio\"><div class=\"wp-block-embed__wrapper\">\n<iframe loading=\"lazy\" title=\"\u00c8 arrivato il Quidditch! - Broomstick League! [VINCI UNA KEY!]\" width=\"1140\" height=\"641\" src=\"https:\/\/www.youtube.com\/embed\/p6HxEegLyio?feature=oembed\" frameborder=\"0\" allow=\"accelerometer; autoplay; clipboard-write; encrypted-media; gyroscope; picture-in-picture\" allowfullscreen><\/iframe>\n<\/div><\/figure>\n\n\n\n<p>Ma adesso passiamo alla parte succolenta! Vediamo le caratteristiche di questo gioco per PC che<s> \u00e8 disponibile su steam<\/s>! Cos\u00ec da poter giocare tutti insieme a Quidditch non appena sar\u00e0 disponibile a tutti e terminer\u00e0 la fase di beta testing!<\/p>\n\n\n\n<h2 class=\"wp-block-heading\">Caratteristiche di Broomstick League<\/h2>\n\n\n\n<figure class=\"wp-block-image size-large\"><img loading=\"lazy\" decoding=\"async\" width=\"1024\" height=\"576\" src=\"https:\/\/ilpixelmatto.it\/blog\/wp-content\/uploads\/2020\/03\/broomstick-1024x576.png\" alt=\"Broomstic League\" class=\"wp-image-258\" srcset=\"https:\/\/ilpixelmatto.it\/blog\/wp-content\/uploads\/2020\/03\/broomstick-1024x576.png 1024w, https:\/\/ilpixelmatto.it\/blog\/wp-content\/uploads\/2020\/03\/broomstick-300x169.png 300w, https:\/\/ilpixelmatto.it\/blog\/wp-content\/uploads\/2020\/03\/broomstick-768x432.png 768w, https:\/\/ilpixelmatto.it\/blog\/wp-content\/uploads\/2020\/03\/broomstick-1536x864.png 1536w, https:\/\/ilpixelmatto.it\/blog\/wp-content\/uploads\/2020\/03\/broomstick-480x270.png 480w, https:\/\/ilpixelmatto.it\/blog\/wp-content\/uploads\/2020\/03\/broomstick.jpg 1920w\" sizes=\"auto, (max-width: 1024px) 100vw, 1024px\" \/><figcaption> Vinci la partita!!<br>Prendi la pluffa e buttala nella porta avversaria senza perder tempo! <br><\/figcaption><\/figure>\n\n\n\n<figure class=\"wp-block-image size-large\"><img loading=\"lazy\" decoding=\"async\" width=\"1024\" height=\"576\" src=\"https:\/\/ilpixelmatto.it\/blog\/wp-content\/uploads\/2020\/03\/arena-1024x576.jpg\" alt=\"Broomstic arena giacchiata\" class=\"wp-image-269\" srcset=\"https:\/\/ilpixelmatto.it\/blog\/wp-content\/uploads\/2020\/03\/arena-1024x576.jpg 1024w, https:\/\/ilpixelmatto.it\/blog\/wp-content\/uploads\/2020\/03\/arena-300x169.jpg 300w, https:\/\/ilpixelmatto.it\/blog\/wp-content\/uploads\/2020\/03\/arena-768x432.jpg 768w, https:\/\/ilpixelmatto.it\/blog\/wp-content\/uploads\/2020\/03\/arena-1536x864.jpg 1536w, https:\/\/ilpixelmatto.it\/blog\/wp-content\/uploads\/2020\/03\/arena-scaled.jpg 2048w, https:\/\/ilpixelmatto.it\/blog\/wp-content\/uploads\/2020\/03\/arena-480x270.jpg 480w\" sizes=\"auto, (max-width: 1024px) 100vw, 1024px\" \/><figcaption> Gioca in diverse arene!<br>Scegli tra diversi campi di gioco, in continuo aggiornamento, dopve poter sfidare la tua bravura nel Quidditch! <\/figcaption><\/figure>\n\n\n\n<figure class=\"wp-block-image size-large\"><img loading=\"lazy\" decoding=\"async\" width=\"1024\" height=\"576\" src=\"https:\/\/ilpixelmatto.it\/blog\/wp-content\/uploads\/2020\/03\/giocatoriBroomstick-1024x576.png\" alt=\"Broomstic gioco quidditch\" class=\"wp-image-270\" srcset=\"https:\/\/ilpixelmatto.it\/blog\/wp-content\/uploads\/2020\/03\/giocatoriBroomstick-1024x576.png 1024w, https:\/\/ilpixelmatto.it\/blog\/wp-content\/uploads\/2020\/03\/giocatoriBroomstick-300x169.png 300w, https:\/\/ilpixelmatto.it\/blog\/wp-content\/uploads\/2020\/03\/giocatoriBroomstick-768x432.png 768w, https:\/\/ilpixelmatto.it\/blog\/wp-content\/uploads\/2020\/03\/giocatoriBroomstick-1536x864.png 1536w, https:\/\/ilpixelmatto.it\/blog\/wp-content\/uploads\/2020\/03\/giocatoriBroomstick.png 2048w, https:\/\/ilpixelmatto.it\/blog\/wp-content\/uploads\/2020\/03\/giocatoriBroomstick-480x270.png 480w\" sizes=\"auto, (max-width: 1024px) 100vw, 1024px\" \/><figcaption> Gioca con gli amici<br>Su questo gioco puoi giocare sia contro altri giocatori online da tutto il mondo, ma anche contro giocatori controllati dal computer! Ma attento, anche questi bot sono veramente molto bravi! Non sar\u00e0 facile! <\/figcaption><\/figure>\n\n\n\n<figure class=\"wp-block-image size-large\"><img loading=\"lazy\" decoding=\"async\" width=\"1024\" height=\"576\" src=\"https:\/\/ilpixelmatto.it\/blog\/wp-content\/uploads\/2020\/03\/giocoBroomstick-1024x576.png\" alt=\"Broomstic League arena \" class=\"wp-image-271\" srcset=\"https:\/\/ilpixelmatto.it\/blog\/wp-content\/uploads\/2020\/03\/giocoBroomstick-1024x576.png 1024w, https:\/\/ilpixelmatto.it\/blog\/wp-content\/uploads\/2020\/03\/giocoBroomstick-300x169.png 300w, https:\/\/ilpixelmatto.it\/blog\/wp-content\/uploads\/2020\/03\/giocoBroomstick-768x432.png 768w, https:\/\/ilpixelmatto.it\/blog\/wp-content\/uploads\/2020\/03\/giocoBroomstick-1536x864.png 1536w, https:\/\/ilpixelmatto.it\/blog\/wp-content\/uploads\/2020\/03\/giocoBroomstick.png 2048w, https:\/\/ilpixelmatto.it\/blog\/wp-content\/uploads\/2020\/03\/giocoBroomstick-480x270.png 480w\" sizes=\"auto, (max-width: 1024px) 100vw, 1024px\" \/><figcaption>  Fai goal nella porta avversaria<br>Lo scopo di Broomstick League? Ovviamente fare Goal nella porta avversaria! Non perdere tempo, parti subito all&#8217;inseguimento della pluffa e non fartela sfuggire!  <\/figcaption><\/figure>\n\n\n\n<h2 class=\"wp-block-heading\">Il gioco \u00e8 stato ritirato<\/h2>\n\n\n\n<blockquote class=\"wp-block-quote is-layout-flow wp-block-quote-is-layout-flow\"><p>Yeah unfortunately it is getting taken down and will no longer be available to play. Everyone will be getting refunds if they purchased it though. As for now I don&#8217;t know if it will be available again in the future but I do think it won&#8217;t be.<\/p><cite>Chad Reilly &#8211; Influencer and Public Relations Coordinator<\/cite><\/blockquote>\n\n\n\n<p>&#8220;S\u00ec, sfortunatamente il gioco verr\u00e0 rimosso e non sar\u00e0 pi\u00f9 disponibile. Tutti coloro che lo hanno acquistato per\u00f2 riceveranno rimborsi. Per ora non so se sar\u00e0 di nuovo disponibile in futuro, ma penso che non lo sar\u00e0.&#8221;<\/p>\n\n\n\n<figure class=\"wp-block-image size-large\"><img decoding=\"async\" src=\"https:\/\/ilpixelmatto.it\/blog\/wp-content\/uploads\/2020\/04\/broomestick-league-steam-991x1024.jpg\" alt=\"Broomstick league steam\" class=\"wp-image-836\"\/><figcaption>La pagina Steam di Broomstick League, dove notiamo in basso che il gioco non \u00e8 pi\u00f9 disponibile.<\/figcaption><\/figure>\n\n\n\n<p>Ebbene si, purtroppo il gioco non \u00e8 pi\u00f9 disponibile! Sar\u00e0 colpa del copyright? Del fatto che \u00e8 troppo simile al Quidditch di Harry Potter? Non lo sapremo mai, per\u00f2 \u00e8 un grosso peccato! Amavo questo gioco e non vedevo l&#8217;ora che arrivasse stabilmente! <\/p>\n","protected":false},"excerpt":{"rendered":"<p>Di cosa stiamo parlando? BroomStick League \u00e8 un nuovo gioco di cui potete trovare il sito ufficiale\u00a0QUI, con cui \u00e8&hellip; <a class=\"read-more\" href=\"https:\/\/ilpixelmatto.it\/blog\/giochi-ilpixelmatto\/broomstick-league\/\">Continua a leggere<\/a><\/p>\n","protected":false},"author":1,"featured_media":273,"parent":257,"menu_order":0,"comment_status":"closed","ping_status":"closed","template":"","meta":{"wprm-recipe-roundup-name":"","wprm-recipe-roundup-description":"","footnotes":""},"class_list":["post-268","page","type-page","status-publish","has-post-thumbnail","hentry"],"yoast_head":"<!-- This site is optimized with the Yoast SEO plugin v27.6 - https:\/\/yoast.com\/product\/yoast-seo-wordpress\/ -->\n<title>Broomstick League non pi\u00f9 disponibile - AGGIORNAMENTO - IlPixelMatto<\/title>\n<meta name=\"description\" content=\"Broomstick League! Sfida i tuoi amici a Quidditch! Potrai giocare da solo o in compagnia a Quidditch! Non \u00e8 fantastico? Scarica Broomstik league adesso!\" \/>\n<meta name=\"robots\" content=\"index, follow, max-snippet:-1, max-image-preview:large, max-video-preview:-1\" \/>\n<link rel=\"canonical\" href=\"https:\/\/ilpixelmatto.it\/blog\/giochi-ilpixelmatto\/broomstick-league\/\" \/>\n<meta property=\"og:locale\" content=\"it_IT\" \/>\n<meta property=\"og:type\" content=\"article\" \/>\n<meta property=\"og:title\" content=\"Broomstick League non pi\u00f9 disponibile - AGGIORNAMENTO - IlPixelMatto\" \/>\n<meta property=\"og:description\" content=\"Broomstick League! Sfida i tuoi amici a Quidditch! Potrai giocare da solo o in compagnia a Quidditch! Non \u00e8 fantastico? Scarica Broomstik league adesso!\" \/>\n<meta property=\"og:url\" content=\"https:\/\/ilpixelmatto.it\/blog\/giochi-ilpixelmatto\/broomstick-league\/\" \/>\n<meta property=\"og:site_name\" content=\"IlPixelMatto\" \/>\n<meta property=\"article:publisher\" content=\"https:\/\/facebook.com\/ilpixelmatto\" \/>\n<meta property=\"article:modified_time\" content=\"2020-04-09T22:49:27+00:00\" \/>\n<meta property=\"og:image\" content=\"https:\/\/ilpixelmatto.it\/blog\/wp-content\/uploads\/2020\/03\/goal-1024x576.png\" \/>\n\t<meta property=\"og:image:width\" content=\"1024\" \/>\n\t<meta property=\"og:image:height\" content=\"576\" \/>\n\t<meta property=\"og:image:type\" content=\"image\/png\" \/>\n<meta name=\"twitter:card\" content=\"summary_large_image\" \/>\n<meta name=\"twitter:site\" content=\"@ilpixelmatto\" \/>\n<meta name=\"twitter:label1\" content=\"Tempo di lettura stimato\" \/>\n\t<meta name=\"twitter:data1\" content=\"2 minuti\" \/>\n<script type=\"application\/ld+json\" class=\"yoast-schema-graph\">{\"@context\":\"https:\\\/\\\/schema.org\",\"@graph\":[{\"@type\":\"WebPage\",\"@id\":\"https:\\\/\\\/ilpixelmatto.it\\\/blog\\\/giochi-ilpixelmatto\\\/broomstick-league\\\/\",\"url\":\"https:\\\/\\\/ilpixelmatto.it\\\/blog\\\/giochi-ilpixelmatto\\\/broomstick-league\\\/\",\"name\":\"Broomstick League non pi\u00f9 disponibile - AGGIORNAMENTO - IlPixelMatto\",\"isPartOf\":{\"@id\":\"https:\\\/\\\/ilpixelmatto.it\\\/blog\\\/#website\"},\"primaryImageOfPage\":{\"@id\":\"https:\\\/\\\/ilpixelmatto.it\\\/blog\\\/giochi-ilpixelmatto\\\/broomstick-league\\\/#primaryimage\"},\"image\":{\"@id\":\"https:\\\/\\\/ilpixelmatto.it\\\/blog\\\/giochi-ilpixelmatto\\\/broomstick-league\\\/#primaryimage\"},\"thumbnailUrl\":\"https:\\\/\\\/ilpixelmatto.it\\\/blog\\\/wp-content\\\/uploads\\\/2020\\\/03\\\/goal.png\",\"datePublished\":\"2020-03-14T22:49:50+00:00\",\"dateModified\":\"2020-04-09T22:49:27+00:00\",\"description\":\"Broomstick League! Sfida i tuoi amici a Quidditch! Potrai giocare da solo o in compagnia a Quidditch! Non \u00e8 fantastico? Scarica Broomstik league adesso!\",\"breadcrumb\":{\"@id\":\"https:\\\/\\\/ilpixelmatto.it\\\/blog\\\/giochi-ilpixelmatto\\\/broomstick-league\\\/#breadcrumb\"},\"inLanguage\":\"it-IT\",\"potentialAction\":[{\"@type\":\"ReadAction\",\"target\":[\"https:\\\/\\\/ilpixelmatto.it\\\/blog\\\/giochi-ilpixelmatto\\\/broomstick-league\\\/\"]}]},{\"@type\":\"ImageObject\",\"inLanguage\":\"it-IT\",\"@id\":\"https:\\\/\\\/ilpixelmatto.it\\\/blog\\\/giochi-ilpixelmatto\\\/broomstick-league\\\/#primaryimage\",\"url\":\"https:\\\/\\\/ilpixelmatto.it\\\/blog\\\/wp-content\\\/uploads\\\/2020\\\/03\\\/goal.png\",\"contentUrl\":\"https:\\\/\\\/ilpixelmatto.it\\\/blog\\\/wp-content\\\/uploads\\\/2020\\\/03\\\/goal.png\",\"width\":2048,\"height\":1152,\"caption\":\"Broomstic League goal\"},{\"@type\":\"BreadcrumbList\",\"@id\":\"https:\\\/\\\/ilpixelmatto.it\\\/blog\\\/giochi-ilpixelmatto\\\/broomstick-league\\\/#breadcrumb\",\"itemListElement\":[{\"@type\":\"ListItem\",\"position\":1,\"name\":\"Home\",\"item\":\"https:\\\/\\\/ilpixelmatto.it\\\/blog\\\/\"},{\"@type\":\"ListItem\",\"position\":2,\"name\":\"Giochi che IlPixelMatto porta\",\"item\":\"https:\\\/\\\/ilpixelmatto.it\\\/blog\\\/giochi-ilpixelmatto\\\/\"},{\"@type\":\"ListItem\",\"position\":3,\"name\":\"Broomstick League non pi\u00f9 disponibile &#8211; AGGIORNAMENTO\"}]},{\"@type\":\"WebSite\",\"@id\":\"https:\\\/\\\/ilpixelmatto.it\\\/blog\\\/#website\",\"url\":\"https:\\\/\\\/ilpixelmatto.it\\\/blog\\\/\",\"name\":\"IlPixelMatto\",\"description\":\"Harry Potter Hogwarts Mystery, fantascienza e tecnologia!\",\"publisher\":{\"@id\":\"https:\\\/\\\/ilpixelmatto.it\\\/blog\\\/#organization\"},\"potentialAction\":[{\"@type\":\"SearchAction\",\"target\":{\"@type\":\"EntryPoint\",\"urlTemplate\":\"https:\\\/\\\/ilpixelmatto.it\\\/blog\\\/?s={search_term_string}\"},\"query-input\":{\"@type\":\"PropertyValueSpecification\",\"valueRequired\":true,\"valueName\":\"search_term_string\"}}],\"inLanguage\":\"it-IT\"},{\"@type\":\"Organization\",\"@id\":\"https:\\\/\\\/ilpixelmatto.it\\\/blog\\\/#organization\",\"name\":\"IlPixelMatto\",\"url\":\"https:\\\/\\\/ilpixelmatto.it\\\/blog\\\/\",\"logo\":{\"@type\":\"ImageObject\",\"inLanguage\":\"it-IT\",\"@id\":\"https:\\\/\\\/ilpixelmatto.it\\\/blog\\\/#\\\/schema\\\/logo\\\/image\\\/\",\"url\":\"https:\\\/\\\/ilpixelmatto.it\\\/blog\\\/wp-content\\\/uploads\\\/2020\\\/03\\\/final_icon_Tondo-e1584128588290.png\",\"contentUrl\":\"https:\\\/\\\/ilpixelmatto.it\\\/blog\\\/wp-content\\\/uploads\\\/2020\\\/03\\\/final_icon_Tondo-e1584128588290.png\",\"width\":250,\"height\":250,\"caption\":\"IlPixelMatto\"},\"image\":{\"@id\":\"https:\\\/\\\/ilpixelmatto.it\\\/blog\\\/#\\\/schema\\\/logo\\\/image\\\/\"},\"sameAs\":[\"https:\\\/\\\/facebook.com\\\/ilpixelmatto\",\"https:\\\/\\\/x.com\\\/ilpixelmatto\",\"https:\\\/\\\/instagram.com\\\/ilpixelmatto2.0\",\"https:\\\/\\\/www.youtube.com\\\/channel\\\/UCbpntaj_TeZpHu8d-aVr99w\\\/join\"]}]}<\/script>\n<!-- \/ Yoast SEO plugin. -->","yoast_head_json":{"title":"Broomstick League non pi\u00f9 disponibile - AGGIORNAMENTO - IlPixelMatto","description":"Broomstick League! Sfida i tuoi amici a Quidditch! Potrai giocare da solo o in compagnia a Quidditch! Non \u00e8 fantastico? Scarica Broomstik league adesso!","robots":{"index":"index","follow":"follow","max-snippet":"max-snippet:-1","max-image-preview":"max-image-preview:large","max-video-preview":"max-video-preview:-1"},"canonical":"https:\/\/ilpixelmatto.it\/blog\/giochi-ilpixelmatto\/broomstick-league\/","og_locale":"it_IT","og_type":"article","og_title":"Broomstick League non pi\u00f9 disponibile - AGGIORNAMENTO - IlPixelMatto","og_description":"Broomstick League! Sfida i tuoi amici a Quidditch! Potrai giocare da solo o in compagnia a Quidditch! Non \u00e8 fantastico? Scarica Broomstik league adesso!","og_url":"https:\/\/ilpixelmatto.it\/blog\/giochi-ilpixelmatto\/broomstick-league\/","og_site_name":"IlPixelMatto","article_publisher":"https:\/\/facebook.com\/ilpixelmatto","article_modified_time":"2020-04-09T22:49:27+00:00","og_image":[{"width":1024,"height":576,"url":"https:\/\/ilpixelmatto.it\/blog\/wp-content\/uploads\/2020\/03\/goal-1024x576.png","type":"image\/png"}],"twitter_card":"summary_large_image","twitter_site":"@ilpixelmatto","twitter_misc":{"Tempo di lettura stimato":"2 minuti"},"schema":{"@context":"https:\/\/schema.org","@graph":[{"@type":"WebPage","@id":"https:\/\/ilpixelmatto.it\/blog\/giochi-ilpixelmatto\/broomstick-league\/","url":"https:\/\/ilpixelmatto.it\/blog\/giochi-ilpixelmatto\/broomstick-league\/","name":"Broomstick League non pi\u00f9 disponibile - AGGIORNAMENTO - IlPixelMatto","isPartOf":{"@id":"https:\/\/ilpixelmatto.it\/blog\/#website"},"primaryImageOfPage":{"@id":"https:\/\/ilpixelmatto.it\/blog\/giochi-ilpixelmatto\/broomstick-league\/#primaryimage"},"image":{"@id":"https:\/\/ilpixelmatto.it\/blog\/giochi-ilpixelmatto\/broomstick-league\/#primaryimage"},"thumbnailUrl":"https:\/\/ilpixelmatto.it\/blog\/wp-content\/uploads\/2020\/03\/goal.png","datePublished":"2020-03-14T22:49:50+00:00","dateModified":"2020-04-09T22:49:27+00:00","description":"Broomstick League! Sfida i tuoi amici a Quidditch! Potrai giocare da solo o in compagnia a Quidditch! Non \u00e8 fantastico? Scarica Broomstik league adesso!","breadcrumb":{"@id":"https:\/\/ilpixelmatto.it\/blog\/giochi-ilpixelmatto\/broomstick-league\/#breadcrumb"},"inLanguage":"it-IT","potentialAction":[{"@type":"ReadAction","target":["https:\/\/ilpixelmatto.it\/blog\/giochi-ilpixelmatto\/broomstick-league\/"]}]},{"@type":"ImageObject","inLanguage":"it-IT","@id":"https:\/\/ilpixelmatto.it\/blog\/giochi-ilpixelmatto\/broomstick-league\/#primaryimage","url":"https:\/\/ilpixelmatto.it\/blog\/wp-content\/uploads\/2020\/03\/goal.png","contentUrl":"https:\/\/ilpixelmatto.it\/blog\/wp-content\/uploads\/2020\/03\/goal.png","width":2048,"height":1152,"caption":"Broomstic League goal"},{"@type":"BreadcrumbList","@id":"https:\/\/ilpixelmatto.it\/blog\/giochi-ilpixelmatto\/broomstick-league\/#breadcrumb","itemListElement":[{"@type":"ListItem","position":1,"name":"Home","item":"https:\/\/ilpixelmatto.it\/blog\/"},{"@type":"ListItem","position":2,"name":"Giochi che IlPixelMatto porta","item":"https:\/\/ilpixelmatto.it\/blog\/giochi-ilpixelmatto\/"},{"@type":"ListItem","position":3,"name":"Broomstick League non pi\u00f9 disponibile &#8211; AGGIORNAMENTO"}]},{"@type":"WebSite","@id":"https:\/\/ilpixelmatto.it\/blog\/#website","url":"https:\/\/ilpixelmatto.it\/blog\/","name":"IlPixelMatto","description":"Harry Potter Hogwarts Mystery, fantascienza e tecnologia!","publisher":{"@id":"https:\/\/ilpixelmatto.it\/blog\/#organization"},"potentialAction":[{"@type":"SearchAction","target":{"@type":"EntryPoint","urlTemplate":"https:\/\/ilpixelmatto.it\/blog\/?s={search_term_string}"},"query-input":{"@type":"PropertyValueSpecification","valueRequired":true,"valueName":"search_term_string"}}],"inLanguage":"it-IT"},{"@type":"Organization","@id":"https:\/\/ilpixelmatto.it\/blog\/#organization","name":"IlPixelMatto","url":"https:\/\/ilpixelmatto.it\/blog\/","logo":{"@type":"ImageObject","inLanguage":"it-IT","@id":"https:\/\/ilpixelmatto.it\/blog\/#\/schema\/logo\/image\/","url":"https:\/\/ilpixelmatto.it\/blog\/wp-content\/uploads\/2020\/03\/final_icon_Tondo-e1584128588290.png","contentUrl":"https:\/\/ilpixelmatto.it\/blog\/wp-content\/uploads\/2020\/03\/final_icon_Tondo-e1584128588290.png","width":250,"height":250,"caption":"IlPixelMatto"},"image":{"@id":"https:\/\/ilpixelmatto.it\/blog\/#\/schema\/logo\/image\/"},"sameAs":["https:\/\/facebook.com\/ilpixelmatto","https:\/\/x.com\/ilpixelmatto","https:\/\/instagram.com\/ilpixelmatto2.0","https:\/\/www.youtube.com\/channel\/UCbpntaj_TeZpHu8d-aVr99w\/join"]}]}},"_links":{"self":[{"href":"https:\/\/ilpixelmatto.it\/blog\/wp-json\/wp\/v2\/pages\/268","targetHints":{"allow":["GET"]}}],"collection":[{"href":"https:\/\/ilpixelmatto.it\/blog\/wp-json\/wp\/v2\/pages"}],"about":[{"href":"https:\/\/ilpixelmatto.it\/blog\/wp-json\/wp\/v2\/types\/page"}],"author":[{"embeddable":true,"href":"https:\/\/ilpixelmatto.it\/blog\/wp-json\/wp\/v2\/users\/1"}],"replies":[{"embeddable":true,"href":"https:\/\/ilpixelmatto.it\/blog\/wp-json\/wp\/v2\/comments?post=268"}],"version-history":[{"count":4,"href":"https:\/\/ilpixelmatto.it\/blog\/wp-json\/wp\/v2\/pages\/268\/revisions"}],"predecessor-version":[{"id":837,"href":"https:\/\/ilpixelmatto.it\/blog\/wp-json\/wp\/v2\/pages\/268\/revisions\/837"}],"up":[{"embeddable":true,"href":"https:\/\/ilpixelmatto.it\/blog\/wp-json\/wp\/v2\/pages\/257"}],"wp:featuredmedia":[{"embeddable":true,"href":"https:\/\/ilpixelmatto.it\/blog\/wp-json\/wp\/v2\/media\/273"}],"wp:attachment":[{"href":"https:\/\/ilpixelmatto.it\/blog\/wp-json\/wp\/v2\/media?parent=268"}],"curies":[{"name":"wp","href":"https:\/\/api.w.org\/{rel}","templated":true}]}}