{"id":277,"date":"2020-03-15T11:21:45","date_gmt":"2020-03-15T10:21:45","guid":{"rendered":"https:\/\/ilpixelmatto.it\/blog\/?page_id=277"},"modified":"2020-03-15T11:21:46","modified_gmt":"2020-03-15T10:21:46","slug":"brawl-stars-2","status":"publish","type":"page","link":"https:\/\/ilpixelmatto.it\/blog\/giochi-ilpixelmatto\/brawl-stars-2\/","title":{"rendered":"Brawl Stars"},"content":{"rendered":"\n<p>\u00c8 ora di BRAWL! Unisciti ai tuoi amici e preparati per l&#8217;epico multiplayer MAYHEM! Brawl Stars \u00e8 il nuovo gioco dei creatori di Clash of Clans e Clash Royale. Entra nella tua modalit\u00e0 di gioco preferita e gioca partite veloci con i tuoi amici. Sparagli in aria, falli esplodere, colpiscili e vinci il BRAWL.<\/p>\n\n\n\n<figure class=\"wp-block-image size-large\"><img loading=\"lazy\" decoding=\"async\" width=\"630\" height=\"359\" src=\"https:\/\/ilpixelmatto.it\/blog\/wp-content\/uploads\/2020\/03\/brawl-stars.jpg\" alt=\"brawl stars\" class=\"wp-image-265\" srcset=\"https:\/\/ilpixelmatto.it\/blog\/wp-content\/uploads\/2020\/03\/brawl-stars.jpg 630w, https:\/\/ilpixelmatto.it\/blog\/wp-content\/uploads\/2020\/03\/brawl-stars-300x171.jpg 300w, https:\/\/ilpixelmatto.it\/blog\/wp-content\/uploads\/2020\/03\/brawl-stars-474x270.jpg 474w\" sizes=\"auto, (max-width: 630px) 100vw, 630px\" \/><figcaption> I creatori di Clash of Clans, Clash Royale e Boom Beach ti presentano frenetici scontri multigiocatore! Combatti in solitaria o assieme a degli amici in svariate modalit\u00e0 in meno di tre minuti. Sblocca e migliora decine di brawler dotati di potenti abilit\u00e0 speciali. Acquista e colleziona skin uniche per eliminare i nemici con stile e unisciti a una cricca per scegliere con i tuoi amici il piano di battaglia migliore..<br><a rel=\"noreferrer noopener\" href=\"https:\/\/play.google.com\/store\/apps\/details?id=com.supercell.brawlstars&amp;hl=it\" target=\"_blank\">Scaricalo per android!<\/a> <\/figcaption><\/figure>\n\n\n\n<h2 class=\"wp-block-heading\">Brawl Stars: Caratteristiche del gioco<\/h2>\n\n\n\n<h3 class=\"wp-block-heading\">LOTTA IN TANTISSIME MODALIT\u00c0 MULTIGIOCATORE<\/h3>\n\n\n\n<p>&#8211; Arraffagemme (3v3): una battaglia a squadre dove la strategia \u00e8 tutto. Raccogli e proteggi almeno 10 gemme per vincere, ma occhio: se ti eliminano, le gemme saranno preda facile per il nemico.<br>&#8211; Sopravvivenza (singolo\/in coppia): una battle royale dove conta solo sopravvivere e raccogliere potenziamenti per il tuo brawler. Lotta come un lupo solitario o in squadra con un amico e sopravvivi fino alla fine nella battle royale pi\u00f9 spietata che ci sia. Chi vince prende tutto!<br>&#8211; Ricercati (3v3): da&#8217; la caccia agli avversari per collezionare stelle, ma vedi di non farti eliminare. La squadra con pi\u00f9 stelle alla fine del match vince!<br>&#8211; Rapina (3v3): difendi la cassaforte della squadra e fai a pezzi quella degli avversari. Sgattaiola tra i nascondigli e fatti strada a suon di colpi ed esplosioni fino al bottino dei nemici.<br>&#8211; Footbrawl (3v3): cosa succede quando i brawler si danno allo sport? Semplice, nasce Footbrawl! Mostra a tutti le tue abilit\u00e0 calcistiche e segna due gol prima dell&#8217;altra squadra. Non ci sono cartellini rossi, quindi non aver paura a entrare duro sull&#8217;avversario!<br>&#8211; Eventi speciali: modalit\u00e0 speciali PvE e PvP a tempo limitato.<\/p>\n\n\n\n<h3 class=\"wp-block-heading\">SBLOCCA E POTENZIA I BRAWLER<\/h3>\n\n\n\n<p>Trova e migliora una miriade di brawler dotati di SUPER ABILIT\u00c0 devastanti, aumenta il loro livello con i punti energia e colleziona le loro skin.<\/p>\n\n\n\n<h3 class=\"wp-block-heading\">DOMINA LA MISCHIA<\/h3>\n\n\n\n<p>Mostra a tutti chi comanda, raggiungendo la vetta delle classifiche locali e globali!<\/p>\n\n\n\n<h3 class=\"wp-block-heading\">UN&#8217;EVOLUZIONE CONTINUA<\/h3>\n\n\n\n<p>Qui non ci si annoia mai! Goditi i brawler, le skin, le mappe, le modalit\u00e0 e gli eventi speciali nuovi di zecca che saranno rilasciati costantemente! NOTA BENE! Puoi scaricare e giocare a Brawl Stars gratuitamente, ma ci sono anche degli oggetti acquistabili con denaro reale. Se non vuoi usare questa funzionalit\u00e0, disabilita gli acquisti in-app dalle impostazioni del dispositivo.<\/p>\n\n\n\n<h3 class=\"wp-block-heading\">CARATTERISTICHE di Brawl Stars<\/h3>\n\n\n\n<p>&#8211; Alleati con altri giocatori di tutto il mondo e partecipa a scontri 3v3 in tempo reale.<br>&#8211; Gioca a frenetiche modalit\u00e0 in stile battle royale create appositamente per dispositivi mobili.<br>&#8211; Colleziona brawler fortissimi e scatena i loro attacchi e le loro super abilit\u00e0.<br>&#8211; Partecipa ogni giorno a nuovi eventi e modalit\u00e0.<br>&#8211; Combatti in solitaria o in gruppo.<br>&#8211; Raggiungi la vetta delle classifiche globali e locali.<br>&#8211; Unisciti a un club di giocatori o creane uno nuovo per condividere strategie e lottare in compagnia.<br>&#8211; Personalizza i brawler con skin sbloccabili.<br>&#8211; Esplora le mappe create dai giocatori e adatta ogni volta il tuo stile di gioco.<\/p>\n","protected":false},"excerpt":{"rendered":"<p>\u00c8 ora di BRAWL! Unisciti ai tuoi amici e preparati per l&#8217;epico multiplayer MAYHEM! Brawl Stars \u00e8 il nuovo gioco&hellip; <a class=\"read-more\" href=\"https:\/\/ilpixelmatto.it\/blog\/giochi-ilpixelmatto\/brawl-stars-2\/\">Continua a leggere<\/a><\/p>\n","protected":false},"author":1,"featured_media":278,"parent":257,"menu_order":0,"comment_status":"open","ping_status":"closed","template":"","meta":{"wprm-recipe-roundup-name":"","wprm-recipe-roundup-description":"","footnotes":""},"class_list":["post-277","page","type-page","status-publish","has-post-thumbnail","hentry"],"yoast_head":"<!-- This site is optimized with the Yoast SEO plugin v27.6 - https:\/\/yoast.com\/product\/yoast-seo-wordpress\/ -->\n<title>Brawl Stars Gioca insieme a me in MultiPlayer! - IlPixelMatto<\/title>\n<meta name=\"description\" content=\"\u00c8 ora di brawl stars! Unisciti ai tuoi amici e preparati per l&#039;epico multiplayer MAYHEM! Brawl Stars \u00e8 il nuovo gioco dei creatori di Clash of Clans!\" \/>\n<meta name=\"robots\" content=\"index, follow, max-snippet:-1, max-image-preview:large, max-video-preview:-1\" \/>\n<link rel=\"canonical\" href=\"https:\/\/ilpixelmatto.it\/blog\/giochi-ilpixelmatto\/brawl-stars-2\/\" \/>\n<meta property=\"og:locale\" content=\"it_IT\" \/>\n<meta property=\"og:type\" content=\"article\" \/>\n<meta property=\"og:title\" content=\"Brawl Stars Gioca insieme a me in MultiPlayer! - IlPixelMatto\" \/>\n<meta property=\"og:description\" content=\"\u00c8 ora di brawl stars! Unisciti ai tuoi amici e preparati per l&#039;epico multiplayer MAYHEM! Brawl Stars \u00e8 il nuovo gioco dei creatori di Clash of Clans!\" \/>\n<meta property=\"og:url\" content=\"https:\/\/ilpixelmatto.it\/blog\/giochi-ilpixelmatto\/brawl-stars-2\/\" \/>\n<meta property=\"og:site_name\" content=\"IlPixelMatto\" \/>\n<meta property=\"article:publisher\" content=\"https:\/\/facebook.com\/ilpixelmatto\" \/>\n<meta property=\"article:modified_time\" content=\"2020-03-15T10:21:46+00:00\" \/>\n<meta property=\"og:image\" content=\"https:\/\/ilpixelmatto.it\/blog\/wp-content\/uploads\/2020\/03\/Brawl-Stars-1.jpg\" \/>\n\t<meta property=\"og:image:width\" content=\"1528\" \/>\n\t<meta property=\"og:image:height\" content=\"852\" \/>\n\t<meta property=\"og:image:type\" content=\"image\/jpeg\" \/>\n<meta name=\"twitter:card\" content=\"summary_large_image\" \/>\n<meta name=\"twitter:site\" content=\"@ilpixelmatto\" \/>\n<meta name=\"twitter:label1\" content=\"Tempo di lettura stimato\" \/>\n\t<meta name=\"twitter:data1\" content=\"3 minuti\" \/>\n<script type=\"application\/ld+json\" class=\"yoast-schema-graph\">{\"@context\":\"https:\\\/\\\/schema.org\",\"@graph\":[{\"@type\":\"WebPage\",\"@id\":\"https:\\\/\\\/ilpixelmatto.it\\\/blog\\\/giochi-ilpixelmatto\\\/brawl-stars-2\\\/\",\"url\":\"https:\\\/\\\/ilpixelmatto.it\\\/blog\\\/giochi-ilpixelmatto\\\/brawl-stars-2\\\/\",\"name\":\"Brawl Stars Gioca insieme a me in MultiPlayer! - IlPixelMatto\",\"isPartOf\":{\"@id\":\"https:\\\/\\\/ilpixelmatto.it\\\/blog\\\/#website\"},\"primaryImageOfPage\":{\"@id\":\"https:\\\/\\\/ilpixelmatto.it\\\/blog\\\/giochi-ilpixelmatto\\\/brawl-stars-2\\\/#primaryimage\"},\"image\":{\"@id\":\"https:\\\/\\\/ilpixelmatto.it\\\/blog\\\/giochi-ilpixelmatto\\\/brawl-stars-2\\\/#primaryimage\"},\"thumbnailUrl\":\"https:\\\/\\\/ilpixelmatto.it\\\/blog\\\/wp-content\\\/uploads\\\/2020\\\/03\\\/Brawl-Stars-1.jpg\",\"datePublished\":\"2020-03-15T10:21:45+00:00\",\"dateModified\":\"2020-03-15T10:21:46+00:00\",\"description\":\"\u00c8 ora di brawl stars! Unisciti ai tuoi amici e preparati per l'epico multiplayer MAYHEM! Brawl Stars \u00e8 il nuovo gioco dei creatori di Clash of Clans!\",\"breadcrumb\":{\"@id\":\"https:\\\/\\\/ilpixelmatto.it\\\/blog\\\/giochi-ilpixelmatto\\\/brawl-stars-2\\\/#breadcrumb\"},\"inLanguage\":\"it-IT\",\"potentialAction\":[{\"@type\":\"ReadAction\",\"target\":[\"https:\\\/\\\/ilpixelmatto.it\\\/blog\\\/giochi-ilpixelmatto\\\/brawl-stars-2\\\/\"]}]},{\"@type\":\"ImageObject\",\"inLanguage\":\"it-IT\",\"@id\":\"https:\\\/\\\/ilpixelmatto.it\\\/blog\\\/giochi-ilpixelmatto\\\/brawl-stars-2\\\/#primaryimage\",\"url\":\"https:\\\/\\\/ilpixelmatto.it\\\/blog\\\/wp-content\\\/uploads\\\/2020\\\/03\\\/Brawl-Stars-1.jpg\",\"contentUrl\":\"https:\\\/\\\/ilpixelmatto.it\\\/blog\\\/wp-content\\\/uploads\\\/2020\\\/03\\\/Brawl-Stars-1.jpg\",\"width\":1528,\"height\":852,\"caption\":\"brawl stars\"},{\"@type\":\"BreadcrumbList\",\"@id\":\"https:\\\/\\\/ilpixelmatto.it\\\/blog\\\/giochi-ilpixelmatto\\\/brawl-stars-2\\\/#breadcrumb\",\"itemListElement\":[{\"@type\":\"ListItem\",\"position\":1,\"name\":\"Home\",\"item\":\"https:\\\/\\\/ilpixelmatto.it\\\/blog\\\/\"},{\"@type\":\"ListItem\",\"position\":2,\"name\":\"Giochi che IlPixelMatto porta\",\"item\":\"https:\\\/\\\/ilpixelmatto.it\\\/blog\\\/giochi-ilpixelmatto\\\/\"},{\"@type\":\"ListItem\",\"position\":3,\"name\":\"Brawl Stars\"}]},{\"@type\":\"WebSite\",\"@id\":\"https:\\\/\\\/ilpixelmatto.it\\\/blog\\\/#website\",\"url\":\"https:\\\/\\\/ilpixelmatto.it\\\/blog\\\/\",\"name\":\"IlPixelMatto\",\"description\":\"Harry Potter Hogwarts Mystery, fantascienza e tecnologia!\",\"publisher\":{\"@id\":\"https:\\\/\\\/ilpixelmatto.it\\\/blog\\\/#organization\"},\"potentialAction\":[{\"@type\":\"SearchAction\",\"target\":{\"@type\":\"EntryPoint\",\"urlTemplate\":\"https:\\\/\\\/ilpixelmatto.it\\\/blog\\\/?s={search_term_string}\"},\"query-input\":{\"@type\":\"PropertyValueSpecification\",\"valueRequired\":true,\"valueName\":\"search_term_string\"}}],\"inLanguage\":\"it-IT\"},{\"@type\":\"Organization\",\"@id\":\"https:\\\/\\\/ilpixelmatto.it\\\/blog\\\/#organization\",\"name\":\"IlPixelMatto\",\"url\":\"https:\\\/\\\/ilpixelmatto.it\\\/blog\\\/\",\"logo\":{\"@type\":\"ImageObject\",\"inLanguage\":\"it-IT\",\"@id\":\"https:\\\/\\\/ilpixelmatto.it\\\/blog\\\/#\\\/schema\\\/logo\\\/image\\\/\",\"url\":\"https:\\\/\\\/ilpixelmatto.it\\\/blog\\\/wp-content\\\/uploads\\\/2020\\\/03\\\/final_icon_Tondo-e1584128588290.png\",\"contentUrl\":\"https:\\\/\\\/ilpixelmatto.it\\\/blog\\\/wp-content\\\/uploads\\\/2020\\\/03\\\/final_icon_Tondo-e1584128588290.png\",\"width\":250,\"height\":250,\"caption\":\"IlPixelMatto\"},\"image\":{\"@id\":\"https:\\\/\\\/ilpixelmatto.it\\\/blog\\\/#\\\/schema\\\/logo\\\/image\\\/\"},\"sameAs\":[\"https:\\\/\\\/facebook.com\\\/ilpixelmatto\",\"https:\\\/\\\/x.com\\\/ilpixelmatto\",\"https:\\\/\\\/instagram.com\\\/ilpixelmatto2.0\",\"https:\\\/\\\/www.youtube.com\\\/channel\\\/UCbpntaj_TeZpHu8d-aVr99w\\\/join\"]}]}<\/script>\n<!-- \/ Yoast SEO plugin. -->","yoast_head_json":{"title":"Brawl Stars Gioca insieme a me in MultiPlayer! - IlPixelMatto","description":"\u00c8 ora di brawl stars! Unisciti ai tuoi amici e preparati per l'epico multiplayer MAYHEM! Brawl Stars \u00e8 il nuovo gioco dei creatori di Clash of Clans!","robots":{"index":"index","follow":"follow","max-snippet":"max-snippet:-1","max-image-preview":"max-image-preview:large","max-video-preview":"max-video-preview:-1"},"canonical":"https:\/\/ilpixelmatto.it\/blog\/giochi-ilpixelmatto\/brawl-stars-2\/","og_locale":"it_IT","og_type":"article","og_title":"Brawl Stars Gioca insieme a me in MultiPlayer! - IlPixelMatto","og_description":"\u00c8 ora di brawl stars! Unisciti ai tuoi amici e preparati per l'epico multiplayer MAYHEM! Brawl Stars \u00e8 il nuovo gioco dei creatori di Clash of Clans!","og_url":"https:\/\/ilpixelmatto.it\/blog\/giochi-ilpixelmatto\/brawl-stars-2\/","og_site_name":"IlPixelMatto","article_publisher":"https:\/\/facebook.com\/ilpixelmatto","article_modified_time":"2020-03-15T10:21:46+00:00","og_image":[{"width":1528,"height":852,"url":"https:\/\/ilpixelmatto.it\/blog\/wp-content\/uploads\/2020\/03\/Brawl-Stars-1.jpg","type":"image\/jpeg"}],"twitter_card":"summary_large_image","twitter_site":"@ilpixelmatto","twitter_misc":{"Tempo di lettura stimato":"3 minuti"},"schema":{"@context":"https:\/\/schema.org","@graph":[{"@type":"WebPage","@id":"https:\/\/ilpixelmatto.it\/blog\/giochi-ilpixelmatto\/brawl-stars-2\/","url":"https:\/\/ilpixelmatto.it\/blog\/giochi-ilpixelmatto\/brawl-stars-2\/","name":"Brawl Stars Gioca insieme a me in MultiPlayer! - IlPixelMatto","isPartOf":{"@id":"https:\/\/ilpixelmatto.it\/blog\/#website"},"primaryImageOfPage":{"@id":"https:\/\/ilpixelmatto.it\/blog\/giochi-ilpixelmatto\/brawl-stars-2\/#primaryimage"},"image":{"@id":"https:\/\/ilpixelmatto.it\/blog\/giochi-ilpixelmatto\/brawl-stars-2\/#primaryimage"},"thumbnailUrl":"https:\/\/ilpixelmatto.it\/blog\/wp-content\/uploads\/2020\/03\/Brawl-Stars-1.jpg","datePublished":"2020-03-15T10:21:45+00:00","dateModified":"2020-03-15T10:21:46+00:00","description":"\u00c8 ora di brawl stars! Unisciti ai tuoi amici e preparati per l'epico multiplayer MAYHEM! Brawl Stars \u00e8 il nuovo gioco dei creatori di Clash of Clans!","breadcrumb":{"@id":"https:\/\/ilpixelmatto.it\/blog\/giochi-ilpixelmatto\/brawl-stars-2\/#breadcrumb"},"inLanguage":"it-IT","potentialAction":[{"@type":"ReadAction","target":["https:\/\/ilpixelmatto.it\/blog\/giochi-ilpixelmatto\/brawl-stars-2\/"]}]},{"@type":"ImageObject","inLanguage":"it-IT","@id":"https:\/\/ilpixelmatto.it\/blog\/giochi-ilpixelmatto\/brawl-stars-2\/#primaryimage","url":"https:\/\/ilpixelmatto.it\/blog\/wp-content\/uploads\/2020\/03\/Brawl-Stars-1.jpg","contentUrl":"https:\/\/ilpixelmatto.it\/blog\/wp-content\/uploads\/2020\/03\/Brawl-Stars-1.jpg","width":1528,"height":852,"caption":"brawl stars"},{"@type":"BreadcrumbList","@id":"https:\/\/ilpixelmatto.it\/blog\/giochi-ilpixelmatto\/brawl-stars-2\/#breadcrumb","itemListElement":[{"@type":"ListItem","position":1,"name":"Home","item":"https:\/\/ilpixelmatto.it\/blog\/"},{"@type":"ListItem","position":2,"name":"Giochi che IlPixelMatto porta","item":"https:\/\/ilpixelmatto.it\/blog\/giochi-ilpixelmatto\/"},{"@type":"ListItem","position":3,"name":"Brawl Stars"}]},{"@type":"WebSite","@id":"https:\/\/ilpixelmatto.it\/blog\/#website","url":"https:\/\/ilpixelmatto.it\/blog\/","name":"IlPixelMatto","description":"Harry Potter Hogwarts Mystery, fantascienza e tecnologia!","publisher":{"@id":"https:\/\/ilpixelmatto.it\/blog\/#organization"},"potentialAction":[{"@type":"SearchAction","target":{"@type":"EntryPoint","urlTemplate":"https:\/\/ilpixelmatto.it\/blog\/?s={search_term_string}"},"query-input":{"@type":"PropertyValueSpecification","valueRequired":true,"valueName":"search_term_string"}}],"inLanguage":"it-IT"},{"@type":"Organization","@id":"https:\/\/ilpixelmatto.it\/blog\/#organization","name":"IlPixelMatto","url":"https:\/\/ilpixelmatto.it\/blog\/","logo":{"@type":"ImageObject","inLanguage":"it-IT","@id":"https:\/\/ilpixelmatto.it\/blog\/#\/schema\/logo\/image\/","url":"https:\/\/ilpixelmatto.it\/blog\/wp-content\/uploads\/2020\/03\/final_icon_Tondo-e1584128588290.png","contentUrl":"https:\/\/ilpixelmatto.it\/blog\/wp-content\/uploads\/2020\/03\/final_icon_Tondo-e1584128588290.png","width":250,"height":250,"caption":"IlPixelMatto"},"image":{"@id":"https:\/\/ilpixelmatto.it\/blog\/#\/schema\/logo\/image\/"},"sameAs":["https:\/\/facebook.com\/ilpixelmatto","https:\/\/x.com\/ilpixelmatto","https:\/\/instagram.com\/ilpixelmatto2.0","https:\/\/www.youtube.com\/channel\/UCbpntaj_TeZpHu8d-aVr99w\/join"]}]}},"_links":{"self":[{"href":"https:\/\/ilpixelmatto.it\/blog\/wp-json\/wp\/v2\/pages\/277","targetHints":{"allow":["GET"]}}],"collection":[{"href":"https:\/\/ilpixelmatto.it\/blog\/wp-json\/wp\/v2\/pages"}],"about":[{"href":"https:\/\/ilpixelmatto.it\/blog\/wp-json\/wp\/v2\/types\/page"}],"author":[{"embeddable":true,"href":"https:\/\/ilpixelmatto.it\/blog\/wp-json\/wp\/v2\/users\/1"}],"replies":[{"embeddable":true,"href":"https:\/\/ilpixelmatto.it\/blog\/wp-json\/wp\/v2\/comments?post=277"}],"version-history":[{"count":1,"href":"https:\/\/ilpixelmatto.it\/blog\/wp-json\/wp\/v2\/pages\/277\/revisions"}],"predecessor-version":[{"id":279,"href":"https:\/\/ilpixelmatto.it\/blog\/wp-json\/wp\/v2\/pages\/277\/revisions\/279"}],"up":[{"embeddable":true,"href":"https:\/\/ilpixelmatto.it\/blog\/wp-json\/wp\/v2\/pages\/257"}],"wp:featuredmedia":[{"embeddable":true,"href":"https:\/\/ilpixelmatto.it\/blog\/wp-json\/wp\/v2\/media\/278"}],"wp:attachment":[{"href":"https:\/\/ilpixelmatto.it\/blog\/wp-json\/wp\/v2\/media?parent=277"}],"curies":[{"name":"wp","href":"https:\/\/api.w.org\/{rel}","templated":true}]}}