{"id":281,"date":"2020-03-15T11:29:50","date_gmt":"2020-03-15T10:29:50","guid":{"rendered":"https:\/\/ilpixelmatto.it\/blog\/?page_id=281"},"modified":"2020-03-15T11:41:21","modified_gmt":"2020-03-15T10:41:21","slug":"stardew-valley","status":"publish","type":"page","link":"https:\/\/ilpixelmatto.it\/blog\/giochi-ilpixelmatto\/stardew-valley\/","title":{"rendered":"Stardew Valley"},"content":{"rendered":"\n<p>Stardew Valley \u00e8 un open world ambientato in un&#8217;omonima cittadina di campagna dove \u00e8 situata la fattoria del protagonista. Nel gioco in singolo lo scopo \u00e8 quello di gestire una fattoria, sbloccando diverse zone della mappa, acquistando nuove abilit\u00e0 e svolgendo missioni affidate da vari personaggi. Stardew Valley \u00e8 un videogioco indipendente sviluppato da ConcernedApe. Convertito per macOS e Linux, il gioco \u00e8 stato successivamente distribuito per PlayStation 4, Xbox One e adesso anche per android e iOS. Il videogioco \u00e8 ispirato alla serie Harvest Moon, in particolare Harvest Moon 64.<br><a rel=\"noreferrer noopener\" href=\"https:\/\/play.google.com\/store\/apps\/details?id=com.chucklefish.stardewvalley&amp;hl=it_IT\" target=\"_blank\">Scaricalo per android!<\/a> <\/p>\n\n\n\n<figure class=\"wp-block-image size-large\"><a href=\"https:\/\/ilpixelmatto.it\/blog\/giochi-ilpixelmatto\/stardew-valley\/stardew-valley-mod\/\"><img loading=\"lazy\" decoding=\"async\" width=\"800\" height=\"450\" src=\"https:\/\/ilpixelmatto.it\/blog\/wp-content\/uploads\/2020\/03\/mod-stardew-valley.jpg\" alt=\"stardew valley mod\" class=\"wp-image-282\" srcset=\"https:\/\/ilpixelmatto.it\/blog\/wp-content\/uploads\/2020\/03\/mod-stardew-valley.jpg 800w, https:\/\/ilpixelmatto.it\/blog\/wp-content\/uploads\/2020\/03\/mod-stardew-valley-300x169.jpg 300w, https:\/\/ilpixelmatto.it\/blog\/wp-content\/uploads\/2020\/03\/mod-stardew-valley-768x432.jpg 768w, https:\/\/ilpixelmatto.it\/blog\/wp-content\/uploads\/2020\/03\/mod-stardew-valley-480x270.jpg 480w\" sizes=\"auto, (max-width: 800px) 100vw, 800px\" \/><\/a><figcaption><a href=\"https:\/\/ilpixelmatto.it\/blog\/giochi-ilpixelmatto\/stardew-valley\/stardew-valley-mod\/\"> Puoi anche moddare il gioco<br><\/a>Da questa pagina puoi scaricare le mod per Stardew Valley, per poter avere trucchi, personalizzazioni, trattori e molte moltissime altre cose utili!<\/figcaption><\/figure>\n\n\n\n<h2 class=\"wp-block-heading\">Caratteristiche del gioco Stardew Valley<\/h2>\n\n\n\n<h3 class=\"wp-block-heading\">Ti stai trasferendo nella valle..<\/h3>\n\n\n\n<p>Hai ereditato il vecchio terreno agricolo di tuo nonno a Stardew Valley. Armato di strumenti manuali e poche monete, inizierai la tua nuova vita!<br><\/p>\n\n\n\n<ul class=\"wp-block-list\"><li>Crea la fattoria dei tuoi sogni: trasforma i tuoi campi incolti in una fattoria vivace e generosa!<\/li><li>Impara a vivere nella terra: allevare animali, pescare, coltivare, fabbricare oggetti o fare tutto! La scelta \u00e8 tua&#8230;<\/li><li>Entra a far parte della comunit\u00e0 locale: Pelican Town \u00e8 la patria di oltre 30 residenti con cui puoi fare amicizia!<\/li><li>Incontra qualcuno di speciale: con 12 cittadini fino ad oggi, potresti persino trovare qualcuno con cui iniziare una famiglia!<\/li><li>Esplora vaste e misteriose caverne: incontra mostri pericolosi e preziosi tesori sotterranei!<\/li><li>Personalizza: ci sono centinaia di opzioni di carattere e decorazione della casa tra cui scegliere!<\/li><\/ul>\n\n\n\n<p>Stardew Valley \u00e8 un gioco di ruolo di campagna senza fine! Hai ereditato il vecchio terreno agricolo di tuo nonno a Stardew Valley. Armati di strumenti manuali e poche monete, inizierai la tua nuova vita. Puoi imparare a vivere in simbiosi con la terra e trasformare questi campi troppo cresciuti in una casa fiorente? Non sar\u00e0 facile. Da quando Joja Corporation \u00e8 arrivata in citt\u00e0, i vecchi modi di vivere sono quasi scomparsi. Il centro della comunit\u00e0, una volta centro di attivit\u00e0 pi\u00f9 vivace della citt\u00e0, ora giace nel caos. Ma la valle sembra piena di opportunit\u00e0. Con un po&#8217; di dedizione, potresti essere la persona giusta per ripristinare Stardew Valley alla vecchia originaria grandezza!<\/p>\n\n\n\n<h3 class=\"wp-block-heading\">Caratteristiche di Stardew Vally<\/h3>\n\n\n\n<p>Trasforma il tuo campo semi distrutto in una fattoria vivace! Alleva animali, coltiva colture, avvia un frutteto, realizza macchine utili e molto altro! Avrai un sacco di spazio per creare la fattoria dei tuoi sogni.<\/p>\n\n\n\n<h3 class=\"wp-block-heading\">Fino a 4 giocatori!<\/h3>\n\n\n\n<p>Invita 1-3 giocatori a raggiungerti nella valle online! I giocatori possono lavorare insieme per costruire una fattoria prospera, condividere risorse e migliorare la comunit\u00e0 locale. Poich\u00e9 pi\u00f9 mani sono meglio di una, i giocatori hanno la possibilit\u00e0 di aumentare il margine di profitto sui prodotti venduti per un&#8217;esperienza pi\u00f9 impegnativa.<\/p>\n\n\n\n<h3 class=\"wp-block-heading\">Migliora le tue abilit\u00e0 nel tempo<\/h3>\n\n\n\n<p>Mentre ti fai strada da un contadinello in difficolt\u00e0 a un maestro agricoltore, salirai di livello in 5 aree diverse: agricoltura, estrazione mineraria, combattimento, pesca e foraggiamento. Man mano che avanzi, imparerai nuove ricette di cucina e lavorazione, sbloccherai nuove aree da esplorare e personalizzerai le tue abilit\u00e0 scegliendo tra una variet\u00e0 di professioni.<\/p>\n\n\n\n<h3 class=\"wp-block-heading\">Diventa parte della comunit\u00e0 locale<\/h3>\n\n\n\n<p>Con oltre 30 personaggi unici che vivono in Stardew Valley, non avrai problemi a trovare nuovi amici! Ogni persona ha il proprio programma giornaliero, compleanno, mini-scene uniche e cose nuove da dire durante la settimana e l&#8217;anno. Quando fai amicizia con loro, si apriranno a te, ti chiederanno aiuto con i loro problemi personali, o ti diranno i loro segreti! Partecipa a feste stagionali come il luau, il labirinto infestato e la festa della stella invernale.<\/p>\n\n\n\n<h3 class=\"wp-block-heading\">Esplora una vasta e misteriosa caverna<\/h3>\n\n\n\n<p>Mentre viaggi pi\u00f9 a fondo nel sottosuolo, incontrerai mostri nuovi e pericolosi, armi potenti, nuovi ambienti, gemme preziose, materie prime per la lavorazione e strumenti di aggiornamento e misteri da scoprire.<\/p>\n\n\n\n<h3 class=\"wp-block-heading\">Respira nuova vita nella valle<\/h3>\n\n\n\n<p>Da quando JojaMart ha aperto, il vecchio modo di vivere a Stardew Valley \u00e8 cambiato. Gran parte delle infrastrutture della citt\u00e0 sono cadute in rovina. Aiuta a ripristinare la Stardew Valley per il suo antico splendore riparando il vecchio centro della comunit\u00e0, o prendi la strada alternativa e unisci le forze con Joja Corporation. (il male)<\/p>\n\n\n\n<h3 class=\"wp-block-heading\">Fai la corte e sposa un partner per condividere la tua vita in fattoria<\/h3>\n\n\n\n<p>Ci sono 12 scapoli e addii al celibato disponibili per corteggiare, ognuno con un filmato di progressione dei personaggi unico. Una volta sposato, il tuo partner vivr\u00e0 nella fattoria con te. Chiss\u00e0, forse avrai figli e una famiglia?<\/p>\n\n\n\n<h3 class=\"wp-block-heading\">Trascorri un pomeriggio di relax in uno dei luoghi di pesca locali<\/h3>\n\n\n\n<p>Le acque pullulano di variet\u00e0 stagionali di deliziosi pesci. Usa esche artigianali e vasi di granchio per aiutarti nel tuo viaggio verso la cattura di ogni pesce e diventando una leggenda locale!<\/p>\n\n\n\n<h3 class=\"wp-block-heading\">Dona artefatti e minerali al museo locale<\/h3>\n\n\n\n<h3 class=\"wp-block-heading\">Prepara pasti deliziosi e crea oggetti utili per aiutarti<\/h3>\n\n\n\n<p>Con oltre 100 ricette di cottura e lavorazione, avrai una vasta gamma di oggetti da creare. Alcuni piatti che cucini ti daranno anche aumenti temporanei di abilit\u00e0, velocit\u00e0 di corsa o abilit\u00e0 di combattimento. Crea oggetti utili come spaventapasseri, oliatori, fornaci o anche un cristallo raro e costoso.<\/p>\n\n\n\n<h3 class=\"wp-block-heading\">Personalizza l&#8217;aspetto del tuo personaggio e della tua casa<\/h3>\n\n\n\n<p>Con centinaia di oggetti decorativi tra cui scegliere, non avrai problemi a creare la casa dei tuoi sogni!<\/p>\n\n\n\n<h3 class=\"wp-block-heading\">Supporto per controller Xbox (con rumble)! <\/h3>\n\n\n\n<p>(La tastiera \u00e8 ancora necessaria per l&#8217;immissione di testo)<\/p>\n\n\n\n<h3 class=\"wp-block-heading\">Oltre due ore di musica originale.<\/h3>\n\n\n\n<h2 class=\"wp-block-heading\">Requisiti di sistema<\/h2>\n\n\n\n<ul class=\"wp-block-list\"><li>Sistema operativo: Windows Vista or greater<\/li><li>Processore: 2 Ghz<\/li><li>Memoria: 2 GB di RAM<\/li><li>Scheda video: 256 mb video memory, shader model 3.0+<\/li><li>DirectX: Versione 10<\/li><li>Memoria: 500 MB di spazio disponibile<\/li><\/ul>\n","protected":false},"excerpt":{"rendered":"<p>Stardew Valley \u00e8 un open world ambientato in un&#8217;omonima cittadina di campagna dove \u00e8 situata la fattoria del protagonista. Nel&hellip; <a class=\"read-more\" href=\"https:\/\/ilpixelmatto.it\/blog\/giochi-ilpixelmatto\/stardew-valley\/\">Continua a leggere<\/a><\/p>\n","protected":false},"author":1,"featured_media":259,"parent":257,"menu_order":0,"comment_status":"open","ping_status":"closed","template":"","meta":{"wprm-recipe-roundup-name":"","wprm-recipe-roundup-description":"","footnotes":""},"class_list":["post-281","page","type-page","status-publish","has-post-thumbnail","hentry"],"yoast_head":"<!-- This site is optimized with the Yoast SEO plugin v27.6 - https:\/\/yoast.com\/product\/yoast-seo-wordpress\/ -->\n<title>Stardew Valley! Crea la tua fattoria insieme a me! - IlPixelMatto<\/title>\n<meta name=\"description\" content=\"Stardew Valley \u00e8 un open world ambientato in un&#039;omonima cittadina di campagna dove \u00e8 situata la fattoria del protagonista. Gioca anche tu a Stardew Valley!\" \/>\n<meta name=\"robots\" content=\"index, follow, max-snippet:-1, max-image-preview:large, max-video-preview:-1\" \/>\n<link rel=\"canonical\" href=\"https:\/\/ilpixelmatto.it\/blog\/giochi-ilpixelmatto\/stardew-valley\/\" \/>\n<meta property=\"og:locale\" content=\"it_IT\" \/>\n<meta property=\"og:type\" content=\"article\" \/>\n<meta property=\"og:title\" content=\"Stardew Valley! Crea la tua fattoria insieme a me! - IlPixelMatto\" \/>\n<meta property=\"og:description\" content=\"Stardew Valley \u00e8 un open world ambientato in un&#039;omonima cittadina di campagna dove \u00e8 situata la fattoria del protagonista. Gioca anche tu a Stardew Valley!\" \/>\n<meta property=\"og:url\" content=\"https:\/\/ilpixelmatto.it\/blog\/giochi-ilpixelmatto\/stardew-valley\/\" \/>\n<meta property=\"og:site_name\" content=\"IlPixelMatto\" \/>\n<meta property=\"article:publisher\" content=\"https:\/\/facebook.com\/ilpixelmatto\" \/>\n<meta property=\"article:modified_time\" content=\"2020-03-15T10:41:21+00:00\" \/>\n<meta property=\"og:image\" content=\"https:\/\/ilpixelmatto.it\/blog\/wp-content\/uploads\/2020\/03\/StardewValleyLogo.jpg\" \/>\n\t<meta property=\"og:image:width\" content=\"752\" \/>\n\t<meta property=\"og:image:height\" content=\"430\" \/>\n\t<meta property=\"og:image:type\" content=\"image\/jpeg\" \/>\n<meta name=\"twitter:card\" content=\"summary_large_image\" \/>\n<meta name=\"twitter:site\" content=\"@ilpixelmatto\" \/>\n<meta name=\"twitter:label1\" content=\"Tempo di lettura stimato\" \/>\n\t<meta name=\"twitter:data1\" content=\"5 minuti\" \/>\n<script type=\"application\/ld+json\" class=\"yoast-schema-graph\">{\"@context\":\"https:\\\/\\\/schema.org\",\"@graph\":[{\"@type\":\"WebPage\",\"@id\":\"https:\\\/\\\/ilpixelmatto.it\\\/blog\\\/giochi-ilpixelmatto\\\/stardew-valley\\\/\",\"url\":\"https:\\\/\\\/ilpixelmatto.it\\\/blog\\\/giochi-ilpixelmatto\\\/stardew-valley\\\/\",\"name\":\"Stardew Valley! Crea la tua fattoria insieme a me! - IlPixelMatto\",\"isPartOf\":{\"@id\":\"https:\\\/\\\/ilpixelmatto.it\\\/blog\\\/#website\"},\"primaryImageOfPage\":{\"@id\":\"https:\\\/\\\/ilpixelmatto.it\\\/blog\\\/giochi-ilpixelmatto\\\/stardew-valley\\\/#primaryimage\"},\"image\":{\"@id\":\"https:\\\/\\\/ilpixelmatto.it\\\/blog\\\/giochi-ilpixelmatto\\\/stardew-valley\\\/#primaryimage\"},\"thumbnailUrl\":\"https:\\\/\\\/ilpixelmatto.it\\\/blog\\\/wp-content\\\/uploads\\\/2020\\\/03\\\/StardewValleyLogo.jpg\",\"datePublished\":\"2020-03-15T10:29:50+00:00\",\"dateModified\":\"2020-03-15T10:41:21+00:00\",\"description\":\"Stardew Valley \u00e8 un open world ambientato in un'omonima cittadina di campagna dove \u00e8 situata la fattoria del protagonista. Gioca anche tu a Stardew Valley!\",\"breadcrumb\":{\"@id\":\"https:\\\/\\\/ilpixelmatto.it\\\/blog\\\/giochi-ilpixelmatto\\\/stardew-valley\\\/#breadcrumb\"},\"inLanguage\":\"it-IT\",\"potentialAction\":[{\"@type\":\"ReadAction\",\"target\":[\"https:\\\/\\\/ilpixelmatto.it\\\/blog\\\/giochi-ilpixelmatto\\\/stardew-valley\\\/\"]}]},{\"@type\":\"ImageObject\",\"inLanguage\":\"it-IT\",\"@id\":\"https:\\\/\\\/ilpixelmatto.it\\\/blog\\\/giochi-ilpixelmatto\\\/stardew-valley\\\/#primaryimage\",\"url\":\"https:\\\/\\\/ilpixelmatto.it\\\/blog\\\/wp-content\\\/uploads\\\/2020\\\/03\\\/StardewValleyLogo.jpg\",\"contentUrl\":\"https:\\\/\\\/ilpixelmatto.it\\\/blog\\\/wp-content\\\/uploads\\\/2020\\\/03\\\/StardewValleyLogo.jpg\",\"width\":752,\"height\":430,\"caption\":\"stardew valley\"},{\"@type\":\"BreadcrumbList\",\"@id\":\"https:\\\/\\\/ilpixelmatto.it\\\/blog\\\/giochi-ilpixelmatto\\\/stardew-valley\\\/#breadcrumb\",\"itemListElement\":[{\"@type\":\"ListItem\",\"position\":1,\"name\":\"Home\",\"item\":\"https:\\\/\\\/ilpixelmatto.it\\\/blog\\\/\"},{\"@type\":\"ListItem\",\"position\":2,\"name\":\"Giochi che IlPixelMatto porta\",\"item\":\"https:\\\/\\\/ilpixelmatto.it\\\/blog\\\/giochi-ilpixelmatto\\\/\"},{\"@type\":\"ListItem\",\"position\":3,\"name\":\"Stardew Valley\"}]},{\"@type\":\"WebSite\",\"@id\":\"https:\\\/\\\/ilpixelmatto.it\\\/blog\\\/#website\",\"url\":\"https:\\\/\\\/ilpixelmatto.it\\\/blog\\\/\",\"name\":\"IlPixelMatto\",\"description\":\"Harry Potter Hogwarts Mystery, fantascienza e tecnologia!\",\"publisher\":{\"@id\":\"https:\\\/\\\/ilpixelmatto.it\\\/blog\\\/#organization\"},\"potentialAction\":[{\"@type\":\"SearchAction\",\"target\":{\"@type\":\"EntryPoint\",\"urlTemplate\":\"https:\\\/\\\/ilpixelmatto.it\\\/blog\\\/?s={search_term_string}\"},\"query-input\":{\"@type\":\"PropertyValueSpecification\",\"valueRequired\":true,\"valueName\":\"search_term_string\"}}],\"inLanguage\":\"it-IT\"},{\"@type\":\"Organization\",\"@id\":\"https:\\\/\\\/ilpixelmatto.it\\\/blog\\\/#organization\",\"name\":\"IlPixelMatto\",\"url\":\"https:\\\/\\\/ilpixelmatto.it\\\/blog\\\/\",\"logo\":{\"@type\":\"ImageObject\",\"inLanguage\":\"it-IT\",\"@id\":\"https:\\\/\\\/ilpixelmatto.it\\\/blog\\\/#\\\/schema\\\/logo\\\/image\\\/\",\"url\":\"https:\\\/\\\/ilpixelmatto.it\\\/blog\\\/wp-content\\\/uploads\\\/2020\\\/03\\\/final_icon_Tondo-e1584128588290.png\",\"contentUrl\":\"https:\\\/\\\/ilpixelmatto.it\\\/blog\\\/wp-content\\\/uploads\\\/2020\\\/03\\\/final_icon_Tondo-e1584128588290.png\",\"width\":250,\"height\":250,\"caption\":\"IlPixelMatto\"},\"image\":{\"@id\":\"https:\\\/\\\/ilpixelmatto.it\\\/blog\\\/#\\\/schema\\\/logo\\\/image\\\/\"},\"sameAs\":[\"https:\\\/\\\/facebook.com\\\/ilpixelmatto\",\"https:\\\/\\\/x.com\\\/ilpixelmatto\",\"https:\\\/\\\/instagram.com\\\/ilpixelmatto2.0\",\"https:\\\/\\\/www.youtube.com\\\/channel\\\/UCbpntaj_TeZpHu8d-aVr99w\\\/join\"]}]}<\/script>\n<!-- \/ Yoast SEO plugin. -->","yoast_head_json":{"title":"Stardew Valley! Crea la tua fattoria insieme a me! - IlPixelMatto","description":"Stardew Valley \u00e8 un open world ambientato in un'omonima cittadina di campagna dove \u00e8 situata la fattoria del protagonista. Gioca anche tu a Stardew Valley!","robots":{"index":"index","follow":"follow","max-snippet":"max-snippet:-1","max-image-preview":"max-image-preview:large","max-video-preview":"max-video-preview:-1"},"canonical":"https:\/\/ilpixelmatto.it\/blog\/giochi-ilpixelmatto\/stardew-valley\/","og_locale":"it_IT","og_type":"article","og_title":"Stardew Valley! Crea la tua fattoria insieme a me! - IlPixelMatto","og_description":"Stardew Valley \u00e8 un open world ambientato in un'omonima cittadina di campagna dove \u00e8 situata la fattoria del protagonista. Gioca anche tu a Stardew Valley!","og_url":"https:\/\/ilpixelmatto.it\/blog\/giochi-ilpixelmatto\/stardew-valley\/","og_site_name":"IlPixelMatto","article_publisher":"https:\/\/facebook.com\/ilpixelmatto","article_modified_time":"2020-03-15T10:41:21+00:00","og_image":[{"width":752,"height":430,"url":"https:\/\/ilpixelmatto.it\/blog\/wp-content\/uploads\/2020\/03\/StardewValleyLogo.jpg","type":"image\/jpeg"}],"twitter_card":"summary_large_image","twitter_site":"@ilpixelmatto","twitter_misc":{"Tempo di lettura stimato":"5 minuti"},"schema":{"@context":"https:\/\/schema.org","@graph":[{"@type":"WebPage","@id":"https:\/\/ilpixelmatto.it\/blog\/giochi-ilpixelmatto\/stardew-valley\/","url":"https:\/\/ilpixelmatto.it\/blog\/giochi-ilpixelmatto\/stardew-valley\/","name":"Stardew Valley! Crea la tua fattoria insieme a me! - IlPixelMatto","isPartOf":{"@id":"https:\/\/ilpixelmatto.it\/blog\/#website"},"primaryImageOfPage":{"@id":"https:\/\/ilpixelmatto.it\/blog\/giochi-ilpixelmatto\/stardew-valley\/#primaryimage"},"image":{"@id":"https:\/\/ilpixelmatto.it\/blog\/giochi-ilpixelmatto\/stardew-valley\/#primaryimage"},"thumbnailUrl":"https:\/\/ilpixelmatto.it\/blog\/wp-content\/uploads\/2020\/03\/StardewValleyLogo.jpg","datePublished":"2020-03-15T10:29:50+00:00","dateModified":"2020-03-15T10:41:21+00:00","description":"Stardew Valley \u00e8 un open world ambientato in un'omonima cittadina di campagna dove \u00e8 situata la fattoria del protagonista. Gioca anche tu a Stardew Valley!","breadcrumb":{"@id":"https:\/\/ilpixelmatto.it\/blog\/giochi-ilpixelmatto\/stardew-valley\/#breadcrumb"},"inLanguage":"it-IT","potentialAction":[{"@type":"ReadAction","target":["https:\/\/ilpixelmatto.it\/blog\/giochi-ilpixelmatto\/stardew-valley\/"]}]},{"@type":"ImageObject","inLanguage":"it-IT","@id":"https:\/\/ilpixelmatto.it\/blog\/giochi-ilpixelmatto\/stardew-valley\/#primaryimage","url":"https:\/\/ilpixelmatto.it\/blog\/wp-content\/uploads\/2020\/03\/StardewValleyLogo.jpg","contentUrl":"https:\/\/ilpixelmatto.it\/blog\/wp-content\/uploads\/2020\/03\/StardewValleyLogo.jpg","width":752,"height":430,"caption":"stardew valley"},{"@type":"BreadcrumbList","@id":"https:\/\/ilpixelmatto.it\/blog\/giochi-ilpixelmatto\/stardew-valley\/#breadcrumb","itemListElement":[{"@type":"ListItem","position":1,"name":"Home","item":"https:\/\/ilpixelmatto.it\/blog\/"},{"@type":"ListItem","position":2,"name":"Giochi che IlPixelMatto porta","item":"https:\/\/ilpixelmatto.it\/blog\/giochi-ilpixelmatto\/"},{"@type":"ListItem","position":3,"name":"Stardew Valley"}]},{"@type":"WebSite","@id":"https:\/\/ilpixelmatto.it\/blog\/#website","url":"https:\/\/ilpixelmatto.it\/blog\/","name":"IlPixelMatto","description":"Harry Potter Hogwarts Mystery, fantascienza e tecnologia!","publisher":{"@id":"https:\/\/ilpixelmatto.it\/blog\/#organization"},"potentialAction":[{"@type":"SearchAction","target":{"@type":"EntryPoint","urlTemplate":"https:\/\/ilpixelmatto.it\/blog\/?s={search_term_string}"},"query-input":{"@type":"PropertyValueSpecification","valueRequired":true,"valueName":"search_term_string"}}],"inLanguage":"it-IT"},{"@type":"Organization","@id":"https:\/\/ilpixelmatto.it\/blog\/#organization","name":"IlPixelMatto","url":"https:\/\/ilpixelmatto.it\/blog\/","logo":{"@type":"ImageObject","inLanguage":"it-IT","@id":"https:\/\/ilpixelmatto.it\/blog\/#\/schema\/logo\/image\/","url":"https:\/\/ilpixelmatto.it\/blog\/wp-content\/uploads\/2020\/03\/final_icon_Tondo-e1584128588290.png","contentUrl":"https:\/\/ilpixelmatto.it\/blog\/wp-content\/uploads\/2020\/03\/final_icon_Tondo-e1584128588290.png","width":250,"height":250,"caption":"IlPixelMatto"},"image":{"@id":"https:\/\/ilpixelmatto.it\/blog\/#\/schema\/logo\/image\/"},"sameAs":["https:\/\/facebook.com\/ilpixelmatto","https:\/\/x.com\/ilpixelmatto","https:\/\/instagram.com\/ilpixelmatto2.0","https:\/\/www.youtube.com\/channel\/UCbpntaj_TeZpHu8d-aVr99w\/join"]}]}},"_links":{"self":[{"href":"https:\/\/ilpixelmatto.it\/blog\/wp-json\/wp\/v2\/pages\/281","targetHints":{"allow":["GET"]}}],"collection":[{"href":"https:\/\/ilpixelmatto.it\/blog\/wp-json\/wp\/v2\/pages"}],"about":[{"href":"https:\/\/ilpixelmatto.it\/blog\/wp-json\/wp\/v2\/types\/page"}],"author":[{"embeddable":true,"href":"https:\/\/ilpixelmatto.it\/blog\/wp-json\/wp\/v2\/users\/1"}],"replies":[{"embeddable":true,"href":"https:\/\/ilpixelmatto.it\/blog\/wp-json\/wp\/v2\/comments?post=281"}],"version-history":[{"count":3,"href":"https:\/\/ilpixelmatto.it\/blog\/wp-json\/wp\/v2\/pages\/281\/revisions"}],"predecessor-version":[{"id":289,"href":"https:\/\/ilpixelmatto.it\/blog\/wp-json\/wp\/v2\/pages\/281\/revisions\/289"}],"up":[{"embeddable":true,"href":"https:\/\/ilpixelmatto.it\/blog\/wp-json\/wp\/v2\/pages\/257"}],"wp:featuredmedia":[{"embeddable":true,"href":"https:\/\/ilpixelmatto.it\/blog\/wp-json\/wp\/v2\/media\/259"}],"wp:attachment":[{"href":"https:\/\/ilpixelmatto.it\/blog\/wp-json\/wp\/v2\/media?parent=281"}],"curies":[{"name":"wp","href":"https:\/\/api.w.org\/{rel}","templated":true}]}}