{"id":286,"date":"2020-03-15T11:41:01","date_gmt":"2020-03-15T10:41:01","guid":{"rendered":"https:\/\/ilpixelmatto.it\/blog\/?page_id=286"},"modified":"2020-03-16T17:31:06","modified_gmt":"2020-03-16T16:31:06","slug":"stardew-valley-mod","status":"publish","type":"page","link":"https:\/\/ilpixelmatto.it\/blog\/giochi-ilpixelmatto\/stardew-valley\/stardew-valley-mod\/","title":{"rendered":"Stardew Valley MOD"},"content":{"rendered":"\n<figure class=\"wp-block-image size-large\"><img loading=\"lazy\" decoding=\"async\" width=\"752\" height=\"430\" src=\"https:\/\/ilpixelmatto.it\/blog\/wp-content\/uploads\/2020\/03\/StardewValleyLogo.jpg\" alt=\"stardew valley\" class=\"wp-image-259\" srcset=\"https:\/\/ilpixelmatto.it\/blog\/wp-content\/uploads\/2020\/03\/StardewValleyLogo.jpg 752w, https:\/\/ilpixelmatto.it\/blog\/wp-content\/uploads\/2020\/03\/StardewValleyLogo-300x172.jpg 300w, https:\/\/ilpixelmatto.it\/blog\/wp-content\/uploads\/2020\/03\/StardewValleyLogo-472x270.jpg 472w\" sizes=\"auto, (max-width: 752px) 100vw, 752px\" \/><figcaption><a href=\"https:\/\/ilpixelmatto.it\/blog\/giochi-ilpixelmatto\/stardew-valley\/\"> Stardew Valley<br><\/a>Stardew Valley \u00e8 un open world ambientato in un&#8217;omonima cittadina di campagna dove \u00e8 situata la fattoria del protagonista. Nel gioco in singolo lo scopo \u00e8 quello di gestire una fattoria, sbloccando diverse zone della mappa, acquistando nuove abilit\u00e0 e svolgendo missioni affidate da vari personaggi. <\/figcaption><\/figure>\n\n\n\n<h2 class=\"wp-block-heading\">Stardew Valley Mod: SMAPI?<\/h2>\n\n\n\n<p>Un &#8220;mod&#8221; \u00e8 solo un pacchetto di file che modifica Stardew Valley in qualche modo. I mod possono aggiungere funzionalit\u00e0 (come mostrare NPC sulla mappa), cambiare le meccaniche di gioco (come far decadere le recinzioni pi\u00f9 lentamente), apportare modifiche estetiche (come rendere la tua casa simile a una casa hobbit), e altro ancora.<br>Usare le mod \u00e8 facile! Hai solo bisogno di:<\/p>\n\n\n\n<ol class=\"wp-block-list\"><li>Installa SMAPI. Questo \u00e8 il mod loader per Stardew Valley: avvia il gioco con il supporto alle mod e consente alle mod di interagire direttamente con il codice di gioco. \u00c8 installato in sicurezza insieme al tuo normale gioco e puoi disinstallarlo in qualsiasi momento.<\/li><li>Decomprimere le modifiche nella cartella Mods.<\/li><\/ol>\n\n\n\n<h2 class=\"wp-block-heading\">Parte 1: installare SMAPI<\/h2>\n\n\n\n<ol class=\"wp-block-list\"><li>Esegui il gioco senza SMAPI almeno una volta (in modo che possa eseguire la configurazione iniziale).<\/li><li>Scarica l&#8217;ultima versione di SMAPI da&nbsp;<a href=\"https:\/\/www.nexusmods.com\/stardewvalley\/mods\/2400\" target=\"_blank\" rel=\"noreferrer noopener\">QUI<\/a><\/li><li>Estrai il file .zip da qualche parte (ma non nella cartella del gioco!).<\/li><li>Fai doppio clic su installa su Windows.bat e segui le istruzioni sullo schermo.<br>L&#8217;installer rilever\u00e0 il tuo gioco e aggiunger\u00e0 SMAPI per te. In alternativa, andare nella cartella &#8220;internal&#8221; ed estrarre con un programma come 7-zip o winzip o winrar il file &#8220;windows-install.dat (che in realt\u00e0 \u00e8 un semplice .zip), a questo punto copiare tutto il suo contenuto nella cartella di installazione del gioco. Le mod andranno inserite nella cartella Mods. Per avviare il gioco caricando le mod, avviare &#8220;StardewModdingAPI.exe<\/li><\/ol>\n\n\n\n<p>Per ulteriori informazioni, click&nbsp;<a href=\"https:\/\/stardewvalleywiki.com\/Modding:Player_Guide\/Getting_Started\" target=\"_blank\" rel=\"noreferrer noopener\">QUI<\/a>&nbsp;(inglese).<\/p>\n\n\n\n<h2 class=\"wp-block-heading\">Parte 2: le migliori mod<\/h2>\n\n\n\n<ul class=\"wp-block-list\"><li><a rel=\"noreferrer noopener\" href=\"https:\/\/stardewvalleywiki.com\/Modding:Player_Guide\/Getting_Started\" target=\"_blank\">QUESTA<\/a>&nbsp;mod permette di avere i trucchi! Premi &#8216;p&#8217; durante il gioco per attivare il men\u00f9<\/li><li>Con <a rel=\"noreferrer noopener\" href=\"https:\/\/www.nexusmods.com\/stardewvalley\/mods\/239\" target=\"_blank\">QUESTA<\/a>&nbsp;mod permette di vedere sulla mappa tutti gli NPC<\/li><li>Mentre <a rel=\"noreferrer noopener\" href=\"https:\/\/www.nexusmods.com\/stardewvalley\/mods\/93\" target=\"_blank\">QUESTA<\/a>&nbsp;mod permette, premento &#8216;i&#8217; di aprire un men\u00f9 che permette di prendere qualunque oggetto del gioco. Per cambiare la quantit\u00e0, usa il tasto shift di sinistra e la rotella del mouse per cambiare la quantit\u00e0.<\/li><li><a rel=\"noreferrer noopener\" href=\"https:\/\/www.nexusmods.com\/stardewvalley\/mods\/541\" target=\"_blank\">QUESTA<\/a>&nbsp;mod permette, premendo F1, di controllare le informazioni sugli oggetti di gioco, i regali perfetti per un NPC e cos\u00ec via.<\/li><li>In <a rel=\"noreferrer noopener\" href=\"https:\/\/www.nexusmods.com\/stardewvalley\/mods\/229\" target=\"_blank\">QUESTA<\/a>&nbsp;mod visualizza un suggerimento utile che mostra i regali preferiti di un NPC quando si posiziona il mouse sul proprio compleanno sul calendario o sulla pagina social.<\/li><li><a rel=\"noreferrer noopener\" href=\"https:\/\/www.nexusmods.com\/stardewvalley\/mods\/518\" target=\"_blank\">QUESTA<\/a>&nbsp;mod permette di accedere alle tue chest, frigorifero, cestino di spedizione e rifugi Junimo da qualsiasi luogo e organizzali a modo tuo. Trasferisci gli oggetti senza dover correre, dalla comodit\u00e0 del tuo letto al livello miniera pi\u00f9 profondo. Include la modalit\u00e0 bilanciata opzionale.<\/li><li>Pure <a rel=\"noreferrer noopener\" href=\"https:\/\/www.nexusmods.com\/stardewvalley\/mods\/859\" target=\"_blank\">QUESTA<\/a><\/li><li><a rel=\"noreferrer noopener\" href=\"https:\/\/ilpixelmatto.it\/stardew-valley-mod.php\" target=\"_blank\">QUESTA<\/a>&nbsp;mod previene i falliti tentativi di mungitura\/tosatura e aggiunge un indicatore quando gli animali possono essere accarezzati o munti\/tosati.<\/li><li>Mentre <a rel=\"noreferrer noopener\" href=\"https:\/\/www.nexusmods.com\/stardewvalley\/mods\/1401\" target=\"_blank\">QUESTA<\/a>&nbsp;mod si spiega cos\u00ec: col trattore in tangenziale, andiamo a comandare! Aggiunge i trattori con i quali si pu\u00f2 lavorare pi\u00f9 velocemente!<\/li><li>Ma anche <a rel=\"noreferrer noopener\" href=\"https:\/\/www.nexusmods.com\/stardewvalley\/mods\/279\" target=\"_blank\">QUESTA<\/a><\/li><li><a rel=\"noreferrer noopener\" href=\"https:\/\/ilpixelmatto.it\/stardew-valley-mod.php\" target=\"_blank\">QUESTA<\/a>&nbsp;mod aggiunge un&#8217;etichetta al passaggio del mouse personalizzabile (tooltip) per rendere pi\u00f9 facile vedere se hai accarezzato un animale domestico o animale da fattoria.<\/li><li>Guarda <a rel=\"noreferrer noopener\" href=\"https:\/\/www.nexusmods.com\/stardewvalley\/mods\/1150\" target=\"_blank\">QUESTA<\/a>&nbsp;mod fornisce informazioni utili su ci\u00f2 che ti circonda, su ci\u00f2 che hai progettato per aiutarti a essere consapevole di ci\u00f2 che sta accadendo senza sentirti come se stessi imbrogliando.<\/li><li>Con&nbsp;<a rel=\"noreferrer noopener\" href=\"https:\/\/www.nexusmods.com\/stardewvalley\/mods\/1063\" target=\"_blank\">QUESTA<\/a>&nbsp;mod puoi posizionare una cassa accanto a una macchina (come una fornace o un cristallo), e la macchina tira automaticamente gli oggetti grezzi dalla chest e inserisce gli oggetti lavorati al suo interno. Collega pi\u00f9 macchine con un baule per collegarle in serie.<\/li><li>Grazie a <a rel=\"noreferrer noopener\" href=\"https:\/\/www.nexusmods.com\/stardewvalley\/mods\/5\" target=\"_blank\">QUESTA<\/a>&nbsp;mod ti permette di vedere il prezzo di vendita degli oggetti in tuo possesso.<\/li><li><a rel=\"noreferrer noopener\" href=\"https:\/\/www.nexusmods.com\/stardewvalley\/mods\/963\" target=\"_blank\">QUESTA<\/a>&nbsp;mod aggiunge un ascensore nella SKULL cavern.<\/li><li>Con <a rel=\"noreferrer noopener\" href=\"https:\/\/www.nexusmods.com\/stardewvalley\/mods\/314\" target=\"_blank\">QUESTA<\/a>&nbsp;mod mette un tooltip sui campi per farti vedere quali semi ci sono seminati.<\/li><li><a rel=\"noreferrer noopener\" href=\"https:\/\/www.nexusmods.com\/stardewvalley\/mods\/299\" target=\"_blank\">QUESTA<\/a>&nbsp;mod aggiunge un bagno dopo il secondo upgrade della casa.<\/li><li>Mentre <a rel=\"noreferrer noopener\" href=\"https:\/\/www.nexusmods.com\/stardewvalley\/mods\/127\" target=\"_blank\">QUESTA<\/a>&nbsp;\u00e8 un app che permette di modificare i file di salvataggio di Stardew Valley.<\/li><li>Invece <a rel=\"noreferrer noopener\" href=\"https:\/\/www.nexusmods.com\/stardewvalley\/mods\/169\" target=\"_blank\">QUESTA<\/a>&nbsp;mod ti permette di controllare il tempo, rallentarlo, aumentarlo e fermarlo.<\/li><li>Pensa che <a rel=\"noreferrer noopener\" href=\"https:\/\/www.nexusmods.com\/stardewvalley\/mods\/599\" target=\"_blank\">QUESTA<\/a>&nbsp;mod cambia i colori della mappa!<\/li><li><a rel=\"noreferrer noopener\" href=\"https:\/\/www.nexusmods.com\/stardewvalley\/mods\/891\" target=\"_blank\">QUESTA<\/a>&nbsp;mod \u00e8 magica. Faresti meglio a farlo, ci \u00e8 voluto molto tempo. Queste sono una versione stagionale degli edifici dell&#8217;epoca vittoriana e i fiori craftabili sono un ulteriore vantaggio.<\/li><\/ul>\n","protected":false},"excerpt":{"rendered":"<p>Stardew Valley Mod: SMAPI? Un &#8220;mod&#8221; \u00e8 solo un pacchetto di file che modifica Stardew Valley in qualche modo. I&hellip; <a class=\"read-more\" href=\"https:\/\/ilpixelmatto.it\/blog\/giochi-ilpixelmatto\/stardew-valley\/stardew-valley-mod\/\">Continua a leggere<\/a><\/p>\n","protected":false},"author":1,"featured_media":282,"parent":281,"menu_order":0,"comment_status":"open","ping_status":"closed","template":"","meta":{"wprm-recipe-roundup-name":"","wprm-recipe-roundup-description":"","footnotes":""},"class_list":["post-286","page","type-page","status-publish","has-post-thumbnail","hentry"],"yoast_head":"<!-- This site is optimized with the Yoast SEO plugin v27.6 - https:\/\/yoast.com\/product\/yoast-seo-wordpress\/ -->\n<title>Stardew Valley MOD! Le migliori le trovi qui! - IlPixelMatto<\/title>\n<meta name=\"description\" content=\"La lista delle migliori mod di Stardew Valley la trovi qui! Installa facilmente le migliori mod di Stardew Valley da questa pagina!\" \/>\n<meta name=\"robots\" content=\"index, follow, max-snippet:-1, max-image-preview:large, max-video-preview:-1\" \/>\n<link rel=\"canonical\" href=\"https:\/\/ilpixelmatto.it\/blog\/giochi-ilpixelmatto\/stardew-valley\/stardew-valley-mod\/\" \/>\n<meta property=\"og:locale\" content=\"it_IT\" \/>\n<meta property=\"og:type\" content=\"article\" \/>\n<meta property=\"og:title\" content=\"Stardew Valley MOD! Le migliori le trovi qui! - IlPixelMatto\" \/>\n<meta property=\"og:description\" content=\"La lista delle migliori mod di Stardew Valley la trovi qui! Installa facilmente le migliori mod di Stardew Valley da questa pagina!\" \/>\n<meta property=\"og:url\" content=\"https:\/\/ilpixelmatto.it\/blog\/giochi-ilpixelmatto\/stardew-valley\/stardew-valley-mod\/\" \/>\n<meta property=\"og:site_name\" content=\"IlPixelMatto\" \/>\n<meta property=\"article:publisher\" content=\"https:\/\/facebook.com\/ilpixelmatto\" \/>\n<meta property=\"article:modified_time\" content=\"2020-03-16T16:31:06+00:00\" \/>\n<meta property=\"og:image\" content=\"https:\/\/ilpixelmatto.it\/blog\/wp-content\/uploads\/2020\/03\/mod-stardew-valley.jpg\" \/>\n\t<meta property=\"og:image:width\" content=\"800\" \/>\n\t<meta property=\"og:image:height\" content=\"450\" \/>\n\t<meta property=\"og:image:type\" content=\"image\/jpeg\" \/>\n<meta name=\"twitter:card\" content=\"summary_large_image\" \/>\n<meta name=\"twitter:site\" content=\"@ilpixelmatto\" \/>\n<meta name=\"twitter:label1\" content=\"Tempo di lettura stimato\" \/>\n\t<meta name=\"twitter:data1\" content=\"4 minuti\" \/>\n<script type=\"application\/ld+json\" class=\"yoast-schema-graph\">{\"@context\":\"https:\\\/\\\/schema.org\",\"@graph\":[{\"@type\":\"WebPage\",\"@id\":\"https:\\\/\\\/ilpixelmatto.it\\\/blog\\\/giochi-ilpixelmatto\\\/stardew-valley\\\/stardew-valley-mod\\\/\",\"url\":\"https:\\\/\\\/ilpixelmatto.it\\\/blog\\\/giochi-ilpixelmatto\\\/stardew-valley\\\/stardew-valley-mod\\\/\",\"name\":\"Stardew Valley MOD! Le migliori le trovi qui! - IlPixelMatto\",\"isPartOf\":{\"@id\":\"https:\\\/\\\/ilpixelmatto.it\\\/blog\\\/#website\"},\"primaryImageOfPage\":{\"@id\":\"https:\\\/\\\/ilpixelmatto.it\\\/blog\\\/giochi-ilpixelmatto\\\/stardew-valley\\\/stardew-valley-mod\\\/#primaryimage\"},\"image\":{\"@id\":\"https:\\\/\\\/ilpixelmatto.it\\\/blog\\\/giochi-ilpixelmatto\\\/stardew-valley\\\/stardew-valley-mod\\\/#primaryimage\"},\"thumbnailUrl\":\"https:\\\/\\\/ilpixelmatto.it\\\/blog\\\/wp-content\\\/uploads\\\/2020\\\/03\\\/mod-stardew-valley.jpg\",\"datePublished\":\"2020-03-15T10:41:01+00:00\",\"dateModified\":\"2020-03-16T16:31:06+00:00\",\"description\":\"La lista delle migliori mod di Stardew Valley la trovi qui! Installa facilmente le migliori mod di Stardew Valley da questa pagina!\",\"breadcrumb\":{\"@id\":\"https:\\\/\\\/ilpixelmatto.it\\\/blog\\\/giochi-ilpixelmatto\\\/stardew-valley\\\/stardew-valley-mod\\\/#breadcrumb\"},\"inLanguage\":\"it-IT\",\"potentialAction\":[{\"@type\":\"ReadAction\",\"target\":[\"https:\\\/\\\/ilpixelmatto.it\\\/blog\\\/giochi-ilpixelmatto\\\/stardew-valley\\\/stardew-valley-mod\\\/\"]}]},{\"@type\":\"ImageObject\",\"inLanguage\":\"it-IT\",\"@id\":\"https:\\\/\\\/ilpixelmatto.it\\\/blog\\\/giochi-ilpixelmatto\\\/stardew-valley\\\/stardew-valley-mod\\\/#primaryimage\",\"url\":\"https:\\\/\\\/ilpixelmatto.it\\\/blog\\\/wp-content\\\/uploads\\\/2020\\\/03\\\/mod-stardew-valley.jpg\",\"contentUrl\":\"https:\\\/\\\/ilpixelmatto.it\\\/blog\\\/wp-content\\\/uploads\\\/2020\\\/03\\\/mod-stardew-valley.jpg\",\"width\":800,\"height\":450,\"caption\":\"stardew valley mod\"},{\"@type\":\"BreadcrumbList\",\"@id\":\"https:\\\/\\\/ilpixelmatto.it\\\/blog\\\/giochi-ilpixelmatto\\\/stardew-valley\\\/stardew-valley-mod\\\/#breadcrumb\",\"itemListElement\":[{\"@type\":\"ListItem\",\"position\":1,\"name\":\"Home\",\"item\":\"https:\\\/\\\/ilpixelmatto.it\\\/blog\\\/\"},{\"@type\":\"ListItem\",\"position\":2,\"name\":\"Giochi che IlPixelMatto porta\",\"item\":\"https:\\\/\\\/ilpixelmatto.it\\\/blog\\\/giochi-ilpixelmatto\\\/\"},{\"@type\":\"ListItem\",\"position\":3,\"name\":\"Stardew Valley\",\"item\":\"https:\\\/\\\/ilpixelmatto.it\\\/blog\\\/giochi-ilpixelmatto\\\/stardew-valley\\\/\"},{\"@type\":\"ListItem\",\"position\":4,\"name\":\"Stardew Valley MOD\"}]},{\"@type\":\"WebSite\",\"@id\":\"https:\\\/\\\/ilpixelmatto.it\\\/blog\\\/#website\",\"url\":\"https:\\\/\\\/ilpixelmatto.it\\\/blog\\\/\",\"name\":\"IlPixelMatto\",\"description\":\"Harry Potter Hogwarts Mystery, fantascienza e tecnologia!\",\"publisher\":{\"@id\":\"https:\\\/\\\/ilpixelmatto.it\\\/blog\\\/#organization\"},\"potentialAction\":[{\"@type\":\"SearchAction\",\"target\":{\"@type\":\"EntryPoint\",\"urlTemplate\":\"https:\\\/\\\/ilpixelmatto.it\\\/blog\\\/?s={search_term_string}\"},\"query-input\":{\"@type\":\"PropertyValueSpecification\",\"valueRequired\":true,\"valueName\":\"search_term_string\"}}],\"inLanguage\":\"it-IT\"},{\"@type\":\"Organization\",\"@id\":\"https:\\\/\\\/ilpixelmatto.it\\\/blog\\\/#organization\",\"name\":\"IlPixelMatto\",\"url\":\"https:\\\/\\\/ilpixelmatto.it\\\/blog\\\/\",\"logo\":{\"@type\":\"ImageObject\",\"inLanguage\":\"it-IT\",\"@id\":\"https:\\\/\\\/ilpixelmatto.it\\\/blog\\\/#\\\/schema\\\/logo\\\/image\\\/\",\"url\":\"https:\\\/\\\/ilpixelmatto.it\\\/blog\\\/wp-content\\\/uploads\\\/2020\\\/03\\\/final_icon_Tondo-e1584128588290.png\",\"contentUrl\":\"https:\\\/\\\/ilpixelmatto.it\\\/blog\\\/wp-content\\\/uploads\\\/2020\\\/03\\\/final_icon_Tondo-e1584128588290.png\",\"width\":250,\"height\":250,\"caption\":\"IlPixelMatto\"},\"image\":{\"@id\":\"https:\\\/\\\/ilpixelmatto.it\\\/blog\\\/#\\\/schema\\\/logo\\\/image\\\/\"},\"sameAs\":[\"https:\\\/\\\/facebook.com\\\/ilpixelmatto\",\"https:\\\/\\\/x.com\\\/ilpixelmatto\",\"https:\\\/\\\/instagram.com\\\/ilpixelmatto2.0\",\"https:\\\/\\\/www.youtube.com\\\/channel\\\/UCbpntaj_TeZpHu8d-aVr99w\\\/join\"]}]}<\/script>\n<!-- \/ Yoast SEO plugin. -->","yoast_head_json":{"title":"Stardew Valley MOD! Le migliori le trovi qui! - IlPixelMatto","description":"La lista delle migliori mod di Stardew Valley la trovi qui! Installa facilmente le migliori mod di Stardew Valley da questa pagina!","robots":{"index":"index","follow":"follow","max-snippet":"max-snippet:-1","max-image-preview":"max-image-preview:large","max-video-preview":"max-video-preview:-1"},"canonical":"https:\/\/ilpixelmatto.it\/blog\/giochi-ilpixelmatto\/stardew-valley\/stardew-valley-mod\/","og_locale":"it_IT","og_type":"article","og_title":"Stardew Valley MOD! Le migliori le trovi qui! - IlPixelMatto","og_description":"La lista delle migliori mod di Stardew Valley la trovi qui! Installa facilmente le migliori mod di Stardew Valley da questa pagina!","og_url":"https:\/\/ilpixelmatto.it\/blog\/giochi-ilpixelmatto\/stardew-valley\/stardew-valley-mod\/","og_site_name":"IlPixelMatto","article_publisher":"https:\/\/facebook.com\/ilpixelmatto","article_modified_time":"2020-03-16T16:31:06+00:00","og_image":[{"width":800,"height":450,"url":"https:\/\/ilpixelmatto.it\/blog\/wp-content\/uploads\/2020\/03\/mod-stardew-valley.jpg","type":"image\/jpeg"}],"twitter_card":"summary_large_image","twitter_site":"@ilpixelmatto","twitter_misc":{"Tempo di lettura stimato":"4 minuti"},"schema":{"@context":"https:\/\/schema.org","@graph":[{"@type":"WebPage","@id":"https:\/\/ilpixelmatto.it\/blog\/giochi-ilpixelmatto\/stardew-valley\/stardew-valley-mod\/","url":"https:\/\/ilpixelmatto.it\/blog\/giochi-ilpixelmatto\/stardew-valley\/stardew-valley-mod\/","name":"Stardew Valley MOD! Le migliori le trovi qui! - IlPixelMatto","isPartOf":{"@id":"https:\/\/ilpixelmatto.it\/blog\/#website"},"primaryImageOfPage":{"@id":"https:\/\/ilpixelmatto.it\/blog\/giochi-ilpixelmatto\/stardew-valley\/stardew-valley-mod\/#primaryimage"},"image":{"@id":"https:\/\/ilpixelmatto.it\/blog\/giochi-ilpixelmatto\/stardew-valley\/stardew-valley-mod\/#primaryimage"},"thumbnailUrl":"https:\/\/ilpixelmatto.it\/blog\/wp-content\/uploads\/2020\/03\/mod-stardew-valley.jpg","datePublished":"2020-03-15T10:41:01+00:00","dateModified":"2020-03-16T16:31:06+00:00","description":"La lista delle migliori mod di Stardew Valley la trovi qui! Installa facilmente le migliori mod di Stardew Valley da questa pagina!","breadcrumb":{"@id":"https:\/\/ilpixelmatto.it\/blog\/giochi-ilpixelmatto\/stardew-valley\/stardew-valley-mod\/#breadcrumb"},"inLanguage":"it-IT","potentialAction":[{"@type":"ReadAction","target":["https:\/\/ilpixelmatto.it\/blog\/giochi-ilpixelmatto\/stardew-valley\/stardew-valley-mod\/"]}]},{"@type":"ImageObject","inLanguage":"it-IT","@id":"https:\/\/ilpixelmatto.it\/blog\/giochi-ilpixelmatto\/stardew-valley\/stardew-valley-mod\/#primaryimage","url":"https:\/\/ilpixelmatto.it\/blog\/wp-content\/uploads\/2020\/03\/mod-stardew-valley.jpg","contentUrl":"https:\/\/ilpixelmatto.it\/blog\/wp-content\/uploads\/2020\/03\/mod-stardew-valley.jpg","width":800,"height":450,"caption":"stardew valley mod"},{"@type":"BreadcrumbList","@id":"https:\/\/ilpixelmatto.it\/blog\/giochi-ilpixelmatto\/stardew-valley\/stardew-valley-mod\/#breadcrumb","itemListElement":[{"@type":"ListItem","position":1,"name":"Home","item":"https:\/\/ilpixelmatto.it\/blog\/"},{"@type":"ListItem","position":2,"name":"Giochi che IlPixelMatto porta","item":"https:\/\/ilpixelmatto.it\/blog\/giochi-ilpixelmatto\/"},{"@type":"ListItem","position":3,"name":"Stardew Valley","item":"https:\/\/ilpixelmatto.it\/blog\/giochi-ilpixelmatto\/stardew-valley\/"},{"@type":"ListItem","position":4,"name":"Stardew Valley MOD"}]},{"@type":"WebSite","@id":"https:\/\/ilpixelmatto.it\/blog\/#website","url":"https:\/\/ilpixelmatto.it\/blog\/","name":"IlPixelMatto","description":"Harry Potter Hogwarts Mystery, fantascienza e tecnologia!","publisher":{"@id":"https:\/\/ilpixelmatto.it\/blog\/#organization"},"potentialAction":[{"@type":"SearchAction","target":{"@type":"EntryPoint","urlTemplate":"https:\/\/ilpixelmatto.it\/blog\/?s={search_term_string}"},"query-input":{"@type":"PropertyValueSpecification","valueRequired":true,"valueName":"search_term_string"}}],"inLanguage":"it-IT"},{"@type":"Organization","@id":"https:\/\/ilpixelmatto.it\/blog\/#organization","name":"IlPixelMatto","url":"https:\/\/ilpixelmatto.it\/blog\/","logo":{"@type":"ImageObject","inLanguage":"it-IT","@id":"https:\/\/ilpixelmatto.it\/blog\/#\/schema\/logo\/image\/","url":"https:\/\/ilpixelmatto.it\/blog\/wp-content\/uploads\/2020\/03\/final_icon_Tondo-e1584128588290.png","contentUrl":"https:\/\/ilpixelmatto.it\/blog\/wp-content\/uploads\/2020\/03\/final_icon_Tondo-e1584128588290.png","width":250,"height":250,"caption":"IlPixelMatto"},"image":{"@id":"https:\/\/ilpixelmatto.it\/blog\/#\/schema\/logo\/image\/"},"sameAs":["https:\/\/facebook.com\/ilpixelmatto","https:\/\/x.com\/ilpixelmatto","https:\/\/instagram.com\/ilpixelmatto2.0","https:\/\/www.youtube.com\/channel\/UCbpntaj_TeZpHu8d-aVr99w\/join"]}]}},"_links":{"self":[{"href":"https:\/\/ilpixelmatto.it\/blog\/wp-json\/wp\/v2\/pages\/286","targetHints":{"allow":["GET"]}}],"collection":[{"href":"https:\/\/ilpixelmatto.it\/blog\/wp-json\/wp\/v2\/pages"}],"about":[{"href":"https:\/\/ilpixelmatto.it\/blog\/wp-json\/wp\/v2\/types\/page"}],"author":[{"embeddable":true,"href":"https:\/\/ilpixelmatto.it\/blog\/wp-json\/wp\/v2\/users\/1"}],"replies":[{"embeddable":true,"href":"https:\/\/ilpixelmatto.it\/blog\/wp-json\/wp\/v2\/comments?post=286"}],"version-history":[{"count":3,"href":"https:\/\/ilpixelmatto.it\/blog\/wp-json\/wp\/v2\/pages\/286\/revisions"}],"predecessor-version":[{"id":434,"href":"https:\/\/ilpixelmatto.it\/blog\/wp-json\/wp\/v2\/pages\/286\/revisions\/434"}],"up":[{"embeddable":true,"href":"https:\/\/ilpixelmatto.it\/blog\/wp-json\/wp\/v2\/pages\/281"}],"wp:featuredmedia":[{"embeddable":true,"href":"https:\/\/ilpixelmatto.it\/blog\/wp-json\/wp\/v2\/media\/282"}],"wp:attachment":[{"href":"https:\/\/ilpixelmatto.it\/blog\/wp-json\/wp\/v2\/media?parent=286"}],"curies":[{"name":"wp","href":"https:\/\/api.w.org\/{rel}","templated":true}]}}