{"id":301,"date":"2020-03-15T12:09:16","date_gmt":"2020-03-15T11:09:16","guid":{"rendered":"https:\/\/ilpixelmatto.it\/blog\/?page_id=301"},"modified":"2022-02-28T12:18:27","modified_gmt":"2022-02-28T11:18:27","slug":"harry-potter-wizards-unite","status":"publish","type":"page","link":"https:\/\/ilpixelmatto.it\/blog\/harry-potter-wizards-unite\/","title":{"rendered":"Harry Potter Wizards Unite"},"content":{"rendered":"\n<p> Quello di Pok\u00e9mon GO \u00e8 stato un successo a dir poco &#8220;magico&#8221;. Aspiranti allenatori di ogni et\u00e0 si sono riversati nelle strade alla ricerca di quegli adorabili mostriciattoli che, tramite la realt\u00e0 aumentata, popolano tutt&#8217;oggi gli angoli delle nostre citt\u00e0. Ed ora, molti di loro, poseranno le Pok\u00e9 Ball, per indossare cappello e mantello ed armarsi di una bacchetta, possibilmente quella di Sambuco, anche se sappiamo che pessima nomea ha! Niantic, in collaborazione con Warner Bros., \u00e8 infatti pronta a ripetere la stessa magia di Pok\u00e9mon Go con Harry Potter: Wizards Unite, il nuovo titolo su licenza ispirato all&#8217;immortale mitologia creata dalla Rowling. <\/p>\n\n\n\n<figure class=\"wp-block-image size-large\"><img loading=\"lazy\" decoding=\"async\" width=\"1024\" height=\"683\" src=\"https:\/\/ilpixelmatto.it\/blog\/wp-content\/uploads\/2020\/03\/wizards-united-fierobecco-1024x683.jpg\" alt=\"wizards unite\" class=\"wp-image-263\" srcset=\"https:\/\/ilpixelmatto.it\/blog\/wp-content\/uploads\/2020\/03\/wizards-united-fierobecco-1024x683.jpg 1024w, https:\/\/ilpixelmatto.it\/blog\/wp-content\/uploads\/2020\/03\/wizards-united-fierobecco-300x200.jpg 300w, https:\/\/ilpixelmatto.it\/blog\/wp-content\/uploads\/2020\/03\/wizards-united-fierobecco-768x512.jpg 768w, https:\/\/ilpixelmatto.it\/blog\/wp-content\/uploads\/2020\/03\/wizards-united-fierobecco-405x270.jpg 405w, https:\/\/ilpixelmatto.it\/blog\/wp-content\/uploads\/2020\/03\/wizards-united-fierobecco.jpg 1200w\" sizes=\"auto, (max-width: 1024px) 100vw, 1024px\" \/><figcaption> Bello l&#8217;ippogrifo<br>Un bell&#8217;issimo esemplare di Ippogrifo! Chiss\u00e0 se nel gioco lo incontreremo! Chiss\u00e0 se potremo incontrare il nostro amico Fierobecco o se magari riusciremo ad addestrarne uno e portarlo con noi! Chiss\u00e0 se avremo una valigia in stile Newt Scamander dove poter mettere tutti i nostri animali che man mano salviamo! <\/figcaption><\/figure>\n\n\n\n<p>Recuperando i presupposti ludici alla base del titolo precedente, il gioco, arrivato su dispositivi mobile (si, ci sto facendo dei gameplay) ci invoglia ad invadere ancora una volta le vie cittadine. Da quel che si pu\u00f2 vedere dalle varie foto e video, \u00e8 ben lontano da essere un semplice clone o un banale reskin in salsa &#8220;potteriana&#8221; del suo predecessore spirituale, Wizards Unite si \u00e8 rivelato la prova della maturit\u00e0 per lo studio di San Francisco, che continua il cammino di perfezionamento iniziato anni fa con Ingress. Infatti, molti di coloro che giocavano ad Ingress avranno sicuramente notato la somiglianza con il gioco di Pokemon GO, questa volta possiamo rimanere piacevolmente sorpresi con un sistema di combattimento nelle fortezze e molto altro ancora! Ci saranno dei duelli, avranno un costo in ENERGIA! Per fortuna non esattamente come in\u00a0<a href=\"https:\/\/ilpixelmatto.it\/blog\/harry-potter-hogwarts-mystery\/ecco-la-guida-a-harry-potter-hogwarts-mystery\/\">Harry Potter Hogwarts Mystery<\/a>, che l&#8217;energia rovina il gioco. I giocatori possono infatti poi ricaricare l\u2019energia degli incantesimi in particolari punti della mappa, dove troveranno anche ingredienti magici per speciali pozioni, Passaporte per raggiungere iconiche location del wizarding world e tanto altro ancora.<br>Le abilit\u00e0 in combattimento di streghe e maghi vengono poi testate in alcune location del mondo reale chiamate appunto Fortezze, punti chiave che daranno vita a Sfide Magiche. Queste battaglie multiplayer in tempo reale contro pericolosi nemici richiederanno ai giocatori di unire le loro forze per sconfiggere minacce sempre pi\u00f9 potenti e sbloccare rare ricompense.<\/p>\n\n\n\n<h2 class=\"wp-block-heading\">Il gioco<\/h2>\n\n\n\n<p>Credevate che dopo la sconfitta di &#8220;voi-sapete-chi&#8221; la pace avrebbe regnato per sempre? Sbagliavate: un misterioso ed inspiegabile avvenimento, chiamato Calamit\u00e0, ha diffuso vari oggetti e creature incantate in giro per il reame dei babbani (no-mag per il ministero americano).<\/p>\n\n\n\n<figure class=\"wp-block-image size-large\"><img loading=\"lazy\" decoding=\"async\" width=\"1024\" height=\"576\" src=\"https:\/\/ilpixelmatto.it\/blog\/wp-content\/uploads\/2020\/03\/wizards-unite-dissennatore-1-1024x576.jpg\" alt=\"wizards unite dissennatore\" class=\"wp-image-304\" srcset=\"https:\/\/ilpixelmatto.it\/blog\/wp-content\/uploads\/2020\/03\/wizards-unite-dissennatore-1-1024x576.jpg 1024w, https:\/\/ilpixelmatto.it\/blog\/wp-content\/uploads\/2020\/03\/wizards-unite-dissennatore-1-300x169.jpg 300w, https:\/\/ilpixelmatto.it\/blog\/wp-content\/uploads\/2020\/03\/wizards-unite-dissennatore-1-768x432.jpg 768w, https:\/\/ilpixelmatto.it\/blog\/wp-content\/uploads\/2020\/03\/wizards-unite-dissennatore-1-480x270.jpg 480w, https:\/\/ilpixelmatto.it\/blog\/wp-content\/uploads\/2020\/03\/wizards-unite-dissennatore-1.jpg 1280w\" sizes=\"auto, (max-width: 1024px) 100vw, 1024px\" \/><figcaption> Un dissennatore!<br>Aiutiamo il povero Harry a salvarsi dai dissennatori! Dopotutto si sa, gli fanno sempre un brutto effetto! Sono comunque sicuro che Harry e il suo patronus siano in grado di cavarsela da soli, anzi, che sia Harry a dover salvare noi da loro! Ma soprattutto, i dissennatori, non erano TUTTI sotto il controllo del ministero? Cosa ci fa un dissennatori a little whinging? (cit.) <\/figcaption><\/figure>\n\n\n\n<p>Il rischio \u00e8 che il mondo della magia venga ben presto smascherato: ecco perch\u00e9 il Ministero ha chiesto l&#8217;intervento e l&#8217;arruolamento di tutti i maghi sufficientemente abili da poter contrastare il pericolo imminente. Da qui, noi, attraverso il nostro Smartphone, famoso emh sttrumento magico, ptremo osservare gli effetti della &#8220;Calamit\u00e0&#8221; all&#8217;interno della dimensione umana. L&#8217;obiettivo consiste semplicemente nello scovare tutte le tracce nascoste e ricondurle alla loro dimora originale, prima che qualche babbano si accorga della loro presenza. Per farlo dovremo scendere in strada, rigorosamente in incognito, insieme ai nostri colleghi e riportare tutto alla normalit\u00e0, cos\u00ec da evitare la catastrofe.<\/p>\n\n\n\n<figure class=\"wp-block-image size-large\"><img loading=\"lazy\" decoding=\"async\" width=\"679\" height=\"1024\" src=\"https:\/\/ilpixelmatto.it\/blog\/wp-content\/uploads\/2020\/03\/wizards-unite-ron-weasley-679x1024.png\" alt=\"wizards unite ron weasley\" class=\"wp-image-306\" srcset=\"https:\/\/ilpixelmatto.it\/blog\/wp-content\/uploads\/2020\/03\/wizards-unite-ron-weasley-679x1024.png 679w, https:\/\/ilpixelmatto.it\/blog\/wp-content\/uploads\/2020\/03\/wizards-unite-ron-weasley-199x300.png 199w, https:\/\/ilpixelmatto.it\/blog\/wp-content\/uploads\/2020\/03\/wizards-unite-ron-weasley-179x270.png 179w, https:\/\/ilpixelmatto.it\/blog\/wp-content\/uploads\/2020\/03\/wizards-unite-ron-weasley.png 716w\" sizes=\"auto, (max-width: 679px) 100vw, 679px\" \/><figcaption> Ma quella e&#8217; un acromantula?<br>Salviamo il nostro amico Ron Weasley dall&#8217;attacco del molliccio ragno! Anche questa, \u00e8 una cosa nuova e mai vista, non \u00e8 stata copiata dai libri, ovviamente&#8230; Speriamo anche in cose innovative!<\/figcaption><\/figure>\n\n\n\n<h2 class=\"wp-block-heading\">Ambientazione<\/h2>\n\n\n\n<p>Il gioco \u00e8 ambientato ai giorni nostri, dopo gli eventi de I Doni della Morte, Wizards Unite riunisce diversi elementi estrapolati sia dalla saga di Harry Potter sia da quella di Animali Fantastici, ricorrendo ad un&#8217;iconografia tratta chiaramente alla visione cinematografica dei due fanchise. Una volta avviata l&#8217;applicazione, verremo catapultati in una mappa che ricorda in tutto e per tutto quella di Pok\u00e9mon GO: in questo caso, per\u00f2, le icone che puntellano le strade appartengono all&#8217;immaginario della Rowling, creando cos\u00ec uno spiccato e suggestivo contrasto tra la visione realistica del mondo umano e quella fiabesca dell&#8217;universo magico. Prima di metterci in cammino, in ogni caso, dovremo selezionare sia la casa di appartenenza, sia la professione nella quale desideriamo specializzarci.<br>Infatti avremo a disposizione diverse scelte da dover effettuare:<br>Scegliere Grifondoro al posto di Serpeverde, o Tassorosso invece di Corvonero influenzer\u00e0 il colore dell&#8217;abbigliamento del nostro avatar, mentre decidere di diventare un Auror, un Magizoologo o un Professore comporter\u00e0 alcune modifiche in termini di abilit\u00e0 in dotazione, accuratamente elencate da un apposito skill tree. <\/p>\n\n\n\n<figure class=\"wp-block-image size-large\"><img loading=\"lazy\" decoding=\"async\" width=\"960\" height=\"960\" src=\"https:\/\/ilpixelmatto.it\/blog\/wp-content\/uploads\/2020\/03\/wizards-unite-snaso.jpg\" alt=\"wizards unite snaso\" class=\"wp-image-307\" srcset=\"https:\/\/ilpixelmatto.it\/blog\/wp-content\/uploads\/2020\/03\/wizards-unite-snaso.jpg 960w, https:\/\/ilpixelmatto.it\/blog\/wp-content\/uploads\/2020\/03\/wizards-unite-snaso-300x300.jpg 300w, https:\/\/ilpixelmatto.it\/blog\/wp-content\/uploads\/2020\/03\/wizards-unite-snaso-150x150.jpg 150w, https:\/\/ilpixelmatto.it\/blog\/wp-content\/uploads\/2020\/03\/wizards-unite-snaso-768x768.jpg 768w, https:\/\/ilpixelmatto.it\/blog\/wp-content\/uploads\/2020\/03\/wizards-unite-snaso-270x270.jpg 270w\" sizes=\"auto, (max-width: 960px) 100vw, 960px\" \/><figcaption>Uno snaso!<br>Durante il gioco, incontreremo un sacco di creature magiche, da salvare, questa cosa chiamata con molta fantasia &#8220;Calamit\u00e0&#8221;, dovremmo nasconderli, salvarli, cercare di far s\u00ec che i babbani non li notino! <\/figcaption><\/figure>\n\n\n\n<h2 class=\"wp-block-heading\">Un gioco di ruolo?<\/h2>\n\n\n\n<p>Come in un gioco di ruolo, in Harry Potter Wizards Unite sia il nostro avatar sia il mostro che ci ostacola posseggono un certo numero di punti vita: il nostro obiettivo consister\u00e0 nel muovere la bacchetta, agendo sul bordo inferiore dello schermo, fino a centrare il bersaglio; dopodich\u00e9 non dovremo far altro che disegnare nella maniera migliore il glifo che appare di fronte a noi, cos\u00ec da mettere a segno l&#8217;incantesimo e colpire il nemico. Quando arriver\u00e0 il turno dell&#8217;avversario, ci toccher\u00e0 invece compiere lo stesso procedimento in difesa: maggiore sar\u00e0 il tempismo e la precisione nel riprodurre il segno, minore sar\u00e0 il danno che subiremo. Prima di giungere alle battaglie nelle Fortezze (spesso situate accanto ai monumenti pi\u00f9 importanti della citt\u00e0), diverr\u00e0 per\u00f2 essenziale migliorare le nostre abilit\u00e0 come mago, muovendoci in giro per la mappa e dando il via ad alcuni eventi, opportunamente segnalati sotto forma di medaglioni di differente colorazione. In alcuni casi, come un novello Scamander, dovremo liberare alcuni animali fantastici intrappolati nel mondo reale, allineando dei simboli che si manifestano sul pannello del nostro smartphone e tracciando i glifi richiesti dall&#8217;incantesimo di turno. In altre istanze, invece, ci imbatteremo negli iconici protagonisti della saga, come Harry ed Hagrid, sempre invischiati in situazioni problematiche: se li salveremo, verremo premiati con un maggior quantitativo di esperienza per salire di livello, ed otterremo anche dei collezionabili che rimpingueranno il nostro &#8220;album di figurine&#8221;. Ciascun evento \u00e8 poi contrassegnato da uno determinato grado di pericolo, che corrisponde al panico che scatenerebbe tra i babbani qualora venisse scoperto. Vedere il buon Potter aggredito da un Dissennatore, del resto, risulta molto pi\u00f9 sconvolgente di osservare un tenero Demiguise mentre si aggira per i vicoli della citt\u00e0.<\/p>\n\n\n\n<figure class=\"wp-block-image size-large\"><img loading=\"lazy\" decoding=\"async\" width=\"1024\" height=\"708\" src=\"https:\/\/ilpixelmatto.it\/blog\/wp-content\/uploads\/2020\/03\/wizards-unite-gameplay-1024x708.jpg\" alt=\"wizards unite gameplay\" class=\"wp-image-305\" srcset=\"https:\/\/ilpixelmatto.it\/blog\/wp-content\/uploads\/2020\/03\/wizards-unite-gameplay-1024x708.jpg 1024w, https:\/\/ilpixelmatto.it\/blog\/wp-content\/uploads\/2020\/03\/wizards-unite-gameplay-300x208.jpg 300w, https:\/\/ilpixelmatto.it\/blog\/wp-content\/uploads\/2020\/03\/wizards-unite-gameplay-768x531.jpg 768w, https:\/\/ilpixelmatto.it\/blog\/wp-content\/uploads\/2020\/03\/wizards-unite-gameplay-390x270.jpg 390w, https:\/\/ilpixelmatto.it\/blog\/wp-content\/uploads\/2020\/03\/wizards-unite-gameplay.jpg 1200w\" sizes=\"auto, (max-width: 1024px) 100vw, 1024px\" \/><figcaption>Gameplay<br>Chiss\u00e0 il gameplay come sar\u00e0 fatto, mi auguro sia qualcosa di attivo, non ripetitivo, ma soprattutto che si evolva col tempo, non un clone di pok\u00e9mon GO dove una volta capito il gioco, bisogna solo girare per i pok\u00e9 stop, prendere le pok\u00e9 Ball e mettere i pok\u00e9mon nelle palestre. <\/figcaption><\/figure>\n\n\n\n<p>Sparsi lungo la mappa, infine, ci saranno anche numerosi ingredienti di diverso genere da raccogliere con avidit\u00e0, utili per creare elisir curativi o pozioni che acuiscono i nostri talenti. Simili materie prime potranno essere ottenute anche all&#8217;interno di botteghe virtuali chiamate Green House, e varieranno inoltre in base all&#8217;orario del giorno ed al clima del luogo in cui ci troveremo. La preparazione delle pozioni richieder\u00e0, com&#8217;era prevedibile, un variabile lasso di tempo prima del suo completamento: come moltissimi altri free to play per sistemi mobile, dunque, avremo l&#8217;opportunit\u00e0 di velocizzare il processo investendo le risorse risparmiate. Al momento non \u00e8 chiaro in che misura l&#8217;esborso di denaro reale semplificher\u00e0 l&#8217;esperienza ludica, possiamo solo sperare in bene! Tra gli oggetti da rinvenire non mancano anche le rarissime Passaporta che, se utilizzate, apriranno un varco da attraversare &#8220;fisicamente&#8221;. Sul display si spalancher\u00e0 infatti un vortice che condurr\u00e0 in un altro luogo: avanzando nella sua direzione, verremo trasportati in una bottega nella quale arraffare tutte le risorse disponibili entro un lasso di tempo predeterminato.<\/p>\n\n\n\n<h2 class=\"wp-block-heading\">DOWNLOAD di Harry Potter Wizards Unite<\/h2>\n\n\n\n<p>Per chi ha un dispositivo android, pu\u00f2 scaricare il gioco da&nbsp;<a href=\"https:\/\/play.google.com\/store\/apps\/details?id=com.nianticlabs.hpwu.prod&amp;hl=it\" target=\"_blank\" rel=\"noreferrer noopener\">QUESTO LINK<\/a>.<\/p>\n\n\n\n<p>Per chi ha un Iphone, pu\u00f2 scaricarlo da&nbsp;QUESTO LINK.<\/p>\n","protected":false},"excerpt":{"rendered":"<p>Quello di Pok\u00e9mon GO \u00e8 stato un successo a dir poco &#8220;magico&#8221;. Aspiranti allenatori di ogni et\u00e0 si sono riversati&hellip; <a class=\"read-more\" href=\"https:\/\/ilpixelmatto.it\/blog\/harry-potter-wizards-unite\/\">Continua a leggere<\/a><\/p>\n","protected":false},"author":1,"featured_media":310,"parent":0,"menu_order":0,"comment_status":"open","ping_status":"closed","template":"","meta":{"wprm-recipe-roundup-name":"","wprm-recipe-roundup-description":"","footnotes":""},"class_list":["post-301","page","type-page","status-publish","has-post-thumbnail","hentry"],"yoast_head":"<!-- This site is optimized with the Yoast SEO plugin v27.6 - https:\/\/yoast.com\/product\/yoast-seo-wordpress\/ -->\n<title>Harry Potter Wizards Unite Combatti i dissennatori con Harry - IlPixelMatto<\/title>\n<meta name=\"description\" content=\"Harry Potter Wizards unite! Il gioco per veri PotterHead! In Harry Potter Wizards Unite potete andare in giro a combattere i dissennatori ed aiutare Harry!\" \/>\n<meta name=\"robots\" content=\"index, follow, max-snippet:-1, max-image-preview:large, max-video-preview:-1\" \/>\n<link rel=\"canonical\" href=\"https:\/\/ilpixelmatto.it\/blog\/harry-potter-wizards-unite\/\" \/>\n<meta property=\"og:locale\" content=\"it_IT\" \/>\n<meta property=\"og:type\" content=\"article\" \/>\n<meta property=\"og:title\" content=\"Harry Potter Wizards Unite Combatti i dissennatori con Harry - IlPixelMatto\" \/>\n<meta property=\"og:description\" content=\"Harry Potter Wizards unite! Il gioco per veri PotterHead! In Harry Potter Wizards Unite potete andare in giro a combattere i dissennatori ed aiutare Harry!\" \/>\n<meta property=\"og:url\" content=\"https:\/\/ilpixelmatto.it\/blog\/harry-potter-wizards-unite\/\" \/>\n<meta property=\"og:site_name\" content=\"IlPixelMatto\" \/>\n<meta property=\"article:publisher\" content=\"https:\/\/facebook.com\/ilpixelmatto\" \/>\n<meta property=\"article:modified_time\" content=\"2022-02-28T11:18:27+00:00\" \/>\n<meta property=\"og:image\" content=\"https:\/\/ilpixelmatto.it\/blog\/wp-content\/uploads\/2020\/03\/hpwu-keyart.jpg\" \/>\n\t<meta property=\"og:image:width\" content=\"1920\" \/>\n\t<meta property=\"og:image:height\" content=\"1080\" \/>\n\t<meta property=\"og:image:type\" content=\"image\/jpeg\" \/>\n<meta name=\"twitter:card\" content=\"summary_large_image\" \/>\n<meta name=\"twitter:site\" content=\"@ilpixelmatto\" \/>\n<meta name=\"twitter:label1\" content=\"Tempo di lettura stimato\" \/>\n\t<meta name=\"twitter:data1\" content=\"7 minuti\" \/>\n<script type=\"application\/ld+json\" class=\"yoast-schema-graph\">{\"@context\":\"https:\\\/\\\/schema.org\",\"@graph\":[{\"@type\":\"WebPage\",\"@id\":\"https:\\\/\\\/ilpixelmatto.it\\\/blog\\\/harry-potter-wizards-unite\\\/\",\"url\":\"https:\\\/\\\/ilpixelmatto.it\\\/blog\\\/harry-potter-wizards-unite\\\/\",\"name\":\"Harry Potter Wizards Unite Combatti i dissennatori con Harry - IlPixelMatto\",\"isPartOf\":{\"@id\":\"https:\\\/\\\/ilpixelmatto.it\\\/blog\\\/#website\"},\"primaryImageOfPage\":{\"@id\":\"https:\\\/\\\/ilpixelmatto.it\\\/blog\\\/harry-potter-wizards-unite\\\/#primaryimage\"},\"image\":{\"@id\":\"https:\\\/\\\/ilpixelmatto.it\\\/blog\\\/harry-potter-wizards-unite\\\/#primaryimage\"},\"thumbnailUrl\":\"https:\\\/\\\/ilpixelmatto.it\\\/blog\\\/wp-content\\\/uploads\\\/2020\\\/03\\\/hpwu-keyart.jpg\",\"datePublished\":\"2020-03-15T11:09:16+00:00\",\"dateModified\":\"2022-02-28T11:18:27+00:00\",\"description\":\"Harry Potter Wizards unite! Il gioco per veri PotterHead! In Harry Potter Wizards Unite potete andare in giro a combattere i dissennatori ed aiutare Harry!\",\"breadcrumb\":{\"@id\":\"https:\\\/\\\/ilpixelmatto.it\\\/blog\\\/harry-potter-wizards-unite\\\/#breadcrumb\"},\"inLanguage\":\"it-IT\",\"potentialAction\":[{\"@type\":\"ReadAction\",\"target\":[\"https:\\\/\\\/ilpixelmatto.it\\\/blog\\\/harry-potter-wizards-unite\\\/\"]}]},{\"@type\":\"ImageObject\",\"inLanguage\":\"it-IT\",\"@id\":\"https:\\\/\\\/ilpixelmatto.it\\\/blog\\\/harry-potter-wizards-unite\\\/#primaryimage\",\"url\":\"https:\\\/\\\/ilpixelmatto.it\\\/blog\\\/wp-content\\\/uploads\\\/2020\\\/03\\\/hpwu-keyart.jpg\",\"contentUrl\":\"https:\\\/\\\/ilpixelmatto.it\\\/blog\\\/wp-content\\\/uploads\\\/2020\\\/03\\\/hpwu-keyart.jpg\",\"width\":1920,\"height\":1080,\"caption\":\"Harry Potter Wizards Unite\"},{\"@type\":\"BreadcrumbList\",\"@id\":\"https:\\\/\\\/ilpixelmatto.it\\\/blog\\\/harry-potter-wizards-unite\\\/#breadcrumb\",\"itemListElement\":[{\"@type\":\"ListItem\",\"position\":1,\"name\":\"Home\",\"item\":\"https:\\\/\\\/ilpixelmatto.it\\\/blog\\\/\"},{\"@type\":\"ListItem\",\"position\":2,\"name\":\"Harry Potter Wizards Unite\"}]},{\"@type\":\"WebSite\",\"@id\":\"https:\\\/\\\/ilpixelmatto.it\\\/blog\\\/#website\",\"url\":\"https:\\\/\\\/ilpixelmatto.it\\\/blog\\\/\",\"name\":\"IlPixelMatto\",\"description\":\"Harry Potter Hogwarts Mystery, fantascienza e tecnologia!\",\"publisher\":{\"@id\":\"https:\\\/\\\/ilpixelmatto.it\\\/blog\\\/#organization\"},\"potentialAction\":[{\"@type\":\"SearchAction\",\"target\":{\"@type\":\"EntryPoint\",\"urlTemplate\":\"https:\\\/\\\/ilpixelmatto.it\\\/blog\\\/?s={search_term_string}\"},\"query-input\":{\"@type\":\"PropertyValueSpecification\",\"valueRequired\":true,\"valueName\":\"search_term_string\"}}],\"inLanguage\":\"it-IT\"},{\"@type\":\"Organization\",\"@id\":\"https:\\\/\\\/ilpixelmatto.it\\\/blog\\\/#organization\",\"name\":\"IlPixelMatto\",\"url\":\"https:\\\/\\\/ilpixelmatto.it\\\/blog\\\/\",\"logo\":{\"@type\":\"ImageObject\",\"inLanguage\":\"it-IT\",\"@id\":\"https:\\\/\\\/ilpixelmatto.it\\\/blog\\\/#\\\/schema\\\/logo\\\/image\\\/\",\"url\":\"https:\\\/\\\/ilpixelmatto.it\\\/blog\\\/wp-content\\\/uploads\\\/2020\\\/03\\\/final_icon_Tondo-e1584128588290.png\",\"contentUrl\":\"https:\\\/\\\/ilpixelmatto.it\\\/blog\\\/wp-content\\\/uploads\\\/2020\\\/03\\\/final_icon_Tondo-e1584128588290.png\",\"width\":250,\"height\":250,\"caption\":\"IlPixelMatto\"},\"image\":{\"@id\":\"https:\\\/\\\/ilpixelmatto.it\\\/blog\\\/#\\\/schema\\\/logo\\\/image\\\/\"},\"sameAs\":[\"https:\\\/\\\/facebook.com\\\/ilpixelmatto\",\"https:\\\/\\\/x.com\\\/ilpixelmatto\",\"https:\\\/\\\/instagram.com\\\/ilpixelmatto2.0\",\"https:\\\/\\\/www.youtube.com\\\/channel\\\/UCbpntaj_TeZpHu8d-aVr99w\\\/join\"]}]}<\/script>\n<!-- \/ Yoast SEO plugin. -->","yoast_head_json":{"title":"Harry Potter Wizards Unite Combatti i dissennatori con Harry - IlPixelMatto","description":"Harry Potter Wizards unite! Il gioco per veri PotterHead! In Harry Potter Wizards Unite potete andare in giro a combattere i dissennatori ed aiutare Harry!","robots":{"index":"index","follow":"follow","max-snippet":"max-snippet:-1","max-image-preview":"max-image-preview:large","max-video-preview":"max-video-preview:-1"},"canonical":"https:\/\/ilpixelmatto.it\/blog\/harry-potter-wizards-unite\/","og_locale":"it_IT","og_type":"article","og_title":"Harry Potter Wizards Unite Combatti i dissennatori con Harry - IlPixelMatto","og_description":"Harry Potter Wizards unite! Il gioco per veri PotterHead! In Harry Potter Wizards Unite potete andare in giro a combattere i dissennatori ed aiutare Harry!","og_url":"https:\/\/ilpixelmatto.it\/blog\/harry-potter-wizards-unite\/","og_site_name":"IlPixelMatto","article_publisher":"https:\/\/facebook.com\/ilpixelmatto","article_modified_time":"2022-02-28T11:18:27+00:00","og_image":[{"width":1920,"height":1080,"url":"https:\/\/ilpixelmatto.it\/blog\/wp-content\/uploads\/2020\/03\/hpwu-keyart.jpg","type":"image\/jpeg"}],"twitter_card":"summary_large_image","twitter_site":"@ilpixelmatto","twitter_misc":{"Tempo di lettura stimato":"7 minuti"},"schema":{"@context":"https:\/\/schema.org","@graph":[{"@type":"WebPage","@id":"https:\/\/ilpixelmatto.it\/blog\/harry-potter-wizards-unite\/","url":"https:\/\/ilpixelmatto.it\/blog\/harry-potter-wizards-unite\/","name":"Harry Potter Wizards Unite Combatti i dissennatori con Harry - IlPixelMatto","isPartOf":{"@id":"https:\/\/ilpixelmatto.it\/blog\/#website"},"primaryImageOfPage":{"@id":"https:\/\/ilpixelmatto.it\/blog\/harry-potter-wizards-unite\/#primaryimage"},"image":{"@id":"https:\/\/ilpixelmatto.it\/blog\/harry-potter-wizards-unite\/#primaryimage"},"thumbnailUrl":"https:\/\/ilpixelmatto.it\/blog\/wp-content\/uploads\/2020\/03\/hpwu-keyart.jpg","datePublished":"2020-03-15T11:09:16+00:00","dateModified":"2022-02-28T11:18:27+00:00","description":"Harry Potter Wizards unite! Il gioco per veri PotterHead! In Harry Potter Wizards Unite potete andare in giro a combattere i dissennatori ed aiutare Harry!","breadcrumb":{"@id":"https:\/\/ilpixelmatto.it\/blog\/harry-potter-wizards-unite\/#breadcrumb"},"inLanguage":"it-IT","potentialAction":[{"@type":"ReadAction","target":["https:\/\/ilpixelmatto.it\/blog\/harry-potter-wizards-unite\/"]}]},{"@type":"ImageObject","inLanguage":"it-IT","@id":"https:\/\/ilpixelmatto.it\/blog\/harry-potter-wizards-unite\/#primaryimage","url":"https:\/\/ilpixelmatto.it\/blog\/wp-content\/uploads\/2020\/03\/hpwu-keyart.jpg","contentUrl":"https:\/\/ilpixelmatto.it\/blog\/wp-content\/uploads\/2020\/03\/hpwu-keyart.jpg","width":1920,"height":1080,"caption":"Harry Potter Wizards Unite"},{"@type":"BreadcrumbList","@id":"https:\/\/ilpixelmatto.it\/blog\/harry-potter-wizards-unite\/#breadcrumb","itemListElement":[{"@type":"ListItem","position":1,"name":"Home","item":"https:\/\/ilpixelmatto.it\/blog\/"},{"@type":"ListItem","position":2,"name":"Harry Potter Wizards Unite"}]},{"@type":"WebSite","@id":"https:\/\/ilpixelmatto.it\/blog\/#website","url":"https:\/\/ilpixelmatto.it\/blog\/","name":"IlPixelMatto","description":"Harry Potter Hogwarts Mystery, fantascienza e tecnologia!","publisher":{"@id":"https:\/\/ilpixelmatto.it\/blog\/#organization"},"potentialAction":[{"@type":"SearchAction","target":{"@type":"EntryPoint","urlTemplate":"https:\/\/ilpixelmatto.it\/blog\/?s={search_term_string}"},"query-input":{"@type":"PropertyValueSpecification","valueRequired":true,"valueName":"search_term_string"}}],"inLanguage":"it-IT"},{"@type":"Organization","@id":"https:\/\/ilpixelmatto.it\/blog\/#organization","name":"IlPixelMatto","url":"https:\/\/ilpixelmatto.it\/blog\/","logo":{"@type":"ImageObject","inLanguage":"it-IT","@id":"https:\/\/ilpixelmatto.it\/blog\/#\/schema\/logo\/image\/","url":"https:\/\/ilpixelmatto.it\/blog\/wp-content\/uploads\/2020\/03\/final_icon_Tondo-e1584128588290.png","contentUrl":"https:\/\/ilpixelmatto.it\/blog\/wp-content\/uploads\/2020\/03\/final_icon_Tondo-e1584128588290.png","width":250,"height":250,"caption":"IlPixelMatto"},"image":{"@id":"https:\/\/ilpixelmatto.it\/blog\/#\/schema\/logo\/image\/"},"sameAs":["https:\/\/facebook.com\/ilpixelmatto","https:\/\/x.com\/ilpixelmatto","https:\/\/instagram.com\/ilpixelmatto2.0","https:\/\/www.youtube.com\/channel\/UCbpntaj_TeZpHu8d-aVr99w\/join"]}]}},"_links":{"self":[{"href":"https:\/\/ilpixelmatto.it\/blog\/wp-json\/wp\/v2\/pages\/301","targetHints":{"allow":["GET"]}}],"collection":[{"href":"https:\/\/ilpixelmatto.it\/blog\/wp-json\/wp\/v2\/pages"}],"about":[{"href":"https:\/\/ilpixelmatto.it\/blog\/wp-json\/wp\/v2\/types\/page"}],"author":[{"embeddable":true,"href":"https:\/\/ilpixelmatto.it\/blog\/wp-json\/wp\/v2\/users\/1"}],"replies":[{"embeddable":true,"href":"https:\/\/ilpixelmatto.it\/blog\/wp-json\/wp\/v2\/comments?post=301"}],"version-history":[{"count":3,"href":"https:\/\/ilpixelmatto.it\/blog\/wp-json\/wp\/v2\/pages\/301\/revisions"}],"predecessor-version":[{"id":3040,"href":"https:\/\/ilpixelmatto.it\/blog\/wp-json\/wp\/v2\/pages\/301\/revisions\/3040"}],"wp:featuredmedia":[{"embeddable":true,"href":"https:\/\/ilpixelmatto.it\/blog\/wp-json\/wp\/v2\/media\/310"}],"wp:attachment":[{"href":"https:\/\/ilpixelmatto.it\/blog\/wp-json\/wp\/v2\/media?parent=301"}],"curies":[{"name":"wp","href":"https:\/\/api.w.org\/{rel}","templated":true}]}}