{"id":406,"date":"2020-03-16T12:50:07","date_gmt":"2020-03-16T11:50:07","guid":{"rendered":"https:\/\/ilpixelmatto.it\/blog\/?page_id=406"},"modified":"2020-03-16T17:33:09","modified_gmt":"2020-03-16T16:33:09","slug":"la-ricetta-della-burrobirra-di-harry-potter","status":"publish","type":"page","link":"https:\/\/ilpixelmatto.it\/blog\/le-ricette-di-harry-potter\/la-ricetta-della-burrobirra-di-harry-potter\/","title":{"rendered":"La ricetta della Burrobirra di Harry Potter"},"content":{"rendered":"\n<p>Benvenuto, se ti trovi qui, probabilmente vorrai preparare la ricetta della Burrobirra di Harry Potter e come darti torto? E&#8217; un&#8217;ottima bevanda rinfrescante, ma allo stesso tempo, grazie agli zuccheri che contiene, riesce a darti la carica e l&#8217;energia necessaria per continuare la giornata!  <\/p>\n\n\n\n<h2 class=\"wp-block-heading\" id=\"burrobirra\">Ecco la ricetta della Burrobirra di Harry Potter<\/h2>\n\n\n\n<p>Ti lascio qui sotto la ricetta della Burrobirra che ho fatto nel mio video, troverai ancor pi\u00f9 sotto la lista degli ingredienti con la procedura completa!<\/p>\n\n\n\n<figure class=\"wp-block-embed-youtube wp-block-embed is-type-video is-provider-youtube wp-embed-aspect-16-9 wp-has-aspect-ratio\"><div class=\"wp-block-embed__wrapper\">\n<iframe loading=\"lazy\" title=\"La BurroBirra di Harry Potter - La ricetta originale!\" width=\"1140\" height=\"641\" src=\"https:\/\/www.youtube.com\/embed\/KWmYhzcOY3g?start=1&#038;feature=oembed\" frameborder=\"0\" allow=\"accelerometer; autoplay; clipboard-write; encrypted-media; gyroscope; picture-in-picture\" allowfullscreen><\/iframe>\n<\/div><figcaption>La burrobirra originale di Harry Potter<\/figcaption><\/figure>\n\n\n\n<p>Gli ingrediente per 4 boccali circa di Burrobirra:<\/p>\n\n\n\n<ul class=\"wp-block-list\"><li>6 cucchiai di Burro.<\/li><li>1 tazza di Gassosa.<\/li><li>1 tazza di Zucchero di Canna.<\/li><li>2 cucchiai di Acqua.<\/li><li>1\/2 cucchiaino di Sale.<\/li><li>1\/2 cucchiaino di Aceto.<\/li><li>200 ml di Panna fresca.<\/li><li>1 cucchiaino di Estratto di Rum o di Vaniglia.<\/li><\/ul>\n\n\n\n<p>Come procedere? Innanzitutto si preparano gli ingredienti, quindi prendiamo lo zucchero di canna e versiamolo nel pentolino, aggiungiamo un pochino di acqua, per fare il caramello.<br>Mi raccomando, a fuoco lento!<br>Una volta ottenuto il caramello (non teniamolo troppo sul fuoco), aggiungiamo il burro, abbassando la fiamma. Una volta che il burro si \u00e8 sciolto per bene, possiamo aggiungere circa 50 ml di panna, poco per volta, continuando a mescolare, aggiungiamo quindi mezzo cucchiaino di sale e portando il tutto a ebollizione. A questo punto spengiamo il fuoco e facciamo raffreddare.<br>Mentre aspettiamo che la panna si raffreddi, montiamo la panna in modo che diventi bella densa, ricondandoci di aggiungere 4-5 cucchiaini del composto che nel frattempo si \u00e8 raffreddato. La quantit\u00e0 \u00e8 indicativa, pi\u00f9 ne mettete, pi\u00f9 sapr\u00e0 di caramello\/burro, a questo punto possiamo finire di montare.<br>Ora, prendiamo il nostro boccale, mettiamo un po&#8217; di composto caramellato, consiglio 6-7 cucchiai, e riempiamo il resto con la gazzosa, lasciando lo spazio per la panna. Aggiungiamo quindi una bella porzione di panna e Buon appetito!<\/p>\n\n\n\n<p>Nel video della ricetta della Burrobirra di Harry Potter, non ho utilizzato ne l&#8217;aceto, ne l&#8217;estratto di Rum\/Vaniglia, ma se volete aggiungerli \u00e8 molto semplice, quando aggiungete la panna al composto di zucchero e acqua sul fuoco, aggiungete anche il mezzo cucchiaino di aceto. Per l&#8217;essenza, aggiungetela alla fine, una volta tolta dal fuoco!<br><a href=\"https:\/\/ilpixelmatto.it\/blog\/le-ricette-di-harry-potter\/\">Torna alle ricette!<\/a><\/p>\n","protected":false},"excerpt":{"rendered":"<p>Benvenuto, se ti trovi qui, probabilmente vorrai preparare la ricetta della Burrobirra di Harry Potter e come darti torto? E&#8217;&hellip; <a class=\"read-more\" href=\"https:\/\/ilpixelmatto.it\/blog\/le-ricette-di-harry-potter\/la-ricetta-della-burrobirra-di-harry-potter\/\">Continua a leggere<\/a><\/p>\n","protected":false},"author":1,"featured_media":402,"parent":401,"menu_order":0,"comment_status":"open","ping_status":"closed","template":"","meta":{"wprm-recipe-roundup-name":"","wprm-recipe-roundup-description":"","footnotes":""},"class_list":["post-406","page","type-page","status-publish","has-post-thumbnail","hentry"],"yoast_head":"<!-- This site is optimized with the Yoast SEO plugin v27.6 - https:\/\/yoast.com\/product\/yoast-seo-wordpress\/ -->\n<title>La ricetta della Burrobirra di Harry Potter - IlPixelMatto<\/title>\n<meta name=\"description\" content=\"La ricetta della burrobirra di Harry Potter la trovate qui! Dell&#039;ottima, fresca e gustosa burrobirra! La ricetta di Harry Potter originale la trovi qui!\" \/>\n<meta name=\"robots\" content=\"index, follow, max-snippet:-1, max-image-preview:large, max-video-preview:-1\" \/>\n<link rel=\"canonical\" href=\"https:\/\/ilpixelmatto.it\/blog\/le-ricette-di-harry-potter\/la-ricetta-della-burrobirra-di-harry-potter\/\" \/>\n<meta property=\"og:locale\" content=\"it_IT\" \/>\n<meta property=\"og:type\" content=\"article\" \/>\n<meta property=\"og:title\" content=\"La ricetta della Burrobirra di Harry Potter - IlPixelMatto\" \/>\n<meta property=\"og:description\" content=\"La ricetta della burrobirra di Harry Potter la trovate qui! Dell&#039;ottima, fresca e gustosa burrobirra! La ricetta di Harry Potter originale la trovi qui!\" \/>\n<meta property=\"og:url\" content=\"https:\/\/ilpixelmatto.it\/blog\/le-ricette-di-harry-potter\/la-ricetta-della-burrobirra-di-harry-potter\/\" \/>\n<meta property=\"og:site_name\" content=\"IlPixelMatto\" \/>\n<meta property=\"article:publisher\" content=\"https:\/\/facebook.com\/ilpixelmatto\" \/>\n<meta property=\"article:modified_time\" content=\"2020-03-16T16:33:09+00:00\" \/>\n<meta property=\"og:image\" content=\"https:\/\/ilpixelmatto.it\/blog\/wp-content\/uploads\/2020\/03\/burrobirra-copertina.jpg\" \/>\n\t<meta property=\"og:image:width\" content=\"643\" \/>\n\t<meta property=\"og:image:height\" content=\"358\" \/>\n\t<meta property=\"og:image:type\" content=\"image\/jpeg\" \/>\n<meta name=\"twitter:card\" content=\"summary_large_image\" \/>\n<meta name=\"twitter:site\" content=\"@ilpixelmatto\" \/>\n<meta name=\"twitter:label1\" content=\"Tempo di lettura stimato\" \/>\n\t<meta name=\"twitter:data1\" content=\"2 minuti\" \/>\n<script type=\"application\/ld+json\" class=\"yoast-schema-graph\">{\"@context\":\"https:\\\/\\\/schema.org\",\"@graph\":[{\"@type\":\"WebPage\",\"@id\":\"https:\\\/\\\/ilpixelmatto.it\\\/blog\\\/le-ricette-di-harry-potter\\\/la-ricetta-della-burrobirra-di-harry-potter\\\/\",\"url\":\"https:\\\/\\\/ilpixelmatto.it\\\/blog\\\/le-ricette-di-harry-potter\\\/la-ricetta-della-burrobirra-di-harry-potter\\\/\",\"name\":\"La ricetta della Burrobirra di Harry Potter - IlPixelMatto\",\"isPartOf\":{\"@id\":\"https:\\\/\\\/ilpixelmatto.it\\\/blog\\\/#website\"},\"primaryImageOfPage\":{\"@id\":\"https:\\\/\\\/ilpixelmatto.it\\\/blog\\\/le-ricette-di-harry-potter\\\/la-ricetta-della-burrobirra-di-harry-potter\\\/#primaryimage\"},\"image\":{\"@id\":\"https:\\\/\\\/ilpixelmatto.it\\\/blog\\\/le-ricette-di-harry-potter\\\/la-ricetta-della-burrobirra-di-harry-potter\\\/#primaryimage\"},\"thumbnailUrl\":\"https:\\\/\\\/ilpixelmatto.it\\\/blog\\\/wp-content\\\/uploads\\\/2020\\\/03\\\/burrobirra-copertina.jpg\",\"datePublished\":\"2020-03-16T11:50:07+00:00\",\"dateModified\":\"2020-03-16T16:33:09+00:00\",\"description\":\"La ricetta della burrobirra di Harry Potter la trovate qui! Dell'ottima, fresca e gustosa burrobirra! La ricetta di Harry Potter originale la trovi qui!\",\"breadcrumb\":{\"@id\":\"https:\\\/\\\/ilpixelmatto.it\\\/blog\\\/le-ricette-di-harry-potter\\\/la-ricetta-della-burrobirra-di-harry-potter\\\/#breadcrumb\"},\"inLanguage\":\"it-IT\",\"potentialAction\":[{\"@type\":\"ReadAction\",\"target\":[\"https:\\\/\\\/ilpixelmatto.it\\\/blog\\\/le-ricette-di-harry-potter\\\/la-ricetta-della-burrobirra-di-harry-potter\\\/\"]}]},{\"@type\":\"ImageObject\",\"inLanguage\":\"it-IT\",\"@id\":\"https:\\\/\\\/ilpixelmatto.it\\\/blog\\\/le-ricette-di-harry-potter\\\/la-ricetta-della-burrobirra-di-harry-potter\\\/#primaryimage\",\"url\":\"https:\\\/\\\/ilpixelmatto.it\\\/blog\\\/wp-content\\\/uploads\\\/2020\\\/03\\\/burrobirra-copertina.jpg\",\"contentUrl\":\"https:\\\/\\\/ilpixelmatto.it\\\/blog\\\/wp-content\\\/uploads\\\/2020\\\/03\\\/burrobirra-copertina.jpg\",\"width\":643,\"height\":358,\"caption\":\"ricetta burrobirra harry potter\"},{\"@type\":\"BreadcrumbList\",\"@id\":\"https:\\\/\\\/ilpixelmatto.it\\\/blog\\\/le-ricette-di-harry-potter\\\/la-ricetta-della-burrobirra-di-harry-potter\\\/#breadcrumb\",\"itemListElement\":[{\"@type\":\"ListItem\",\"position\":1,\"name\":\"Home\",\"item\":\"https:\\\/\\\/ilpixelmatto.it\\\/blog\\\/\"},{\"@type\":\"ListItem\",\"position\":2,\"name\":\"Le ricette di Harry Potter\",\"item\":\"https:\\\/\\\/ilpixelmatto.it\\\/blog\\\/le-ricette-di-harry-potter\\\/\"},{\"@type\":\"ListItem\",\"position\":3,\"name\":\"La ricetta della Burrobirra di Harry Potter\"}]},{\"@type\":\"WebSite\",\"@id\":\"https:\\\/\\\/ilpixelmatto.it\\\/blog\\\/#website\",\"url\":\"https:\\\/\\\/ilpixelmatto.it\\\/blog\\\/\",\"name\":\"IlPixelMatto\",\"description\":\"Harry Potter Hogwarts Mystery, fantascienza e tecnologia!\",\"publisher\":{\"@id\":\"https:\\\/\\\/ilpixelmatto.it\\\/blog\\\/#organization\"},\"potentialAction\":[{\"@type\":\"SearchAction\",\"target\":{\"@type\":\"EntryPoint\",\"urlTemplate\":\"https:\\\/\\\/ilpixelmatto.it\\\/blog\\\/?s={search_term_string}\"},\"query-input\":{\"@type\":\"PropertyValueSpecification\",\"valueRequired\":true,\"valueName\":\"search_term_string\"}}],\"inLanguage\":\"it-IT\"},{\"@type\":\"Organization\",\"@id\":\"https:\\\/\\\/ilpixelmatto.it\\\/blog\\\/#organization\",\"name\":\"IlPixelMatto\",\"url\":\"https:\\\/\\\/ilpixelmatto.it\\\/blog\\\/\",\"logo\":{\"@type\":\"ImageObject\",\"inLanguage\":\"it-IT\",\"@id\":\"https:\\\/\\\/ilpixelmatto.it\\\/blog\\\/#\\\/schema\\\/logo\\\/image\\\/\",\"url\":\"https:\\\/\\\/ilpixelmatto.it\\\/blog\\\/wp-content\\\/uploads\\\/2020\\\/03\\\/final_icon_Tondo-e1584128588290.png\",\"contentUrl\":\"https:\\\/\\\/ilpixelmatto.it\\\/blog\\\/wp-content\\\/uploads\\\/2020\\\/03\\\/final_icon_Tondo-e1584128588290.png\",\"width\":250,\"height\":250,\"caption\":\"IlPixelMatto\"},\"image\":{\"@id\":\"https:\\\/\\\/ilpixelmatto.it\\\/blog\\\/#\\\/schema\\\/logo\\\/image\\\/\"},\"sameAs\":[\"https:\\\/\\\/facebook.com\\\/ilpixelmatto\",\"https:\\\/\\\/x.com\\\/ilpixelmatto\",\"https:\\\/\\\/instagram.com\\\/ilpixelmatto2.0\",\"https:\\\/\\\/www.youtube.com\\\/channel\\\/UCbpntaj_TeZpHu8d-aVr99w\\\/join\"]}]}<\/script>\n<!-- \/ Yoast SEO plugin. -->","yoast_head_json":{"title":"La ricetta della Burrobirra di Harry Potter - IlPixelMatto","description":"La ricetta della burrobirra di Harry Potter la trovate qui! Dell'ottima, fresca e gustosa burrobirra! La ricetta di Harry Potter originale la trovi qui!","robots":{"index":"index","follow":"follow","max-snippet":"max-snippet:-1","max-image-preview":"max-image-preview:large","max-video-preview":"max-video-preview:-1"},"canonical":"https:\/\/ilpixelmatto.it\/blog\/le-ricette-di-harry-potter\/la-ricetta-della-burrobirra-di-harry-potter\/","og_locale":"it_IT","og_type":"article","og_title":"La ricetta della Burrobirra di Harry Potter - IlPixelMatto","og_description":"La ricetta della burrobirra di Harry Potter la trovate qui! Dell'ottima, fresca e gustosa burrobirra! La ricetta di Harry Potter originale la trovi qui!","og_url":"https:\/\/ilpixelmatto.it\/blog\/le-ricette-di-harry-potter\/la-ricetta-della-burrobirra-di-harry-potter\/","og_site_name":"IlPixelMatto","article_publisher":"https:\/\/facebook.com\/ilpixelmatto","article_modified_time":"2020-03-16T16:33:09+00:00","og_image":[{"width":643,"height":358,"url":"https:\/\/ilpixelmatto.it\/blog\/wp-content\/uploads\/2020\/03\/burrobirra-copertina.jpg","type":"image\/jpeg"}],"twitter_card":"summary_large_image","twitter_site":"@ilpixelmatto","twitter_misc":{"Tempo di lettura stimato":"2 minuti"},"schema":{"@context":"https:\/\/schema.org","@graph":[{"@type":"WebPage","@id":"https:\/\/ilpixelmatto.it\/blog\/le-ricette-di-harry-potter\/la-ricetta-della-burrobirra-di-harry-potter\/","url":"https:\/\/ilpixelmatto.it\/blog\/le-ricette-di-harry-potter\/la-ricetta-della-burrobirra-di-harry-potter\/","name":"La ricetta della Burrobirra di Harry Potter - IlPixelMatto","isPartOf":{"@id":"https:\/\/ilpixelmatto.it\/blog\/#website"},"primaryImageOfPage":{"@id":"https:\/\/ilpixelmatto.it\/blog\/le-ricette-di-harry-potter\/la-ricetta-della-burrobirra-di-harry-potter\/#primaryimage"},"image":{"@id":"https:\/\/ilpixelmatto.it\/blog\/le-ricette-di-harry-potter\/la-ricetta-della-burrobirra-di-harry-potter\/#primaryimage"},"thumbnailUrl":"https:\/\/ilpixelmatto.it\/blog\/wp-content\/uploads\/2020\/03\/burrobirra-copertina.jpg","datePublished":"2020-03-16T11:50:07+00:00","dateModified":"2020-03-16T16:33:09+00:00","description":"La ricetta della burrobirra di Harry Potter la trovate qui! Dell'ottima, fresca e gustosa burrobirra! La ricetta di Harry Potter originale la trovi qui!","breadcrumb":{"@id":"https:\/\/ilpixelmatto.it\/blog\/le-ricette-di-harry-potter\/la-ricetta-della-burrobirra-di-harry-potter\/#breadcrumb"},"inLanguage":"it-IT","potentialAction":[{"@type":"ReadAction","target":["https:\/\/ilpixelmatto.it\/blog\/le-ricette-di-harry-potter\/la-ricetta-della-burrobirra-di-harry-potter\/"]}]},{"@type":"ImageObject","inLanguage":"it-IT","@id":"https:\/\/ilpixelmatto.it\/blog\/le-ricette-di-harry-potter\/la-ricetta-della-burrobirra-di-harry-potter\/#primaryimage","url":"https:\/\/ilpixelmatto.it\/blog\/wp-content\/uploads\/2020\/03\/burrobirra-copertina.jpg","contentUrl":"https:\/\/ilpixelmatto.it\/blog\/wp-content\/uploads\/2020\/03\/burrobirra-copertina.jpg","width":643,"height":358,"caption":"ricetta burrobirra harry potter"},{"@type":"BreadcrumbList","@id":"https:\/\/ilpixelmatto.it\/blog\/le-ricette-di-harry-potter\/la-ricetta-della-burrobirra-di-harry-potter\/#breadcrumb","itemListElement":[{"@type":"ListItem","position":1,"name":"Home","item":"https:\/\/ilpixelmatto.it\/blog\/"},{"@type":"ListItem","position":2,"name":"Le ricette di Harry Potter","item":"https:\/\/ilpixelmatto.it\/blog\/le-ricette-di-harry-potter\/"},{"@type":"ListItem","position":3,"name":"La ricetta della Burrobirra di Harry Potter"}]},{"@type":"WebSite","@id":"https:\/\/ilpixelmatto.it\/blog\/#website","url":"https:\/\/ilpixelmatto.it\/blog\/","name":"IlPixelMatto","description":"Harry Potter Hogwarts Mystery, fantascienza e tecnologia!","publisher":{"@id":"https:\/\/ilpixelmatto.it\/blog\/#organization"},"potentialAction":[{"@type":"SearchAction","target":{"@type":"EntryPoint","urlTemplate":"https:\/\/ilpixelmatto.it\/blog\/?s={search_term_string}"},"query-input":{"@type":"PropertyValueSpecification","valueRequired":true,"valueName":"search_term_string"}}],"inLanguage":"it-IT"},{"@type":"Organization","@id":"https:\/\/ilpixelmatto.it\/blog\/#organization","name":"IlPixelMatto","url":"https:\/\/ilpixelmatto.it\/blog\/","logo":{"@type":"ImageObject","inLanguage":"it-IT","@id":"https:\/\/ilpixelmatto.it\/blog\/#\/schema\/logo\/image\/","url":"https:\/\/ilpixelmatto.it\/blog\/wp-content\/uploads\/2020\/03\/final_icon_Tondo-e1584128588290.png","contentUrl":"https:\/\/ilpixelmatto.it\/blog\/wp-content\/uploads\/2020\/03\/final_icon_Tondo-e1584128588290.png","width":250,"height":250,"caption":"IlPixelMatto"},"image":{"@id":"https:\/\/ilpixelmatto.it\/blog\/#\/schema\/logo\/image\/"},"sameAs":["https:\/\/facebook.com\/ilpixelmatto","https:\/\/x.com\/ilpixelmatto","https:\/\/instagram.com\/ilpixelmatto2.0","https:\/\/www.youtube.com\/channel\/UCbpntaj_TeZpHu8d-aVr99w\/join"]}]}},"_links":{"self":[{"href":"https:\/\/ilpixelmatto.it\/blog\/wp-json\/wp\/v2\/pages\/406","targetHints":{"allow":["GET"]}}],"collection":[{"href":"https:\/\/ilpixelmatto.it\/blog\/wp-json\/wp\/v2\/pages"}],"about":[{"href":"https:\/\/ilpixelmatto.it\/blog\/wp-json\/wp\/v2\/types\/page"}],"author":[{"embeddable":true,"href":"https:\/\/ilpixelmatto.it\/blog\/wp-json\/wp\/v2\/users\/1"}],"replies":[{"embeddable":true,"href":"https:\/\/ilpixelmatto.it\/blog\/wp-json\/wp\/v2\/comments?post=406"}],"version-history":[{"count":4,"href":"https:\/\/ilpixelmatto.it\/blog\/wp-json\/wp\/v2\/pages\/406\/revisions"}],"predecessor-version":[{"id":825,"href":"https:\/\/ilpixelmatto.it\/blog\/wp-json\/wp\/v2\/pages\/406\/revisions\/825"}],"up":[{"embeddable":true,"href":"https:\/\/ilpixelmatto.it\/blog\/wp-json\/wp\/v2\/pages\/401"}],"wp:featuredmedia":[{"embeddable":true,"href":"https:\/\/ilpixelmatto.it\/blog\/wp-json\/wp\/v2\/media\/402"}],"wp:attachment":[{"href":"https:\/\/ilpixelmatto.it\/blog\/wp-json\/wp\/v2\/media?parent=406"}],"curies":[{"name":"wp","href":"https:\/\/api.w.org\/{rel}","templated":true}]}}