{"id":77,"date":"2020-03-14T00:35:15","date_gmt":"2020-03-13T23:35:15","guid":{"rendered":"https:\/\/ilpixelmatto.it\/blog\/?page_id=77"},"modified":"2021-11-17T12:27:36","modified_gmt":"2021-11-17T11:27:36","slug":"about-me","status":"publish","type":"page","link":"https:\/\/ilpixelmatto.it\/blog\/about-me\/","title":{"rendered":"About me"},"content":{"rendered":"\n<div class=\"wp-block-media-text alignwide is-stacked-on-mobile\"><figure class=\"wp-block-media-text__media\"><img loading=\"lazy\" decoding=\"async\" width=\"240\" height=\"300\" src=\"https:\/\/ilpixelmatto.it\/blog\/wp-content\/uploads\/2020\/03\/me-240x300.png\" alt=\"me\" class=\"wp-image-72\" srcset=\"https:\/\/ilpixelmatto.it\/blog\/wp-content\/uploads\/2020\/03\/me-240x300.png 240w, https:\/\/ilpixelmatto.it\/blog\/wp-content\/uploads\/2020\/03\/me-216x270.png 216w, https:\/\/ilpixelmatto.it\/blog\/wp-content\/uploads\/2020\/03\/me.png 480w\" sizes=\"auto, (max-width: 240px) 100vw, 240px\" \/><\/figure><div class=\"wp-block-media-text__content\">\n<p class=\"has-large-font-size\">Buonsalve!<\/p>\n\n\n\n<p>Ciao, arriviamo alla domanda pi\u00f9 importante, almeno per me, chi sono io? Mi presento, mi chiamo Riccardo, sono un appassionato di tecnologia, fotografia, gaming e cucina! Cerco di condividere con il mondo le mie passioni, raccontandole come meglio riesco! Ho creato il mio canale,\u00a0<a rel=\"noreferrer noopener\" href=\"https:\/\/www.youtube.com\/channel\/UCbpntaj_TeZpHu8d-aVr99w?sub_confirmation=1\" target=\"_blank\">IlPixelMatto<\/a>\u00a0in tema principalmente magico per condividere la mia passione su Harry Potter con il mondo. Ho voluto coinvolgere i giovani e i meno giovani in questo fantastico mondo dove trovare un&#8217;ancora di salvezza in un mondo caotico e poco allettante.<\/p>\n<\/div><\/div>\n\n\n\n<h2 class=\"wp-block-heading\">Perch\u00e9 Youtube?<\/h2>\n\n\n\n<p> Il mio scopo su YouTube \u00e8 quello di regalare a voi iscritti, i miei&nbsp;<strong>Pixelini<\/strong>, un posto dove divertirci insieme passando del tempo senza stress. Poi beh, perch\u00e9 no, migliorare insieme cercando di imparare gli uni dagli altri! Questo sito, di supporto al canale, ha lo scopo di fornire una forte base per aiutarmi a gestire il canale Youtube! In questo sito potrete trovare le&nbsp;<a href=\"https:\/\/ilpixelmatto.it\/blog\/le-ricette-di-harry-potter\/\">ricette&nbsp;<\/a>potteriane che ho fatto, come per esempio la ricetta della Burrobirra! Potrete trovare&nbsp;<a href=\"https:\/\/ilpixelmatto.it\/mod\">le mod<\/a>&nbsp;di&nbsp;<a href=\"https:\/\/ilpixelmatto.it\/blog\/giochi-ilpixelmatto\/harry-potter-hogwarts-mystery\/\">Harry Potter Hogwarts Mystery<\/a> e tutte le migliori notizie di Harry Potter! Tutte le informazioni sulle varie lezioni del gioco della Jam City come difesa contro le arti oscure, incantesimi, cura delle creature magiche! Ma anche come poter trovare la mappa del malandrino all&#8217;interno del gioco e molto altro ancora!  <\/p>\n\n\n\n<h2 class=\"wp-block-heading\">Il mio canale, da dove nasce?<\/h2>\n\n\n\n<p>Ho creato questo canale nel lontano 2011, ho caricato&nbsp;<a href=\"https:\/\/www.youtube.com\/watch?v=JoE7LmD_-CY\">il mio primo video<\/a>&nbsp;il 23 aprile 2012, sfruttando la gatta di mia zia, ma soltanto nel 2017 ho ricominciato seriamente a pubblicare video. Inizialmente la mia idea su YouTube era molto diversa, il tutto nasce da qualche tentativo di creare qualche video fanmade, ripercorrendo qualche serie TV tra cui GOT, Star Trek Discovery e Doctor Who (<a href=\"https:\/\/www.youtube.com\/watch?v=cWD0Ri3ctRE\">qui<\/a>,&nbsp;<a href=\"https:\/\/www.youtube.com\/watch?v=jvPWob5nzxA\">qui<\/a>,&nbsp;<a href=\"https:\/\/www.youtube.com\/watch?v=dW7qC0mKYWw\">qui<\/a>&nbsp;e ancora&nbsp;<a href=\"https:\/\/www.youtube.com\/watch?v=QEe0-Guya6g\">qui<\/a>&nbsp;e&nbsp;<a href=\"https:\/\/www.youtube.com\/watch?v=xuw5tZrfJ3s\">qui<\/a>), per poi abbandonare questo flebile tentativo che non portava a fare big money e notoriet\u00e0, per iniziare a fare qualche timido gameplay qui e la.<\/p>\n\n\n\n<h2 class=\"wp-block-heading\">Harry Potter Hogwarts Mystery<\/h2>\n\n\n\n<p>Con l&#8217;uscita di&nbsp;<a href=\"https:\/\/ilpixelmatto.it\/blog\/giochi-ilpixelmatto\/harry-potter-hogwarts-mystery\/\">Harry Potter Hogwarts Mystery<\/a>&nbsp;le cose sono per\u00f2 cambiate! Il&nbsp;<a href=\"https:\/\/www.youtube.com\/watch?v=zmkDNbLfsWA\">primo episodio<\/a>&nbsp;mi ha portato dalle 10-20 visualizzazioni alle oltre 9000 visualizzazioni. In una settimana ho fatto quasi 1000 iscritti, insomma, dall&#8217;originale intento di creare un canale Minecraft-centrico (ebbene si, quando nel 2017 ho ricominciato, ho tentato di portare&nbsp;<a href=\"https:\/\/www.youtube.com\/watch?v=RWoFZW5IZ6g\">Minecraft moddato<\/a>) sono passato a creare un canale Potteriano! Non me ne pento assolutamente, la mia passione per Harry Potter risale alla mia infanzia! Sono stato il primo in Italia a portare Hogwarts Mystery e sono l&#8217;unico (almeno, secondo le mie ricerche) a continuare a portarlo costantemente e senza interruzioni! L&#8217;ho portato quando ancora non esisteva (se vedete i primi episodi in inglese ve ne accorgerete, cos\u00ec come vi accorgerete del mio pessimo inglese lul), nonostante i vari problemi! Dato che inizialmente era una closed-beta, ho ricominciato il gioco da capo per ben tre volte, ma questo non mi ha fermato! Sto continuando a portare il gioco ed ho intensione di finirlo! Chiss\u00e0, magari lo ricominceremo una volta terminato, vedendo il gioco dal punto di vista di un perfido serpeverde!<\/p>\n\n\n\n<h2 class=\"wp-block-heading\">Le Mod di Hogwarts Mystery<\/h2>\n\n\n\n<p>Nel mentre mi sono espanso, fornendo anche le <a href=\"https:\/\/ilpixelmatto.it\/mod\">mod <\/a>di Hogwarts Mystery per l&#8217;energia infinita, le gemme infinite etc che poi fornisco a voi, infine sto cercando di creare una guida ai personaggi di Hogwarts Mystery, in modo da completare questo sito con tante informazioni utili e farlo diventare un punto di riferimento per il Gaming Potteriano.. Ma il mio canale ospita altri giochi, come potrete vedere dal men\u00f9! Insomma, qui sotto c&#8217;\u00e8 uno schema che riassumer\u00e0 tutto! Queste sono le mie intenzioni, il mio scopo \u00e8 fornirvi ore di divertimento, spero di riuscirci e di farvi passare del tempo insieme a me divertendoci tutti insieme! Buonsalve!<\/p>\n\n\n\n<h2 class=\"wp-block-heading\">Le mod di Harry Potter Hogwarts Mystery<\/h2>\n\n\n\n<p>In&nbsp;<a href=\"https:\/\/ilpixelmatto.it\/mod\">QUESTA&nbsp;<\/a>pagina, accessibile dal men\u00f9 a in alto, troverete tutte le migliori mod per Harry Potter Hogwarts Mystery! La pagina \u00e8 supportata da pubblicit\u00e0, quindi state attenti a non arrivare in pagine sbagliate, se il design della pagina \u00e8 differente, probabilmente non siete pi\u00f9 nel mio sito! Tutto ci\u00f2 che faccio, lo faccio gratuitamente e per passione, quindi questo \u00e8 l&#8217;unico modo che ho di avere un piccolo ritorno economico! Se volete aiutarmi con una piccola donazione vi aspetto&nbsp;<a href=\"https:\/\/ilpixelmatto.it\/blog\/una-donazione-a-ilpixelmatto\/\">in questa pagina<\/a>!<br>Troverete le apk di hogwarts mystery, tutto ci\u00f2 \u00e8 raccolto per puro scopo informativo, nessun apk \u00e8 hostata in questo dominio.<\/p>\n","protected":false},"excerpt":{"rendered":"<p>Buonsalve! Ciao, arriviamo alla domanda pi\u00f9 importante, almeno per me, chi sono io? Mi presento, mi chiamo Riccardo, sono un&hellip; <a class=\"read-more\" href=\"https:\/\/ilpixelmatto.it\/blog\/about-me\/\">Continua a leggere<\/a><\/p>\n","protected":false},"author":1,"featured_media":0,"parent":0,"menu_order":0,"comment_status":"open","ping_status":"closed","template":"","meta":{"wprm-recipe-roundup-name":"","wprm-recipe-roundup-description":"","footnotes":""},"class_list":["post-77","page","type-page","status-publish","hentry"],"yoast_head":"<!-- This site is optimized with the Yoast SEO plugin v27.6 - https:\/\/yoast.com\/product\/yoast-seo-wordpress\/ -->\n<title>About me, chi \u00e8 IlPixelMatto? Scoprilo subito! - IlPixelMatto<\/title>\n<meta name=\"description\" content=\"Chi \u00e8 IlPixelMatto? Mi presento, sono Riccardo, un appassionato di tecnologia, fotografia, gaming e cucina! Ho creato questo canale in tema Harry Potter!\" \/>\n<meta name=\"robots\" content=\"index, follow, max-snippet:-1, max-image-preview:large, max-video-preview:-1\" \/>\n<link rel=\"canonical\" href=\"https:\/\/ilpixelmatto.it\/blog\/about-me\/\" \/>\n<meta property=\"og:locale\" content=\"it_IT\" \/>\n<meta property=\"og:type\" content=\"article\" \/>\n<meta property=\"og:title\" content=\"About me, chi \u00e8 IlPixelMatto? Scoprilo subito! - IlPixelMatto\" \/>\n<meta property=\"og:description\" content=\"Chi \u00e8 IlPixelMatto? Mi presento, sono Riccardo, un appassionato di tecnologia, fotografia, gaming e cucina! Ho creato questo canale in tema Harry Potter!\" \/>\n<meta property=\"og:url\" content=\"https:\/\/ilpixelmatto.it\/blog\/about-me\/\" \/>\n<meta property=\"og:site_name\" content=\"IlPixelMatto\" \/>\n<meta property=\"article:publisher\" content=\"https:\/\/facebook.com\/ilpixelmatto\" \/>\n<meta property=\"article:modified_time\" content=\"2021-11-17T11:27:36+00:00\" \/>\n<meta property=\"og:image\" content=\"https:\/\/ilpixelmatto.it\/blog\/wp-content\/uploads\/2020\/03\/me-240x300.png\" \/>\n<meta name=\"twitter:card\" content=\"summary_large_image\" \/>\n<meta name=\"twitter:site\" content=\"@ilpixelmatto\" \/>\n<meta name=\"twitter:label1\" content=\"Tempo di lettura stimato\" \/>\n\t<meta name=\"twitter:data1\" content=\"4 minuti\" \/>\n<script type=\"application\/ld+json\" class=\"yoast-schema-graph\">{\"@context\":\"https:\\\/\\\/schema.org\",\"@graph\":[{\"@type\":\"WebPage\",\"@id\":\"https:\\\/\\\/ilpixelmatto.it\\\/blog\\\/about-me\\\/\",\"url\":\"https:\\\/\\\/ilpixelmatto.it\\\/blog\\\/about-me\\\/\",\"name\":\"About me, chi \u00e8 IlPixelMatto? Scoprilo subito! - IlPixelMatto\",\"isPartOf\":{\"@id\":\"https:\\\/\\\/ilpixelmatto.it\\\/blog\\\/#website\"},\"primaryImageOfPage\":{\"@id\":\"https:\\\/\\\/ilpixelmatto.it\\\/blog\\\/about-me\\\/#primaryimage\"},\"image\":{\"@id\":\"https:\\\/\\\/ilpixelmatto.it\\\/blog\\\/about-me\\\/#primaryimage\"},\"thumbnailUrl\":\"https:\\\/\\\/ilpixelmatto.it\\\/blog\\\/wp-content\\\/uploads\\\/2020\\\/03\\\/me-240x300.png\",\"datePublished\":\"2020-03-13T23:35:15+00:00\",\"dateModified\":\"2021-11-17T11:27:36+00:00\",\"description\":\"Chi \u00e8 IlPixelMatto? Mi presento, sono Riccardo, un appassionato di tecnologia, fotografia, gaming e cucina! Ho creato questo canale in tema Harry Potter!\",\"breadcrumb\":{\"@id\":\"https:\\\/\\\/ilpixelmatto.it\\\/blog\\\/about-me\\\/#breadcrumb\"},\"inLanguage\":\"it-IT\",\"potentialAction\":[{\"@type\":\"ReadAction\",\"target\":[\"https:\\\/\\\/ilpixelmatto.it\\\/blog\\\/about-me\\\/\"]}]},{\"@type\":\"ImageObject\",\"inLanguage\":\"it-IT\",\"@id\":\"https:\\\/\\\/ilpixelmatto.it\\\/blog\\\/about-me\\\/#primaryimage\",\"url\":\"https:\\\/\\\/ilpixelmatto.it\\\/blog\\\/wp-content\\\/uploads\\\/2020\\\/03\\\/me-240x300.png\",\"contentUrl\":\"https:\\\/\\\/ilpixelmatto.it\\\/blog\\\/wp-content\\\/uploads\\\/2020\\\/03\\\/me-240x300.png\"},{\"@type\":\"BreadcrumbList\",\"@id\":\"https:\\\/\\\/ilpixelmatto.it\\\/blog\\\/about-me\\\/#breadcrumb\",\"itemListElement\":[{\"@type\":\"ListItem\",\"position\":1,\"name\":\"Home\",\"item\":\"https:\\\/\\\/ilpixelmatto.it\\\/blog\\\/\"},{\"@type\":\"ListItem\",\"position\":2,\"name\":\"About me\"}]},{\"@type\":\"WebSite\",\"@id\":\"https:\\\/\\\/ilpixelmatto.it\\\/blog\\\/#website\",\"url\":\"https:\\\/\\\/ilpixelmatto.it\\\/blog\\\/\",\"name\":\"IlPixelMatto\",\"description\":\"Harry Potter Hogwarts Mystery, fantascienza e tecnologia!\",\"publisher\":{\"@id\":\"https:\\\/\\\/ilpixelmatto.it\\\/blog\\\/#organization\"},\"potentialAction\":[{\"@type\":\"SearchAction\",\"target\":{\"@type\":\"EntryPoint\",\"urlTemplate\":\"https:\\\/\\\/ilpixelmatto.it\\\/blog\\\/?s={search_term_string}\"},\"query-input\":{\"@type\":\"PropertyValueSpecification\",\"valueRequired\":true,\"valueName\":\"search_term_string\"}}],\"inLanguage\":\"it-IT\"},{\"@type\":\"Organization\",\"@id\":\"https:\\\/\\\/ilpixelmatto.it\\\/blog\\\/#organization\",\"name\":\"IlPixelMatto\",\"url\":\"https:\\\/\\\/ilpixelmatto.it\\\/blog\\\/\",\"logo\":{\"@type\":\"ImageObject\",\"inLanguage\":\"it-IT\",\"@id\":\"https:\\\/\\\/ilpixelmatto.it\\\/blog\\\/#\\\/schema\\\/logo\\\/image\\\/\",\"url\":\"https:\\\/\\\/ilpixelmatto.it\\\/blog\\\/wp-content\\\/uploads\\\/2020\\\/03\\\/final_icon_Tondo-e1584128588290.png\",\"contentUrl\":\"https:\\\/\\\/ilpixelmatto.it\\\/blog\\\/wp-content\\\/uploads\\\/2020\\\/03\\\/final_icon_Tondo-e1584128588290.png\",\"width\":250,\"height\":250,\"caption\":\"IlPixelMatto\"},\"image\":{\"@id\":\"https:\\\/\\\/ilpixelmatto.it\\\/blog\\\/#\\\/schema\\\/logo\\\/image\\\/\"},\"sameAs\":[\"https:\\\/\\\/facebook.com\\\/ilpixelmatto\",\"https:\\\/\\\/x.com\\\/ilpixelmatto\",\"https:\\\/\\\/instagram.com\\\/ilpixelmatto2.0\",\"https:\\\/\\\/www.youtube.com\\\/channel\\\/UCbpntaj_TeZpHu8d-aVr99w\\\/join\"]}]}<\/script>\n<!-- \/ Yoast SEO plugin. -->","yoast_head_json":{"title":"About me, chi \u00e8 IlPixelMatto? Scoprilo subito! - IlPixelMatto","description":"Chi \u00e8 IlPixelMatto? Mi presento, sono Riccardo, un appassionato di tecnologia, fotografia, gaming e cucina! Ho creato questo canale in tema Harry Potter!","robots":{"index":"index","follow":"follow","max-snippet":"max-snippet:-1","max-image-preview":"max-image-preview:large","max-video-preview":"max-video-preview:-1"},"canonical":"https:\/\/ilpixelmatto.it\/blog\/about-me\/","og_locale":"it_IT","og_type":"article","og_title":"About me, chi \u00e8 IlPixelMatto? Scoprilo subito! - IlPixelMatto","og_description":"Chi \u00e8 IlPixelMatto? Mi presento, sono Riccardo, un appassionato di tecnologia, fotografia, gaming e cucina! Ho creato questo canale in tema Harry Potter!","og_url":"https:\/\/ilpixelmatto.it\/blog\/about-me\/","og_site_name":"IlPixelMatto","article_publisher":"https:\/\/facebook.com\/ilpixelmatto","article_modified_time":"2021-11-17T11:27:36+00:00","og_image":[{"url":"https:\/\/ilpixelmatto.it\/blog\/wp-content\/uploads\/2020\/03\/me-240x300.png","type":"","width":"","height":""}],"twitter_card":"summary_large_image","twitter_site":"@ilpixelmatto","twitter_misc":{"Tempo di lettura stimato":"4 minuti"},"schema":{"@context":"https:\/\/schema.org","@graph":[{"@type":"WebPage","@id":"https:\/\/ilpixelmatto.it\/blog\/about-me\/","url":"https:\/\/ilpixelmatto.it\/blog\/about-me\/","name":"About me, chi \u00e8 IlPixelMatto? Scoprilo subito! - IlPixelMatto","isPartOf":{"@id":"https:\/\/ilpixelmatto.it\/blog\/#website"},"primaryImageOfPage":{"@id":"https:\/\/ilpixelmatto.it\/blog\/about-me\/#primaryimage"},"image":{"@id":"https:\/\/ilpixelmatto.it\/blog\/about-me\/#primaryimage"},"thumbnailUrl":"https:\/\/ilpixelmatto.it\/blog\/wp-content\/uploads\/2020\/03\/me-240x300.png","datePublished":"2020-03-13T23:35:15+00:00","dateModified":"2021-11-17T11:27:36+00:00","description":"Chi \u00e8 IlPixelMatto? Mi presento, sono Riccardo, un appassionato di tecnologia, fotografia, gaming e cucina! Ho creato questo canale in tema Harry Potter!","breadcrumb":{"@id":"https:\/\/ilpixelmatto.it\/blog\/about-me\/#breadcrumb"},"inLanguage":"it-IT","potentialAction":[{"@type":"ReadAction","target":["https:\/\/ilpixelmatto.it\/blog\/about-me\/"]}]},{"@type":"ImageObject","inLanguage":"it-IT","@id":"https:\/\/ilpixelmatto.it\/blog\/about-me\/#primaryimage","url":"https:\/\/ilpixelmatto.it\/blog\/wp-content\/uploads\/2020\/03\/me-240x300.png","contentUrl":"https:\/\/ilpixelmatto.it\/blog\/wp-content\/uploads\/2020\/03\/me-240x300.png"},{"@type":"BreadcrumbList","@id":"https:\/\/ilpixelmatto.it\/blog\/about-me\/#breadcrumb","itemListElement":[{"@type":"ListItem","position":1,"name":"Home","item":"https:\/\/ilpixelmatto.it\/blog\/"},{"@type":"ListItem","position":2,"name":"About me"}]},{"@type":"WebSite","@id":"https:\/\/ilpixelmatto.it\/blog\/#website","url":"https:\/\/ilpixelmatto.it\/blog\/","name":"IlPixelMatto","description":"Harry Potter Hogwarts Mystery, fantascienza e tecnologia!","publisher":{"@id":"https:\/\/ilpixelmatto.it\/blog\/#organization"},"potentialAction":[{"@type":"SearchAction","target":{"@type":"EntryPoint","urlTemplate":"https:\/\/ilpixelmatto.it\/blog\/?s={search_term_string}"},"query-input":{"@type":"PropertyValueSpecification","valueRequired":true,"valueName":"search_term_string"}}],"inLanguage":"it-IT"},{"@type":"Organization","@id":"https:\/\/ilpixelmatto.it\/blog\/#organization","name":"IlPixelMatto","url":"https:\/\/ilpixelmatto.it\/blog\/","logo":{"@type":"ImageObject","inLanguage":"it-IT","@id":"https:\/\/ilpixelmatto.it\/blog\/#\/schema\/logo\/image\/","url":"https:\/\/ilpixelmatto.it\/blog\/wp-content\/uploads\/2020\/03\/final_icon_Tondo-e1584128588290.png","contentUrl":"https:\/\/ilpixelmatto.it\/blog\/wp-content\/uploads\/2020\/03\/final_icon_Tondo-e1584128588290.png","width":250,"height":250,"caption":"IlPixelMatto"},"image":{"@id":"https:\/\/ilpixelmatto.it\/blog\/#\/schema\/logo\/image\/"},"sameAs":["https:\/\/facebook.com\/ilpixelmatto","https:\/\/x.com\/ilpixelmatto","https:\/\/instagram.com\/ilpixelmatto2.0","https:\/\/www.youtube.com\/channel\/UCbpntaj_TeZpHu8d-aVr99w\/join"]}]}},"_links":{"self":[{"href":"https:\/\/ilpixelmatto.it\/blog\/wp-json\/wp\/v2\/pages\/77","targetHints":{"allow":["GET"]}}],"collection":[{"href":"https:\/\/ilpixelmatto.it\/blog\/wp-json\/wp\/v2\/pages"}],"about":[{"href":"https:\/\/ilpixelmatto.it\/blog\/wp-json\/wp\/v2\/types\/page"}],"author":[{"embeddable":true,"href":"https:\/\/ilpixelmatto.it\/blog\/wp-json\/wp\/v2\/users\/1"}],"replies":[{"embeddable":true,"href":"https:\/\/ilpixelmatto.it\/blog\/wp-json\/wp\/v2\/comments?post=77"}],"version-history":[{"count":20,"href":"https:\/\/ilpixelmatto.it\/blog\/wp-json\/wp\/v2\/pages\/77\/revisions"}],"predecessor-version":[{"id":2984,"href":"https:\/\/ilpixelmatto.it\/blog\/wp-json\/wp\/v2\/pages\/77\/revisions\/2984"}],"wp:attachment":[{"href":"https:\/\/ilpixelmatto.it\/blog\/wp-json\/wp\/v2\/media?parent=77"}],"curies":[{"name":"wp","href":"https:\/\/api.w.org\/{rel}","templated":true}]}}