{"id":91,"date":"2020-03-14T11:17:52","date_gmt":"2020-03-14T10:17:52","guid":{"rendered":"https:\/\/ilpixelmatto.it\/blog\/?page_id=91"},"modified":"2021-11-15T13:03:02","modified_gmt":"2021-11-15T12:03:02","slug":"price-for-event-boost-is-not-just-premium-currency","status":"publish","type":"page","link":"https:\/\/ilpixelmatto.it\/blog\/giochi-ilpixelmatto\/harry-potter-hogwarts-mystery\/price-for-event-boost-is-not-just-premium-currency\/","title":{"rendered":"Price for Event Boost is not just premium currency"},"content":{"rendered":"\n<blockquote class=\"wp-block-quote is-layout-flow wp-block-quote-is-layout-flow\"><p>  Se durante il gioco vi compare questo errore (Price for Event Boost is not just premium currency (PuffSkeinLookAModal.btnClose)), allora siete sulla pagina giusta!  <\/p><cite>IlPixelMatto<\/cite><\/blockquote>\n\n\n\n<h2 class=\"wp-block-heading\">La mod2 non si blocca pi\u00f9 con l&#8217;evento massimo dei voti!<\/h2>\n\n\n\n<p>Finalmente l&#8217;evento massimo dei voti non blocca pi\u00f9 la mod2,&nbsp;<strong>\u00e8 stato risolto il problema<\/strong>, quindi non apparir\u00e0 pi\u00f9 questo errore, ma se dovesse capitare c&#8217;\u00e8&nbsp;<strong><a href=\"https:\/\/ilpixelmatto.it\/blog\/giochi-ilpixelmatto\/harry-potter-hogwarts-mystery\/harry-potter-hogwarts-mystery-disattivare-la-mod-2\/\">un modo per disattivare<\/a><\/strong>&nbsp;la mod senza disinstallarla! Quindi le istruzioni seguenti valgono solo per la mod3 o se avete altre mod differenti che non sono aggiornate!<\/p>\n\n\n\n<h2 class=\"wp-block-heading\">Price for Event Boost is not just premium currency Come risolvere?<\/h2>\n\n\n\n<p>Se durante il gioco vi compare questo errore (Price for Event Boost is not just premium currency (PuffSkeinLookAModal.btnClose)), allora siete sulla pagina giusta! L&#8217;errore \u00e8 causato dal nuovo evento che hanno inserito all&#8217;interno del gioco!<\/p>\n\n\n\n<figure class=\"wp-block-image\"><img decoding=\"async\" src=\"https:\/\/ilpixelmatto.it\/blog\/wp-content\/uploads\/2020\/03\/nuovoEventoQuadrati-1024x576.jpg\" alt=\"Questa immagine ha l'attributo alt vuoto; il nome del file \u00e8 nuovoEventoQuadrati-1024x576.jpg\"\/><\/figure>\n\n\n\n<p> Come poter risolvere? E&#8217; presto detto!<\/p>\n\n\n\n<p>L&#8217;errore \u00e8 causato dal fatto che avete installato&nbsp;<a href=\"https:\/\/ilpixelmatto.it\/mod\">la mod di Harry Potter Hogwarts Mystery<\/a>! Putroppo in questa mod non hanno ancora inserito questo nuovo evento, quindi da problemi! Ma ecco il modo per risolvere, almeno temporaneamente, il problema!&nbsp;<strong>Vi ricordo che se non avete il gioco collegato a Facebook allora perderete il salvataggio!<\/strong><\/p>\n\n\n\n<h2 class=\"wp-block-heading\">Ecco il video che spiega come risolvere<\/h2>\n\n\n\n<p>Se non avete voglia o non capite come fare, ho creato un video apposta che vi spiega passo passo come fare per risolvere l&#8217;errore della mod! Altrimenti potete tranguillamente utilizzare le istruzioni qui sotto!<\/p>\n\n\n\n<figure class=\"wp-block-embed-youtube wp-block-embed is-type-video is-provider-youtube wp-embed-aspect-16-9 wp-has-aspect-ratio\"><div class=\"wp-block-embed__wrapper\">\n<iframe loading=\"lazy\" title=\"Price for Event Boost is not just premium currency - Errore MOD Hogwarts Mystery\" width=\"1140\" height=\"641\" src=\"https:\/\/www.youtube.com\/embed\/XnArsTQ0xzo?feature=oembed\" frameborder=\"0\" allow=\"accelerometer; autoplay; clipboard-write; encrypted-media; gyroscope; picture-in-picture\" allowfullscreen><\/iframe>\n<\/div><\/figure>\n\n\n\n<p> 1. Scaricate la versione originale e andate nel dormitorio dove ci sono gli animali<br>2. Installate nuovamente la mod e prendetevi un sacco di energia (ma dovete restare in questa stanza), ricordate, ogni volta che avete bisogno di energia, dovrete fare questi passaggi.<br>3. Tornate pure all&#8217;originale e godetevi l&#8217;energia!Paragrafo<\/p>\n\n\n\n<p>Purtroppo non potrete usare liberamente la mod finch\u00e9 non finir\u00e0 questo evento! Una volta che terminer\u00e0 l&#8217;evento e non ne uscir\u00e0 uno nuovo della stessa categoria, allora potrete usare tranquillamente&nbsp;<a href=\"https:\/\/ilpixelmatto.it\/mod\">la versione moddata<\/a>!<br>Vi ricordo inoltre che la mod NON funzioner\u00e0 finch\u00e8 non ritirate il premio di fine evento, oppure che sia passata la durata di tutto l&#8217;evento successivo a quello che blocca la mod! <br><\/p>\n","protected":false},"excerpt":{"rendered":"<p>Se durante il gioco vi compare questo errore (Price for Event Boost is not just premium currency (PuffSkeinLookAModal.btnClose)), allora siete&hellip; <a class=\"read-more\" href=\"https:\/\/ilpixelmatto.it\/blog\/giochi-ilpixelmatto\/harry-potter-hogwarts-mystery\/price-for-event-boost-is-not-just-premium-currency\/\">Continua a leggere<\/a><\/p>\n","protected":false},"author":1,"featured_media":66,"parent":131,"menu_order":0,"comment_status":"open","ping_status":"closed","template":"","meta":{"wprm-recipe-roundup-name":"","wprm-recipe-roundup-description":"","footnotes":""},"class_list":["post-91","page","type-page","status-publish","has-post-thumbnail","hentry"],"yoast_head":"<!-- This site is optimized with the Yoast SEO plugin v27.6 - https:\/\/yoast.com\/product\/yoast-seo-wordpress\/ -->\n<title>Price for Event Boost is not just premium currency - IlPixelMatto<\/title>\n<meta name=\"description\" content=\"Se ti compare questo errore (Price for Event Boost is not just premium currency (PuffSkeinLookAModal.btnClose)), allora seisulla pagina giusta!\" \/>\n<meta name=\"robots\" content=\"index, follow, max-snippet:-1, max-image-preview:large, max-video-preview:-1\" \/>\n<link rel=\"canonical\" href=\"https:\/\/ilpixelmatto.it\/blog\/giochi-ilpixelmatto\/harry-potter-hogwarts-mystery\/price-for-event-boost-is-not-just-premium-currency\/\" \/>\n<meta property=\"og:locale\" content=\"it_IT\" \/>\n<meta property=\"og:type\" content=\"article\" \/>\n<meta property=\"og:title\" content=\"Price for Event Boost is not just premium currency - IlPixelMatto\" \/>\n<meta property=\"og:description\" content=\"Se ti compare questo errore (Price for Event Boost is not just premium currency (PuffSkeinLookAModal.btnClose)), allora seisulla pagina giusta!\" \/>\n<meta property=\"og:url\" content=\"https:\/\/ilpixelmatto.it\/blog\/giochi-ilpixelmatto\/harry-potter-hogwarts-mystery\/price-for-event-boost-is-not-just-premium-currency\/\" \/>\n<meta property=\"og:site_name\" content=\"IlPixelMatto\" \/>\n<meta property=\"article:publisher\" content=\"https:\/\/facebook.com\/ilpixelmatto\" \/>\n<meta property=\"article:modified_time\" content=\"2021-11-15T12:03:02+00:00\" \/>\n<meta property=\"og:image\" content=\"https:\/\/ilpixelmatto.it\/blog\/wp-content\/uploads\/2020\/03\/erroreNuovoEvento.jpg\" \/>\n\t<meta property=\"og:image:width\" content=\"1280\" \/>\n\t<meta property=\"og:image:height\" content=\"640\" \/>\n\t<meta property=\"og:image:type\" content=\"image\/jpeg\" \/>\n<meta name=\"twitter:card\" content=\"summary_large_image\" \/>\n<meta name=\"twitter:site\" content=\"@ilpixelmatto\" \/>\n<meta name=\"twitter:label1\" content=\"Tempo di lettura stimato\" \/>\n\t<meta name=\"twitter:data1\" content=\"2 minuti\" \/>\n<script type=\"application\/ld+json\" class=\"yoast-schema-graph\">{\"@context\":\"https:\\\/\\\/schema.org\",\"@graph\":[{\"@type\":\"WebPage\",\"@id\":\"https:\\\/\\\/ilpixelmatto.it\\\/blog\\\/giochi-ilpixelmatto\\\/harry-potter-hogwarts-mystery\\\/price-for-event-boost-is-not-just-premium-currency\\\/\",\"url\":\"https:\\\/\\\/ilpixelmatto.it\\\/blog\\\/giochi-ilpixelmatto\\\/harry-potter-hogwarts-mystery\\\/price-for-event-boost-is-not-just-premium-currency\\\/\",\"name\":\"Price for Event Boost is not just premium currency - IlPixelMatto\",\"isPartOf\":{\"@id\":\"https:\\\/\\\/ilpixelmatto.it\\\/blog\\\/#website\"},\"primaryImageOfPage\":{\"@id\":\"https:\\\/\\\/ilpixelmatto.it\\\/blog\\\/giochi-ilpixelmatto\\\/harry-potter-hogwarts-mystery\\\/price-for-event-boost-is-not-just-premium-currency\\\/#primaryimage\"},\"image\":{\"@id\":\"https:\\\/\\\/ilpixelmatto.it\\\/blog\\\/giochi-ilpixelmatto\\\/harry-potter-hogwarts-mystery\\\/price-for-event-boost-is-not-just-premium-currency\\\/#primaryimage\"},\"thumbnailUrl\":\"https:\\\/\\\/ilpixelmatto.it\\\/blog\\\/wp-content\\\/uploads\\\/2020\\\/03\\\/erroreNuovoEvento.jpg\",\"datePublished\":\"2020-03-14T10:17:52+00:00\",\"dateModified\":\"2021-11-15T12:03:02+00:00\",\"description\":\"Se ti compare questo errore (Price for Event Boost is not just premium currency (PuffSkeinLookAModal.btnClose)), allora seisulla pagina giusta!\",\"breadcrumb\":{\"@id\":\"https:\\\/\\\/ilpixelmatto.it\\\/blog\\\/giochi-ilpixelmatto\\\/harry-potter-hogwarts-mystery\\\/price-for-event-boost-is-not-just-premium-currency\\\/#breadcrumb\"},\"inLanguage\":\"it-IT\",\"potentialAction\":[{\"@type\":\"ReadAction\",\"target\":[\"https:\\\/\\\/ilpixelmatto.it\\\/blog\\\/giochi-ilpixelmatto\\\/harry-potter-hogwarts-mystery\\\/price-for-event-boost-is-not-just-premium-currency\\\/\"]}]},{\"@type\":\"ImageObject\",\"inLanguage\":\"it-IT\",\"@id\":\"https:\\\/\\\/ilpixelmatto.it\\\/blog\\\/giochi-ilpixelmatto\\\/harry-potter-hogwarts-mystery\\\/price-for-event-boost-is-not-just-premium-currency\\\/#primaryimage\",\"url\":\"https:\\\/\\\/ilpixelmatto.it\\\/blog\\\/wp-content\\\/uploads\\\/2020\\\/03\\\/erroreNuovoEvento.jpg\",\"contentUrl\":\"https:\\\/\\\/ilpixelmatto.it\\\/blog\\\/wp-content\\\/uploads\\\/2020\\\/03\\\/erroreNuovoEvento.jpg\",\"width\":1280,\"height\":640,\"caption\":\"price for event boost\"},{\"@type\":\"BreadcrumbList\",\"@id\":\"https:\\\/\\\/ilpixelmatto.it\\\/blog\\\/giochi-ilpixelmatto\\\/harry-potter-hogwarts-mystery\\\/price-for-event-boost-is-not-just-premium-currency\\\/#breadcrumb\",\"itemListElement\":[{\"@type\":\"ListItem\",\"position\":1,\"name\":\"Home\",\"item\":\"https:\\\/\\\/ilpixelmatto.it\\\/blog\\\/\"},{\"@type\":\"ListItem\",\"position\":2,\"name\":\"Giochi che IlPixelMatto porta\",\"item\":\"https:\\\/\\\/ilpixelmatto.it\\\/blog\\\/giochi-ilpixelmatto\\\/\"},{\"@type\":\"ListItem\",\"position\":3,\"name\":\"Harry Potter Hogwarts Mystery il gioco\",\"item\":\"https:\\\/\\\/ilpixelmatto.it\\\/blog\\\/giochi-ilpixelmatto\\\/harry-potter-hogwarts-mystery\\\/\"},{\"@type\":\"ListItem\",\"position\":4,\"name\":\"Price for Event Boost is not just premium currency\"}]},{\"@type\":\"WebSite\",\"@id\":\"https:\\\/\\\/ilpixelmatto.it\\\/blog\\\/#website\",\"url\":\"https:\\\/\\\/ilpixelmatto.it\\\/blog\\\/\",\"name\":\"IlPixelMatto\",\"description\":\"Harry Potter Hogwarts Mystery, fantascienza e tecnologia!\",\"publisher\":{\"@id\":\"https:\\\/\\\/ilpixelmatto.it\\\/blog\\\/#organization\"},\"potentialAction\":[{\"@type\":\"SearchAction\",\"target\":{\"@type\":\"EntryPoint\",\"urlTemplate\":\"https:\\\/\\\/ilpixelmatto.it\\\/blog\\\/?s={search_term_string}\"},\"query-input\":{\"@type\":\"PropertyValueSpecification\",\"valueRequired\":true,\"valueName\":\"search_term_string\"}}],\"inLanguage\":\"it-IT\"},{\"@type\":\"Organization\",\"@id\":\"https:\\\/\\\/ilpixelmatto.it\\\/blog\\\/#organization\",\"name\":\"IlPixelMatto\",\"url\":\"https:\\\/\\\/ilpixelmatto.it\\\/blog\\\/\",\"logo\":{\"@type\":\"ImageObject\",\"inLanguage\":\"it-IT\",\"@id\":\"https:\\\/\\\/ilpixelmatto.it\\\/blog\\\/#\\\/schema\\\/logo\\\/image\\\/\",\"url\":\"https:\\\/\\\/ilpixelmatto.it\\\/blog\\\/wp-content\\\/uploads\\\/2020\\\/03\\\/final_icon_Tondo-e1584128588290.png\",\"contentUrl\":\"https:\\\/\\\/ilpixelmatto.it\\\/blog\\\/wp-content\\\/uploads\\\/2020\\\/03\\\/final_icon_Tondo-e1584128588290.png\",\"width\":250,\"height\":250,\"caption\":\"IlPixelMatto\"},\"image\":{\"@id\":\"https:\\\/\\\/ilpixelmatto.it\\\/blog\\\/#\\\/schema\\\/logo\\\/image\\\/\"},\"sameAs\":[\"https:\\\/\\\/facebook.com\\\/ilpixelmatto\",\"https:\\\/\\\/x.com\\\/ilpixelmatto\",\"https:\\\/\\\/instagram.com\\\/ilpixelmatto2.0\",\"https:\\\/\\\/www.youtube.com\\\/channel\\\/UCbpntaj_TeZpHu8d-aVr99w\\\/join\"]}]}<\/script>\n<!-- \/ Yoast SEO plugin. -->","yoast_head_json":{"title":"Price for Event Boost is not just premium currency - IlPixelMatto","description":"Se ti compare questo errore (Price for Event Boost is not just premium currency (PuffSkeinLookAModal.btnClose)), allora seisulla pagina giusta!","robots":{"index":"index","follow":"follow","max-snippet":"max-snippet:-1","max-image-preview":"max-image-preview:large","max-video-preview":"max-video-preview:-1"},"canonical":"https:\/\/ilpixelmatto.it\/blog\/giochi-ilpixelmatto\/harry-potter-hogwarts-mystery\/price-for-event-boost-is-not-just-premium-currency\/","og_locale":"it_IT","og_type":"article","og_title":"Price for Event Boost is not just premium currency - IlPixelMatto","og_description":"Se ti compare questo errore (Price for Event Boost is not just premium currency (PuffSkeinLookAModal.btnClose)), allora seisulla pagina giusta!","og_url":"https:\/\/ilpixelmatto.it\/blog\/giochi-ilpixelmatto\/harry-potter-hogwarts-mystery\/price-for-event-boost-is-not-just-premium-currency\/","og_site_name":"IlPixelMatto","article_publisher":"https:\/\/facebook.com\/ilpixelmatto","article_modified_time":"2021-11-15T12:03:02+00:00","og_image":[{"width":1280,"height":640,"url":"https:\/\/ilpixelmatto.it\/blog\/wp-content\/uploads\/2020\/03\/erroreNuovoEvento.jpg","type":"image\/jpeg"}],"twitter_card":"summary_large_image","twitter_site":"@ilpixelmatto","twitter_misc":{"Tempo di lettura stimato":"2 minuti"},"schema":{"@context":"https:\/\/schema.org","@graph":[{"@type":"WebPage","@id":"https:\/\/ilpixelmatto.it\/blog\/giochi-ilpixelmatto\/harry-potter-hogwarts-mystery\/price-for-event-boost-is-not-just-premium-currency\/","url":"https:\/\/ilpixelmatto.it\/blog\/giochi-ilpixelmatto\/harry-potter-hogwarts-mystery\/price-for-event-boost-is-not-just-premium-currency\/","name":"Price for Event Boost is not just premium currency - IlPixelMatto","isPartOf":{"@id":"https:\/\/ilpixelmatto.it\/blog\/#website"},"primaryImageOfPage":{"@id":"https:\/\/ilpixelmatto.it\/blog\/giochi-ilpixelmatto\/harry-potter-hogwarts-mystery\/price-for-event-boost-is-not-just-premium-currency\/#primaryimage"},"image":{"@id":"https:\/\/ilpixelmatto.it\/blog\/giochi-ilpixelmatto\/harry-potter-hogwarts-mystery\/price-for-event-boost-is-not-just-premium-currency\/#primaryimage"},"thumbnailUrl":"https:\/\/ilpixelmatto.it\/blog\/wp-content\/uploads\/2020\/03\/erroreNuovoEvento.jpg","datePublished":"2020-03-14T10:17:52+00:00","dateModified":"2021-11-15T12:03:02+00:00","description":"Se ti compare questo errore (Price for Event Boost is not just premium currency (PuffSkeinLookAModal.btnClose)), allora seisulla pagina giusta!","breadcrumb":{"@id":"https:\/\/ilpixelmatto.it\/blog\/giochi-ilpixelmatto\/harry-potter-hogwarts-mystery\/price-for-event-boost-is-not-just-premium-currency\/#breadcrumb"},"inLanguage":"it-IT","potentialAction":[{"@type":"ReadAction","target":["https:\/\/ilpixelmatto.it\/blog\/giochi-ilpixelmatto\/harry-potter-hogwarts-mystery\/price-for-event-boost-is-not-just-premium-currency\/"]}]},{"@type":"ImageObject","inLanguage":"it-IT","@id":"https:\/\/ilpixelmatto.it\/blog\/giochi-ilpixelmatto\/harry-potter-hogwarts-mystery\/price-for-event-boost-is-not-just-premium-currency\/#primaryimage","url":"https:\/\/ilpixelmatto.it\/blog\/wp-content\/uploads\/2020\/03\/erroreNuovoEvento.jpg","contentUrl":"https:\/\/ilpixelmatto.it\/blog\/wp-content\/uploads\/2020\/03\/erroreNuovoEvento.jpg","width":1280,"height":640,"caption":"price for event boost"},{"@type":"BreadcrumbList","@id":"https:\/\/ilpixelmatto.it\/blog\/giochi-ilpixelmatto\/harry-potter-hogwarts-mystery\/price-for-event-boost-is-not-just-premium-currency\/#breadcrumb","itemListElement":[{"@type":"ListItem","position":1,"name":"Home","item":"https:\/\/ilpixelmatto.it\/blog\/"},{"@type":"ListItem","position":2,"name":"Giochi che IlPixelMatto porta","item":"https:\/\/ilpixelmatto.it\/blog\/giochi-ilpixelmatto\/"},{"@type":"ListItem","position":3,"name":"Harry Potter Hogwarts Mystery il gioco","item":"https:\/\/ilpixelmatto.it\/blog\/giochi-ilpixelmatto\/harry-potter-hogwarts-mystery\/"},{"@type":"ListItem","position":4,"name":"Price for Event Boost is not just premium currency"}]},{"@type":"WebSite","@id":"https:\/\/ilpixelmatto.it\/blog\/#website","url":"https:\/\/ilpixelmatto.it\/blog\/","name":"IlPixelMatto","description":"Harry Potter Hogwarts Mystery, fantascienza e tecnologia!","publisher":{"@id":"https:\/\/ilpixelmatto.it\/blog\/#organization"},"potentialAction":[{"@type":"SearchAction","target":{"@type":"EntryPoint","urlTemplate":"https:\/\/ilpixelmatto.it\/blog\/?s={search_term_string}"},"query-input":{"@type":"PropertyValueSpecification","valueRequired":true,"valueName":"search_term_string"}}],"inLanguage":"it-IT"},{"@type":"Organization","@id":"https:\/\/ilpixelmatto.it\/blog\/#organization","name":"IlPixelMatto","url":"https:\/\/ilpixelmatto.it\/blog\/","logo":{"@type":"ImageObject","inLanguage":"it-IT","@id":"https:\/\/ilpixelmatto.it\/blog\/#\/schema\/logo\/image\/","url":"https:\/\/ilpixelmatto.it\/blog\/wp-content\/uploads\/2020\/03\/final_icon_Tondo-e1584128588290.png","contentUrl":"https:\/\/ilpixelmatto.it\/blog\/wp-content\/uploads\/2020\/03\/final_icon_Tondo-e1584128588290.png","width":250,"height":250,"caption":"IlPixelMatto"},"image":{"@id":"https:\/\/ilpixelmatto.it\/blog\/#\/schema\/logo\/image\/"},"sameAs":["https:\/\/facebook.com\/ilpixelmatto","https:\/\/x.com\/ilpixelmatto","https:\/\/instagram.com\/ilpixelmatto2.0","https:\/\/www.youtube.com\/channel\/UCbpntaj_TeZpHu8d-aVr99w\/join"]}]}},"_links":{"self":[{"href":"https:\/\/ilpixelmatto.it\/blog\/wp-json\/wp\/v2\/pages\/91","targetHints":{"allow":["GET"]}}],"collection":[{"href":"https:\/\/ilpixelmatto.it\/blog\/wp-json\/wp\/v2\/pages"}],"about":[{"href":"https:\/\/ilpixelmatto.it\/blog\/wp-json\/wp\/v2\/types\/page"}],"author":[{"embeddable":true,"href":"https:\/\/ilpixelmatto.it\/blog\/wp-json\/wp\/v2\/users\/1"}],"replies":[{"embeddable":true,"href":"https:\/\/ilpixelmatto.it\/blog\/wp-json\/wp\/v2\/comments?post=91"}],"version-history":[{"count":14,"href":"https:\/\/ilpixelmatto.it\/blog\/wp-json\/wp\/v2\/pages\/91\/revisions"}],"predecessor-version":[{"id":2971,"href":"https:\/\/ilpixelmatto.it\/blog\/wp-json\/wp\/v2\/pages\/91\/revisions\/2971"}],"up":[{"embeddable":true,"href":"https:\/\/ilpixelmatto.it\/blog\/wp-json\/wp\/v2\/pages\/131"}],"wp:featuredmedia":[{"embeddable":true,"href":"https:\/\/ilpixelmatto.it\/blog\/wp-json\/wp\/v2\/media\/66"}],"wp:attachment":[{"href":"https:\/\/ilpixelmatto.it\/blog\/wp-json\/wp\/v2\/media?parent=91"}],"curies":[{"name":"wp","href":"https:\/\/api.w.org\/{rel}","templated":true}]}}